{"id":7114,"date":"2023-06-27T08:56:09","date_gmt":"2023-06-27T08:56:09","guid":{"rendered":"https:\/\/veda.polac.cz\/?page_id=7114"},"modified":"2023-06-27T08:56:10","modified_gmt":"2023-06-27T08:56:10","slug":"7114-2","status":"publish","type":"page","link":"https:\/\/veda.polac.cz\/?page_id=7114","title":{"rendered":""},"content":{"rendered":"<p style=\"text-align: center;\">Resum\u00e9 \u010dl\u00e1nku<\/p>\n<p><strong>Mo\u017enosti zefektivn\u011bn\u00ed spolupr\u00e1ce bezpe\u010dnostn\u00edch sbor\u016f v\u00a0r\u00e1mci spr\u00e1vy hranic<\/strong><\/p>\n<p><em>JUDr. Monika Weber, Mezin\u00e1rodn\u00ed centrum pro rozvoj migra\u010dn\u00ed politiky, odborn\u00fd poradce, V\u00edde\u0148, Rakousko<\/em><\/p>\n<p>St\u00e1tn\u00ed hranice definuj\u00ed vnit\u0159n\u00ed \u00fazem\u00ed ka\u017ed\u00e9ho st\u00e1tu. Zahrnuj\u00ed suchozemsk\u00fd prostor, (zelen\u00e1 nebo pozemn\u00ed hranice), d\u00e1le vzdu\u0161n\u00fd prostor (vzdu\u0161n\u00e1 hranice) a\u00a0plochu vnit\u0159n\u00edch a pob\u0159e\u017en\u00edch vod (modr\u00e1 hranice). Ka\u017edou takovou hranici lze p\u0159ekro\u010dit jen na m\u00edstech k\u00a0tomu ur\u010den\u00fdch a ozna\u010den\u00fdch, na hrani\u010dn\u00edch p\u0159echodech. Evropskou v\u00fdjimkou je tzv. vnit\u0159n\u00ed schengensk\u00e1 hranice, na n\u00ed\u017e je mo\u017en\u00e9 nekontrolovan\u011b p\u0159ekra\u010dovat st\u00e1tn\u00ed hranice v\u00a0r\u00e1mci zvl\u00e1\u0161tn\u00edho re\u017eimu v\u00a0ka\u017ed\u00e9m m\u00edst\u011b, pokud to nen\u00ed p\u0159\u00edmo zak\u00e1z\u00e1no. Ka\u017ed\u00e1 zem\u011b Schengensk\u00e9 smlouvy v\u0161ak m\u016f\u017ee v\u00a0p\u0159\u00edpad\u011b pot\u0159eby do\u010dasn\u011b obnovit hrani\u010dn\u00ed kontroly na sv\u00fdch vnit\u0159n\u00edch hranic\u00edch ze\u00a0z\u00e1konem dan\u00e9ho d\u016fvodu. \u010clensk\u00e9 st\u00e1ty EU implementuj\u00ed koncept Integrovan\u00e9 spr\u00e1vy hranic (IBM), kter\u00fd m\u00e1 za c\u00edl zabezpe\u010dit otev\u0159en\u00e9 st\u00e1tn\u00ed hranice pro rychl\u00fd a\u00a0nekomplikovan\u00fd migra\u010dn\u00ed tok a usnadn\u011bn\u00ed obchodu zbo\u017e\u00ed, ale z\u00e1rove\u0148 zabezpe\u010dit bezpe\u010dnost. Tento \u010dl\u00e1nek se v\u011bnuje pr\u00e1v\u011b IBM, implementaci strategi\u00ed prost\u0159ednictv\u00edm jej\u00edch ak\u010dn\u00edch pl\u00e1n\u016f, zejm\u00e9na v\u00a0\u010cR. Do spr\u00e1vy hranic je zapojeno n\u011bkolik st\u00e1tn\u00edch i\u00a0civiln\u00edch subjekt\u016f a jejich efektivn\u00ed spolupr\u00e1ce je st\u011b\u017eejn\u00ed pro zabezpe\u010den\u00ed otev\u0159en\u00fdch, av\u0161ak bezpe\u010dn\u00fdch hranic. P\u0159i zpracov\u00e1n\u00ed \u010dl\u00e1nku autorka vyu\u017eila zejm\u00e9na v\u00fdzkumn\u00fdch metod, jako je sekund\u00e1rn\u00ed anal\u00fdza odborn\u00fdch studi\u00ed \u0159e\u0161\u00edc\u00ed danou problematiku, ale i\u00a0empirick\u00e1 \u0161et\u0159en\u00ed. V\u00fdzkumn\u00fd projekt vych\u00e1z\u00ed z\u00a0dotazn\u00edkov\u00e9ho \u0161et\u0159en\u00ed a z\u00a0proveden\u00fdch expertn\u00edch \u0159\u00edzen\u00fdch rozhovor\u016f a jejich \u0159\u00e1dn\u00e9ho vyhodnocen\u00ed na z\u00e1klad\u011b SWOT anal\u00fdzy. P\u0159\u00ednosem \u010dl\u00e1nku je poskytnut\u00ed relativn\u011b ucelen\u00e9ho a\u00a0aktu\u00e1ln\u00edho vzhledu do problematiky intergrovan\u00e9 spr\u00e1vy hranic, kter\u00e1 za posledn\u00ed roky \u010del\u00ed \u0159ad\u011b v\u00fdzev jako jsou migra\u010dn\u00ed krize, pandemie COVID-19 nebo rusk\u00e1 invaze na Ukrajinu. Empirick\u00e1 \u0161et\u0159en\u00ed formou \u0159\u00edzen\u00fdch rozhovor\u016f se zku\u0161en\u00fdmi odborn\u00edky jak z\u00a0\u010cR, tak ze zahrani\u010d\u00ed umo\u017enilo autorce vytvo\u0159it specifick\u00fd soupis siln\u00fdch a slab\u00fdch str\u00e1nek implementace integrovan\u00e9 spr\u00e1vy hranic, ale z\u00e1rove\u0148 pouk\u00e1zat na rizika a\u00a0vyty\u010dit mo\u017enosti zefektivn\u011bn\u00ed a zkvalitn\u011bn\u00ed spr\u00e1vy hranic p\u0159i zabezpe\u010dov\u00e1n\u00ed bezpe\u010dnosti st\u00e1tu. Konkr\u00e9tn\u00edm v\u00fdsledn\u00fdm produktem v\u00fdzkumn\u00e9 \u010dinnosti autorky jsou jej\u00ed doporu\u010den\u00ed, kter\u00e1 zam\u011b\u0159uj\u00ed dal\u0161\u00ed teoretick\u00fd v\u00fdzkum, ale i vzd\u011bl\u00e1vac\u00ed \u010dinnosti v\u00a0t\u00e9to problematice<\/p>\n<p><strong>Kl\u00ed\u010dov\u00e1 slova:<\/strong> Spr\u00e1va hranic, Integrovan\u00e1 spr\u00e1va hranic, mezin\u00e1rodn\u00ed spolupr\u00e1ce, migrace<\/p>\n<hr \/>\n<p><a href=\"https:\/\/veda.polac.cz\/?page_id=7101\">Zp\u011bt<\/a><\/p>\n<h1><\/h1>\n","protected":false},"excerpt":{"rendered":"<p>Resum\u00e9 \u010dl\u00e1nku Mo\u017enosti zefektivn\u011bn\u00ed spolupr\u00e1ce bezpe\u010dnostn\u00edch sbor\u016f v\u00a0r\u00e1mci spr\u00e1vy hranic JUDr. Monika Weber, Mezin\u00e1rodn\u00ed centrum pro rozvoj migra\u010dn\u00ed politiky, odborn\u00fd poradce, V\u00edde\u0148, Rakousko St\u00e1tn\u00ed hranice definuj\u00ed vnit\u0159n\u00ed \u00fazem\u00ed ka\u017ed\u00e9ho st\u00e1tu. Zahrnuj\u00ed suchozemsk\u00fd prostor, (zelen\u00e1 nebo pozemn\u00ed hranice), d\u00e1le vzdu\u0161n\u00fd prostor (vzdu\u0161n\u00e1 hranice) a\u00a0plochu vnit\u0159n\u00edch a pob\u0159e\u017en\u00edch vod (modr\u00e1 hranice). Ka\u017edou takovou hranici lze p\u0159ekro\u010dit jen [&hellip;]<\/p>\n","protected":false},"author":6,"featured_media":0,"parent":0,"menu_order":0,"comment_status":"closed","ping_status":"closed","template":"","meta":{"footnotes":""},"class_list":["post-7114","page","type-page","status-publish","hentry"],"_links":{"self":[{"href":"https:\/\/veda.polac.cz\/index.php?rest_route=\/wp\/v2\/pages\/7114","targetHints":{"allow":["GET"]}}],"collection":[{"href":"https:\/\/veda.polac.cz\/index.php?rest_route=\/wp\/v2\/pages"}],"about":[{"href":"https:\/\/veda.polac.cz\/index.php?rest_route=\/wp\/v2\/types\/page"}],"author":[{"embeddable":true,"href":"https:\/\/veda.polac.cz\/index.php?rest_route=\/wp\/v2\/users\/6"}],"replies":[{"embeddable":true,"href":"https:\/\/veda.polac.cz\/index.php?rest_route=%2Fwp%2Fv2%2Fcomments&post=7114"}],"version-history":[{"count":1,"href":"https:\/\/veda.polac.cz\/index.php?rest_route=\/wp\/v2\/pages\/7114\/revisions"}],"predecessor-version":[{"id":7115,"href":"https:\/\/veda.polac.cz\/index.php?rest_route=\/wp\/v2\/pages\/7114\/revisions\/7115"}],"wp:attachment":[{"href":"https:\/\/veda.polac.cz\/index.php?rest_route=%2Fwp%2Fv2%2Fmedia&parent=7114"}],"curies":[{"name":"wp","href":"https:\/\/api.w.org\/{rel}","templated":true}]}}