{"id":7111,"date":"2023-06-27T08:48:48","date_gmt":"2023-06-27T08:48:48","guid":{"rendered":"https:\/\/veda.polac.cz\/?page_id=7111"},"modified":"2023-06-27T08:48:49","modified_gmt":"2023-06-27T08:48:49","slug":"7111-2","status":"publish","type":"page","link":"https:\/\/veda.polac.cz\/?page_id=7111","title":{"rendered":""},"content":{"rendered":"<p style=\"text-align: center;\">Resum\u00e9 \u010dl\u00e1nku<\/p>\n<p><strong>V\u00e1lka na Ukrajin\u011b z\u00a0pohledu geopolitiky<\/strong><\/p>\n<p><em>doc. Ing. Dr. \u0160tefan Danics, PhD., Policejn\u00ed akademie \u010cesk\u00e9 republiky v\u00a0Praze, Fakulta bezpe\u010dnostn\u00edho managementu, katedra bezpe\u010dnostn\u00edch studi\u00ed<\/em><\/p>\n<p>\u010cl\u00e1nek analyzuje v\u00e1lku na Ukrajin\u011b z\u00a0geopolitick\u00e9ho pohledu, proto\u017ee v\u00a0mezin\u00e1rodn\u00ed politice se zase prosazuj\u00ed n\u00e1rodn\u00ed z\u00e1jmy a mocensk\u00fd kalkul. Na Ukrajin\u011b se nebojuje o Ukrajinu, neb v\u00e1lka m\u00e1 glob\u00e1ln\u00ed souvislosti v\u00a0r\u00e1mci nov\u00e9ho soupe\u0159en\u00ed mezi sv\u011btov\u00fdmi mocnostmi o \u00fazem\u00ed, mo\u0159e a suroviny pro ob\u017eivu obyvatel. \u0160ir\u0161\u00ed geopolitick\u00e9 souvislosti umo\u017e\u0148uj\u00ed zmapovat nejen z\u00e1jmy Ruska, ale i USA v\u00a0tomto prostoru, proto\u017ee ob\u011b mocnosti se sna\u017e\u00ed vt\u00e1hnout Ukrajinu do sf\u00e9ry sv\u00e9ho vlivu, co\u017e m\u00e1 z\u00e1sadn\u00ed bezpe\u010dnostn\u00ed v\u00fdznam. Nav\u00edc Rusko se sna\u017e\u00ed realizovat imperi\u00e1ln\u00ed geopolitick\u00e9 ambice na z\u00e1klad\u011b revizionistick\u00e9 strategie, kter\u00e1 nev\u00e1h\u00e1 nasadit i\u00a0vojenskou s\u00edlu. \u010cl\u00e1nek vyhodnocuje geopolitick\u00e9 dopady rusk\u00e9 agresivn\u00ed revizionistick\u00e9 politiky ve vztahu ke sv\u011btov\u00fdm akt\u00e9r\u016fm, ale i ve vztahu ke st\u00e1vaj\u00edc\u00edmu mezin\u00e1rodn\u00edmu \u0159\u00e1du a bezpe\u010dnostn\u00ed architektu\u0159e.<\/p>\n<p><strong>Kl\u00ed\u010dov\u00e1 slova:<\/strong> V\u00e1lka na Ukrajin\u011b, n\u00e1vrat geopolitiky, geopolitick\u00e9 ambice, sf\u00e9ry vlivu, \u017eivotn\u00ed prostor, vojensk\u00e9 geografick\u00e9 kle\u0161t\u011b, rusk\u00e1 revizionistick\u00e1 strategie.<\/p>\n<hr \/>\n<p><a href=\"https:\/\/veda.polac.cz\/?page_id=7101\">Zp\u011bt<\/a><\/p>\n","protected":false},"excerpt":{"rendered":"<p>Resum\u00e9 \u010dl\u00e1nku V\u00e1lka na Ukrajin\u011b z\u00a0pohledu geopolitiky doc. Ing. Dr. \u0160tefan Danics, PhD., Policejn\u00ed akademie \u010cesk\u00e9 republiky v\u00a0Praze, Fakulta bezpe\u010dnostn\u00edho managementu, katedra bezpe\u010dnostn\u00edch studi\u00ed \u010cl\u00e1nek analyzuje v\u00e1lku na Ukrajin\u011b z\u00a0geopolitick\u00e9ho pohledu, proto\u017ee v\u00a0mezin\u00e1rodn\u00ed politice se zase prosazuj\u00ed n\u00e1rodn\u00ed z\u00e1jmy a mocensk\u00fd kalkul. Na Ukrajin\u011b se nebojuje o Ukrajinu, neb v\u00e1lka m\u00e1 glob\u00e1ln\u00ed souvislosti v\u00a0r\u00e1mci nov\u00e9ho [&hellip;]<\/p>\n","protected":false},"author":6,"featured_media":0,"parent":0,"menu_order":0,"comment_status":"closed","ping_status":"closed","template":"","meta":{"footnotes":""},"class_list":["post-7111","page","type-page","status-publish","hentry"],"_links":{"self":[{"href":"https:\/\/veda.polac.cz\/index.php?rest_route=\/wp\/v2\/pages\/7111","targetHints":{"allow":["GET"]}}],"collection":[{"href":"https:\/\/veda.polac.cz\/index.php?rest_route=\/wp\/v2\/pages"}],"about":[{"href":"https:\/\/veda.polac.cz\/index.php?rest_route=\/wp\/v2\/types\/page"}],"author":[{"embeddable":true,"href":"https:\/\/veda.polac.cz\/index.php?rest_route=\/wp\/v2\/users\/6"}],"replies":[{"embeddable":true,"href":"https:\/\/veda.polac.cz\/index.php?rest_route=%2Fwp%2Fv2%2Fcomments&post=7111"}],"version-history":[{"count":1,"href":"https:\/\/veda.polac.cz\/index.php?rest_route=\/wp\/v2\/pages\/7111\/revisions"}],"predecessor-version":[{"id":7113,"href":"https:\/\/veda.polac.cz\/index.php?rest_route=\/wp\/v2\/pages\/7111\/revisions\/7113"}],"wp:attachment":[{"href":"https:\/\/veda.polac.cz\/index.php?rest_route=%2Fwp%2Fv2%2Fmedia&parent=7111"}],"curies":[{"name":"wp","href":"https:\/\/api.w.org\/{rel}","templated":true}]}}