{"id":7109,"date":"2023-06-27T08:46:20","date_gmt":"2023-06-27T08:46:20","guid":{"rendered":"https:\/\/veda.polac.cz\/?page_id=7109"},"modified":"2023-06-27T08:46:21","modified_gmt":"2023-06-27T08:46:21","slug":"7109-2","status":"publish","type":"page","link":"https:\/\/veda.polac.cz\/?page_id=7109","title":{"rendered":""},"content":{"rendered":"<p style=\"text-align: center;\">Resum\u00e9 \u010dl\u00e1nku<\/p>\n<p><strong>Vnit\u0159n\u00ed hranice schengensk\u00e9ho prostoru v\u00a0dob\u00e1ch krize a reformy<\/strong><\/p>\n<p><em>prof. Mag. phil. Dr. iur. Harald Christian Scheu, Ph.D., Univerzita Karlova, pr\u00e1vnick\u00e1 fakulta<\/em><em>, Policejn\u00ed akademie \u010cesk\u00e9 republiky v Praze, Fakulta bezpe\u010dnostn\u00edho managementu, katedra ve\u0159ejn\u00e9 spr\u00e1vy<\/em><\/p>\n<p>Tento p\u0159\u00edsp\u011bvek je zam\u011b\u0159en na problematiku obnoven\u00ed kontrol na vnit\u0159n\u00edch hranic\u00edch. Po anal\u00fdze st\u00e1vaj\u00edc\u00ed \u00fapravy Schengensk\u00e9ho hrani\u010dn\u00edho kodexu a ned\u00e1vn\u00e9 praxe \u010dlensk\u00fdch st\u00e1t\u016f je pozornost v\u011bnov\u00e1na relevantn\u00ed judikatu\u0159e SDEU, kter\u00e1 man\u00e9vrovac\u00ed prostor \u010dlensk\u00fdch st\u00e1t\u016f na vnit\u0159n\u00edch hranic\u00edch pom\u011brn\u011b v\u00fdrazn\u011b zu\u017euje. Z\u00e1v\u011bre\u010dn\u00e1 \u010d\u00e1st \u010dl\u00e1nku je v\u011bnov\u00e1na perspektiv\u00e1m reformy Schengensk\u00e9ho hrani\u010dn\u00edho kodexu, a to se zvl\u00e1\u0161tn\u00edm z\u0159etelem na nasazen\u00ed nov\u00fdch technologi\u00ed m\u00edsto znovuzaveden\u00ed tradi\u010dn\u00edch kontrol na vnit\u0159n\u00edch hranic\u00edch.<\/p>\n<p><strong>Kl\u00ed\u010dov\u00e1 slova:<\/strong> Schengensk\u00fd hrani\u010dn\u00ed kodex, obnoven\u00ed kontrol na vnit\u0159n\u00edch hranic\u00edch, maxim\u00e1ln\u00ed doba trv\u00e1n\u00ed, Soudn\u00ed dv\u016fr Evropsk\u00e9 unie, alternativn\u00ed opat\u0159en\u00ed.<\/p>\n<hr \/>\n<p><a href=\"https:\/\/veda.polac.cz\/?page_id=7101\">Zp\u011bt<\/a><\/p>\n","protected":false},"excerpt":{"rendered":"<p>Resum\u00e9 \u010dl\u00e1nku Vnit\u0159n\u00ed hranice schengensk\u00e9ho prostoru v\u00a0dob\u00e1ch krize a reformy prof. Mag. phil. Dr. iur. Harald Christian Scheu, Ph.D., Univerzita Karlova, pr\u00e1vnick\u00e1 fakulta, Policejn\u00ed akademie \u010cesk\u00e9 republiky v Praze, Fakulta bezpe\u010dnostn\u00edho managementu, katedra ve\u0159ejn\u00e9 spr\u00e1vy Tento p\u0159\u00edsp\u011bvek je zam\u011b\u0159en na problematiku obnoven\u00ed kontrol na vnit\u0159n\u00edch hranic\u00edch. Po anal\u00fdze st\u00e1vaj\u00edc\u00ed \u00fapravy Schengensk\u00e9ho hrani\u010dn\u00edho kodexu a ned\u00e1vn\u00e9 [&hellip;]<\/p>\n","protected":false},"author":6,"featured_media":0,"parent":0,"menu_order":0,"comment_status":"closed","ping_status":"closed","template":"","meta":{"footnotes":""},"class_list":["post-7109","page","type-page","status-publish","hentry"],"_links":{"self":[{"href":"https:\/\/veda.polac.cz\/index.php?rest_route=\/wp\/v2\/pages\/7109","targetHints":{"allow":["GET"]}}],"collection":[{"href":"https:\/\/veda.polac.cz\/index.php?rest_route=\/wp\/v2\/pages"}],"about":[{"href":"https:\/\/veda.polac.cz\/index.php?rest_route=\/wp\/v2\/types\/page"}],"author":[{"embeddable":true,"href":"https:\/\/veda.polac.cz\/index.php?rest_route=\/wp\/v2\/users\/6"}],"replies":[{"embeddable":true,"href":"https:\/\/veda.polac.cz\/index.php?rest_route=%2Fwp%2Fv2%2Fcomments&post=7109"}],"version-history":[{"count":1,"href":"https:\/\/veda.polac.cz\/index.php?rest_route=\/wp\/v2\/pages\/7109\/revisions"}],"predecessor-version":[{"id":7110,"href":"https:\/\/veda.polac.cz\/index.php?rest_route=\/wp\/v2\/pages\/7109\/revisions\/7110"}],"wp:attachment":[{"href":"https:\/\/veda.polac.cz\/index.php?rest_route=%2Fwp%2Fv2%2Fmedia&parent=7109"}],"curies":[{"name":"wp","href":"https:\/\/api.w.org\/{rel}","templated":true}]}}