{"id":7104,"date":"2023-06-27T08:23:31","date_gmt":"2023-06-27T08:23:31","guid":{"rendered":"https:\/\/veda.polac.cz\/?page_id=7104"},"modified":"2023-06-27T08:26:45","modified_gmt":"2023-06-27T08:26:45","slug":"7104-2","status":"publish","type":"page","link":"https:\/\/veda.polac.cz\/?page_id=7104","title":{"rendered":""},"content":{"rendered":"<p style=\"text-align: center;\">Resum\u00e9 \u010dl\u00e1nku<\/p>\n<p><strong>Nov\u00fd teoreticko-metodologicko-pr\u00e1vny koncept operat\u00edvno-p\u00e1tracej \u010dinnosti<\/strong><\/p>\n<p><em>pplk. doc. JUDr. Monika Hullov\u00e1, PhD., Akad\u00e9mia policajn\u00e9ho zboru<\/em><em> Bratislava, katedra krimin\u00e1lnej pol\u00edcie<\/em><\/p>\n<p>Operat\u00edvno-p\u00e1tracia \u010dinnos\u0165 predstavuje \u0161pecifick\u00fd druh pozn\u00e1vacej \u010dinnosti realizovanej vybran\u00fdmi org\u00e1nmi \u0161t\u00e1tnej spr\u00e1vy. Autorka v\u00a0predkladanej vedeckej \u0161t\u00fadii prezentuje v\u00fdsledky poznania, ku ktor\u00e9mu dospela s\u00a0vyu\u017eit\u00edm vedeck\u00fdch met\u00f3d <em>(dominantne anal\u00fdzy \u2013 obsahovej, historickej, komparat\u00edvnej a\u00a0pr\u00e1vnej, anal\u00f3gie, abstrakcie, indukcie, dedukcie, riaden\u00e9ho interview, projektovania a modelovania) <\/em>v\u00a0r\u00e1mci obh\u00e1jen\u00e9ho projektu vedecko-v\u00fdskumnej \u00falohy. Cie\u013eom vedeckej \u0161t\u00fadie je predlo\u017ei\u0165 odbornej verejnosti v\u00fdstupy poznania ako n\u00e1mety do odbornej diskusie t\u00fdkaj\u00face sa pr\u00e1vnej \u00fapravy a\u00a0podstaty operat\u00edvno-p\u00e1tracej \u010dinnosti. Prikl\u00e1\u0148ame sa k\u00a0n\u00e1zoru, \u017ee existuj\u00faci teoreticko-metodologicko-pr\u00e1vny koncept je neadekv\u00e1tny identifikovan\u00fdm spolo\u010densk\u00fdm potreb\u00e1m a vykazuje \u010drty zjavnej kontradikt\u00f3rnosti a\u00a0archaizmu.<\/p>\n<p><strong>K\u013e\u00fa\u010dov\u00e9 slov\u00e1: <\/strong>operat\u00edvno-p\u00e1tracia \u010dinnos\u0165, operat\u00edvna \u010dinnos\u0165, p\u00e1tracia \u010dinnos\u0165, spravodajsk\u00e1 \u010dinnos\u0165, operat\u00edvna inform\u00e1cia, krimin\u00e1lna inform\u00e1cia, p\u00e1tracia inform\u00e1cia, spravodajsk\u00e1 inform\u00e1cia, operat\u00edvne opatrenie, p\u00e1tracie opatrenie, spravodajsk\u00e9 opatrenie.<\/p>\n<hr \/>\n<p><a href=\"https:\/\/veda.polac.cz\/?page_id=7101\">Zp\u011bt<\/a><\/p>\n","protected":false},"excerpt":{"rendered":"<p>Resum\u00e9 \u010dl\u00e1nku Nov\u00fd teoreticko-metodologicko-pr\u00e1vny koncept operat\u00edvno-p\u00e1tracej \u010dinnosti pplk. doc. JUDr. Monika Hullov\u00e1, PhD., Akad\u00e9mia policajn\u00e9ho zboru Bratislava, katedra krimin\u00e1lnej pol\u00edcie Operat\u00edvno-p\u00e1tracia \u010dinnos\u0165 predstavuje \u0161pecifick\u00fd druh pozn\u00e1vacej \u010dinnosti realizovanej vybran\u00fdmi org\u00e1nmi \u0161t\u00e1tnej spr\u00e1vy. Autorka v\u00a0predkladanej vedeckej \u0161t\u00fadii prezentuje v\u00fdsledky poznania, ku ktor\u00e9mu dospela s\u00a0vyu\u017eit\u00edm vedeck\u00fdch met\u00f3d (dominantne anal\u00fdzy \u2013 obsahovej, historickej, komparat\u00edvnej a\u00a0pr\u00e1vnej, anal\u00f3gie, abstrakcie, indukcie, [&hellip;]<\/p>\n","protected":false},"author":6,"featured_media":0,"parent":0,"menu_order":0,"comment_status":"closed","ping_status":"closed","template":"","meta":{"footnotes":""},"class_list":["post-7104","page","type-page","status-publish","hentry"],"_links":{"self":[{"href":"https:\/\/veda.polac.cz\/index.php?rest_route=\/wp\/v2\/pages\/7104","targetHints":{"allow":["GET"]}}],"collection":[{"href":"https:\/\/veda.polac.cz\/index.php?rest_route=\/wp\/v2\/pages"}],"about":[{"href":"https:\/\/veda.polac.cz\/index.php?rest_route=\/wp\/v2\/types\/page"}],"author":[{"embeddable":true,"href":"https:\/\/veda.polac.cz\/index.php?rest_route=\/wp\/v2\/users\/6"}],"replies":[{"embeddable":true,"href":"https:\/\/veda.polac.cz\/index.php?rest_route=%2Fwp%2Fv2%2Fcomments&post=7104"}],"version-history":[{"count":3,"href":"https:\/\/veda.polac.cz\/index.php?rest_route=\/wp\/v2\/pages\/7104\/revisions"}],"predecessor-version":[{"id":7108,"href":"https:\/\/veda.polac.cz\/index.php?rest_route=\/wp\/v2\/pages\/7104\/revisions\/7108"}],"wp:attachment":[{"href":"https:\/\/veda.polac.cz\/index.php?rest_route=%2Fwp%2Fv2%2Fmedia&parent=7104"}],"curies":[{"name":"wp","href":"https:\/\/api.w.org\/{rel}","templated":true}]}}