{"id":7092,"date":"2023-03-31T10:34:30","date_gmt":"2023-03-31T10:34:30","guid":{"rendered":"https:\/\/veda.polac.cz\/?page_id=7092"},"modified":"2023-03-31T10:34:30","modified_gmt":"2023-03-31T10:34:30","slug":"7092-2","status":"publish","type":"page","link":"https:\/\/veda.polac.cz\/?page_id=7092&lang=en","title":{"rendered":""},"content":{"rendered":"<p style=\"text-align: center;\">Resume<\/p>\n<p style=\"text-align: left;\"><strong>Piloting a Gaming Application for the Early Detection of Elder Vulnerability to Abuse<\/strong><\/p>\n<p><em>Mgr. Petra Ponocn\u00e1, PhD., Mgr. et Mgr. Tereza \u010cechov\u00e1, Institute for Evaluations and Social Analyses<\/em><\/p>\n<p>The paper summarizes the results of the pilot test of an application for early detection of vulnerability of the elderly to domestic violence caused by family members. The presented application contains gamification through which the family environment of the elderly and the degree of their social isolation are mapped. Considering the perspective of the elderly, the application is a suitable addition to the early detection of violence and abuse of the elderly in the family.<\/p>\n<p><strong>Keywords:<\/strong> Domestic Violence, Screening, Elder Abuse, Family.<\/p>\n<hr \/>\n<p><a href=\"https:\/\/veda.polac.cz\/?page_id=7072&amp;lang=en\">Back<\/a><\/p>\n","protected":false},"excerpt":{"rendered":"<p>Resume Piloting a Gaming Application for the Early Detection of Elder Vulnerability to Abuse Mgr. Petra Ponocn\u00e1, PhD., Mgr. et Mgr. Tereza \u010cechov\u00e1, Institute for Evaluations and Social Analyses The paper summarizes the results of the pilot test of an application for early detection of vulnerability of the elderly to domestic violence caused by family [&hellip;]<\/p>\n","protected":false},"author":6,"featured_media":0,"parent":0,"menu_order":0,"comment_status":"closed","ping_status":"closed","template":"","meta":{"footnotes":""},"class_list":["post-7092","page","type-page","status-publish","hentry"],"_links":{"self":[{"href":"https:\/\/veda.polac.cz\/index.php?rest_route=\/wp\/v2\/pages\/7092","targetHints":{"allow":["GET"]}}],"collection":[{"href":"https:\/\/veda.polac.cz\/index.php?rest_route=\/wp\/v2\/pages"}],"about":[{"href":"https:\/\/veda.polac.cz\/index.php?rest_route=\/wp\/v2\/types\/page"}],"author":[{"embeddable":true,"href":"https:\/\/veda.polac.cz\/index.php?rest_route=\/wp\/v2\/users\/6"}],"replies":[{"embeddable":true,"href":"https:\/\/veda.polac.cz\/index.php?rest_route=%2Fwp%2Fv2%2Fcomments&post=7092"}],"version-history":[{"count":1,"href":"https:\/\/veda.polac.cz\/index.php?rest_route=\/wp\/v2\/pages\/7092\/revisions"}],"predecessor-version":[{"id":7093,"href":"https:\/\/veda.polac.cz\/index.php?rest_route=\/wp\/v2\/pages\/7092\/revisions\/7093"}],"wp:attachment":[{"href":"https:\/\/veda.polac.cz\/index.php?rest_route=%2Fwp%2Fv2%2Fmedia&parent=7092"}],"curies":[{"name":"wp","href":"https:\/\/api.w.org\/{rel}","templated":true}]}}