{"id":7072,"date":"2023-03-30T09:39:29","date_gmt":"2023-03-30T09:39:29","guid":{"rendered":"https:\/\/veda.polac.cz\/?page_id=7072"},"modified":"2023-03-31T10:34:51","modified_gmt":"2023-03-31T10:34:51","slug":"01-2023-2","status":"publish","type":"page","link":"https:\/\/veda.polac.cz\/?page_id=7072&lang=en","title":{"rendered":"01\/2023"},"content":{"rendered":"<p><a href=\"https:\/\/veda.polac.cz\/?page_id=7078&amp;lang=en\"><strong>Dual Status of Members of the Police of the Czech Republic in Relation <\/strong><strong>to Disinformation Influence<\/strong><\/a><br \/>\nMgr. Lenka Jakubcov\u00e1, Ph.D., Mgr. Krist\u00fdna Holubov\u00e1,<br \/>\nPolice Academy of the Czech Republic in Prague<br \/>\nFaculty of Security Management, Department of Crisis Management<br \/>\nlieutenant colonel doc. Ing. Karel \u0160ilinger, Ph.D.<br \/>\nMinistry of Defence of the Czech Republic<br \/>\nCyber Forces and Information Operations Command<\/p>\n<p><a href=\"https:\/\/veda.polac.cz\/wp-content\/uploads\/2023\/03\/Dualni-postaveni-prislusniku-Policie-CR-ve-vztahu-k-dezinformacnimu-pusobeni.pdf\" target=\"_blank\" rel=\"noopener\">download (pdf format)<\/a><\/p>\n<hr \/>\n<p><a href=\"https:\/\/veda.polac.cz\/?page_id=7080&amp;lang=en\"><strong>Grey Wolves \u2013 a Potential Security Threat to Europe<\/strong><\/a><br \/>\nMgr. Nat\u00e1lie \u010cerm\u00e1kov\u00e1, Police Academy of the Czech Republic in Prague<br \/>\nFaculty of Safety Management, Department of Security Studies<\/p>\n<p><a href=\"https:\/\/veda.polac.cz\/wp-content\/uploads\/2023\/03\/Sedi-vlci-\u2013-potencialni-bezpecnostni-hrozba-pro-Evropu.pdf\" target=\"_blank\" rel=\"noopener\">download (pdf format)<\/a><\/p>\n<hr \/>\n<p><a href=\"https:\/\/veda.polac.cz\/?page_id=7083&amp;lang=en\"><strong>Risks of Radicalization of Security Forces in the Context of Social Polarization<\/strong><\/a><br \/>\nPhDr. \u0160t\u011bp\u00e1n Strnad, Ph.D., Mgr. Ond\u0159ej Kol\u00e1\u0159, Ph.D.<br \/>\nPolice Academy of the Czech Republic in Prague, Faculty of Safety Management,<br \/>\nDepartment of Security Studies<\/p>\n<p><a href=\"https:\/\/veda.polac.cz\/wp-content\/uploads\/2023\/03\/Rizika-radikalizace-bezpecnostnich-sboru-v-kontextu-spolecenske-polarizace.pdf\" target=\"_blank\" rel=\"noopener\">download (pdf format)<\/a><\/p>\n<hr \/>\n<p><a href=\"https:\/\/veda.polac.cz\/?page_id=7085&amp;lang=en\"><strong>Revocation of the Final Decisions in the Preliminary Hearing in the Legal Order of the Slovak Republic and a Partial Comparison with the Legal Order in the Czech Republic<\/strong><\/a><br \/>\ndoc. JUDr. Veronika Markov\u00e1 PhD., Academy of the Police Force<br \/>\nIn Bratislava, Department of Criminal Law<\/p>\n<p><a href=\"https:\/\/veda.polac.cz\/wp-content\/uploads\/2023\/03\/Zrusenie-pravoplatnych-rozhodnuti-v-pripravnom-konani-v-pravnom-poriadku-Slovenskej-republiky-a-ciastocne-porovnanie-s-pravnou-upravou-v-Ceskej-republike.pdf\" target=\"_blank\" rel=\"noopener\">download (pdf format)<\/a><\/p>\n<hr \/>\n<p><a href=\"https:\/\/veda.polac.cz\/?page_id=7087&amp;lang=en\"><strong>New Domestic Possibilities in the Field of Criminal Identification and its Further Perspectives<\/strong><\/a><br \/>\ndoc. Ing. Jaroslav Such\u00e1nek, CSc, Police Academy of the Czech Republic in Prague<br \/>\nFaculty of Security and Law, Department of Criminalistics<\/p>\n<p><a href=\"https:\/\/veda.polac.cz\/wp-content\/uploads\/2023\/03\/Nove-tuzemske-moznosti-v-oblasti-kriminalisticke-identifikace-a-jeji-dalsi-perspektivy.pdf\" target=\"_blank\" rel=\"noopener\">download (pdf format)<\/a><\/p>\n<hr \/>\n<p><a href=\"https:\/\/veda.polac.cz\/?page_id=7089&amp;lang=en\"><strong>Possibilities for the Use of AED Medical Transport Services in the Event of a Sudden Cardiac Arrest<\/strong><\/a><br \/>\nIng. Krist\u00fdna Matou\u0161ov\u00e1, Ing. Roman \u0158\u00edha, Czech Technical University in Prague, Czech Republic, Faculty of Biomedical Engineering, Department of Health Care Disciplines and Population Protection<br \/>\nMgr. Romana \u017dihlavn\u00edkov\u00e1, Palack\u00fd University, Czech Republic,<br \/>\nFaculty of Science, Department of Ecology and Environmental Sciences<br \/>\nNewton University, Czech Republic<\/p>\n<p><a href=\"https:\/\/veda.polac.cz\/wp-content\/uploads\/2023\/03\/Moznosti-vyuziti-AED-zdravotnickych-dopravnich-sluzeb-pri-nahle-zastave-obehu.pdf\" target=\"_blank\" rel=\"noopener\">download (pdf format)<\/a><\/p>\n<hr \/>\n<p><a href=\"https:\/\/veda.polac.cz\/?page_id=7092&amp;lang=en\"><strong>Piloting a Gaming Application for the Early Detection of Elder Vulnerability to Abuse<\/strong><\/a><br \/>\nMgr. Petra Ponocn\u00e1, PhD., Mgr. et Mgr. Tereza \u010cechov\u00e1<br \/>\nInstitute for Evaluations and Social Analyses<br \/>\nConference Invitation<\/p>\n<p><a href=\"https:\/\/veda.polac.cz\/wp-content\/uploads\/2023\/03\/Pilotaz-herni-aplikace-pro-vcasnou-detekci-zranitelnosti-seniora-vuci-zneuzivani.pdf\" target=\"_blank\" rel=\"noopener\">download (pdf format)<\/a><\/p>\n<hr \/>\n","protected":false},"excerpt":{"rendered":"<p>Dual Status of Members of the Police of the Czech Republic in Relation to Disinformation Influence Mgr. Lenka Jakubcov\u00e1, Ph.D., Mgr. Krist\u00fdna Holubov\u00e1, Police Academy of the Czech Republic in Prague Faculty of Security Management, Department of Crisis Management lieutenant colonel doc. Ing. Karel \u0160ilinger, Ph.D. Ministry of Defence of the Czech Republic Cyber Forces [&hellip;]<\/p>\n","protected":false},"author":6,"featured_media":0,"parent":0,"menu_order":0,"comment_status":"closed","ping_status":"closed","template":"","meta":{"footnotes":""},"class_list":["post-7072","page","type-page","status-publish","hentry"],"_links":{"self":[{"href":"https:\/\/veda.polac.cz\/index.php?rest_route=\/wp\/v2\/pages\/7072","targetHints":{"allow":["GET"]}}],"collection":[{"href":"https:\/\/veda.polac.cz\/index.php?rest_route=\/wp\/v2\/pages"}],"about":[{"href":"https:\/\/veda.polac.cz\/index.php?rest_route=\/wp\/v2\/types\/page"}],"author":[{"embeddable":true,"href":"https:\/\/veda.polac.cz\/index.php?rest_route=\/wp\/v2\/users\/6"}],"replies":[{"embeddable":true,"href":"https:\/\/veda.polac.cz\/index.php?rest_route=%2Fwp%2Fv2%2Fcomments&post=7072"}],"version-history":[{"count":6,"href":"https:\/\/veda.polac.cz\/index.php?rest_route=\/wp\/v2\/pages\/7072\/revisions"}],"predecessor-version":[{"id":7094,"href":"https:\/\/veda.polac.cz\/index.php?rest_route=\/wp\/v2\/pages\/7072\/revisions\/7094"}],"wp:attachment":[{"href":"https:\/\/veda.polac.cz\/index.php?rest_route=%2Fwp%2Fv2%2Fmedia&parent=7072"}],"curies":[{"name":"wp","href":"https:\/\/api.w.org\/{rel}","templated":true}]}}