{"id":7047,"date":"2023-03-29T09:57:47","date_gmt":"2023-03-29T09:57:47","guid":{"rendered":"https:\/\/veda.polac.cz\/?page_id=7047"},"modified":"2023-04-25T05:47:25","modified_gmt":"2023-04-25T05:47:25","slug":"7047-2","status":"publish","type":"page","link":"https:\/\/veda.polac.cz\/?page_id=7047","title":{"rendered":""},"content":{"rendered":"<p><strong>Pilot\u00e1\u017e hern\u00ed aplikace pro v\u010dasnou detekci zranitelnosti seniora v\u016f\u010di zneu\u017e\u00edv\u00e1n\u00ed<\/strong><\/p>\n<p><em>Mgr. Petra Ponocn\u00e1, PhD., Mgr. et Mgr. Tereza \u010cechov\u00e1, Institut evaluac\u00ed a soci\u00e1ln\u00edch anal\u00fdz<\/em><\/p>\n<p>P\u0159\u00edsp\u011bvek shrnuje v\u00fdsledky pilot\u00e1\u017ee aplikace, kter\u00e1 slou\u017e\u00ed k\u00a0v\u010dasn\u00e9 detekci m\u00edry zranitelnosti senior\u016f v\u016f\u010di dom\u00e1c\u00edmu n\u00e1sil\u00ed ze strany rodinn\u00fdch p\u0159\u00edslu\u0161n\u00edk\u016f. P\u0159edstavovan\u00e1 aplikace obsahuje hern\u00ed prvky, prost\u0159ednictv\u00edm kter\u00fdch je mapov\u00e1no rodinn\u00e9 prost\u0159ed\u00ed seniora a m\u00edra jeho soci\u00e1ln\u00ed izolace. Vzhledem ke zohledn\u011bn\u00ed perspektivy seniora p\u0159edstavuje aplikace vhodn\u00fd dopln\u011bk p\u0159i v\u010dasn\u00e9 detekci n\u00e1sil\u00ed a\u00a0zneu\u017e\u00edv\u00e1n\u00ed senior\u016f v\u00a0rodin\u011b.<\/p>\n<p><strong>Kl\u00ed\u010dov\u00e1 slova:<\/strong> dom\u00e1c\u00ed n\u00e1sil\u00ed, screeningov\u00e9 n\u00e1stroje, zneu\u017e\u00edv\u00e1n\u00ed senior\u016f, rodina.<\/p>\n<hr \/>\n<p><a href=\"https:\/\/veda.polac.cz\/?page_id=7024\">Zp\u011bt<\/a><\/p>\n","protected":false},"excerpt":{"rendered":"<p>Pilot\u00e1\u017e hern\u00ed aplikace pro v\u010dasnou detekci zranitelnosti seniora v\u016f\u010di zneu\u017e\u00edv\u00e1n\u00ed Mgr. Petra Ponocn\u00e1, PhD., Mgr. et Mgr. Tereza \u010cechov\u00e1, Institut evaluac\u00ed a soci\u00e1ln\u00edch anal\u00fdz P\u0159\u00edsp\u011bvek shrnuje v\u00fdsledky pilot\u00e1\u017ee aplikace, kter\u00e1 slou\u017e\u00ed k\u00a0v\u010dasn\u00e9 detekci m\u00edry zranitelnosti senior\u016f v\u016f\u010di dom\u00e1c\u00edmu n\u00e1sil\u00ed ze strany rodinn\u00fdch p\u0159\u00edslu\u0161n\u00edk\u016f. P\u0159edstavovan\u00e1 aplikace obsahuje hern\u00ed prvky, prost\u0159ednictv\u00edm kter\u00fdch je mapov\u00e1no rodinn\u00e9 prost\u0159ed\u00ed seniora [&hellip;]<\/p>\n","protected":false},"author":6,"featured_media":0,"parent":0,"menu_order":0,"comment_status":"closed","ping_status":"closed","template":"","meta":{"footnotes":""},"class_list":["post-7047","page","type-page","status-publish","hentry"],"_links":{"self":[{"href":"https:\/\/veda.polac.cz\/index.php?rest_route=\/wp\/v2\/pages\/7047","targetHints":{"allow":["GET"]}}],"collection":[{"href":"https:\/\/veda.polac.cz\/index.php?rest_route=\/wp\/v2\/pages"}],"about":[{"href":"https:\/\/veda.polac.cz\/index.php?rest_route=\/wp\/v2\/types\/page"}],"author":[{"embeddable":true,"href":"https:\/\/veda.polac.cz\/index.php?rest_route=\/wp\/v2\/users\/6"}],"replies":[{"embeddable":true,"href":"https:\/\/veda.polac.cz\/index.php?rest_route=%2Fwp%2Fv2%2Fcomments&post=7047"}],"version-history":[{"count":3,"href":"https:\/\/veda.polac.cz\/index.php?rest_route=\/wp\/v2\/pages\/7047\/revisions"}],"predecessor-version":[{"id":7099,"href":"https:\/\/veda.polac.cz\/index.php?rest_route=\/wp\/v2\/pages\/7047\/revisions\/7099"}],"wp:attachment":[{"href":"https:\/\/veda.polac.cz\/index.php?rest_route=%2Fwp%2Fv2%2Fmedia&parent=7047"}],"curies":[{"name":"wp","href":"https:\/\/api.w.org\/{rel}","templated":true}]}}