{"id":7044,"date":"2023-03-29T09:56:25","date_gmt":"2023-03-29T09:56:25","guid":{"rendered":"https:\/\/veda.polac.cz\/?page_id=7044"},"modified":"2023-03-29T10:06:47","modified_gmt":"2023-03-29T10:06:47","slug":"7044-2","status":"publish","type":"page","link":"https:\/\/veda.polac.cz\/?page_id=7044","title":{"rendered":""},"content":{"rendered":"<p style=\"text-align: center;\"><em>Resum\u00e9 \u010dl\u00e1nku<\/em><\/p>\n<p><strong>Mo\u017enosti vyu\u017eit\u00ed AED zdravotnick\u00fdch dopravn\u00edch slu\u017eeb p\u0159i n\u00e1hl\u00e9 z\u00e1stav\u011b ob\u011bhu<\/strong><\/p>\n<p><em>Ing. Krist\u00fdna Matou\u0161ov\u00e1, Ing. Roman \u0158\u00edha, \u010cesk\u00e9 vysok\u00e9 u\u010den\u00ed technick\u00e9 v\u00a0Praze, Fakulta biomedic\u00ednsk\u00e9ho in\u017een\u00fdrstv\u00ed, Katedra zdravotnick\u00fdch obor\u016f a ochrany obyvatelstva, Mgr. Romana \u017dihlavn\u00edkov\u00e1, Univerzita Palack\u00e9ho Olomouc, P\u0159\u00edrodov\u011bdeck\u00e1 fakulta, Katedra ekologie a \u017eivotn\u00edho prost\u0159ed\u00ed<\/em><\/p>\n<p>C\u00edlem t\u00e9to studie bylo prov\u011b\u0159en\u00ed mo\u017enosti zapojen\u00ed zdravotnick\u00fdch dopravn\u00edch slu\u017eeb do syst\u00e9mu first responder. My\u0161lenka na tuto p\u0159\u00edpadnou inovaci vych\u00e1z\u00ed zejm\u00e9na z\u00a0n\u00e1sleduj\u00edc\u00ed \u00favahy: ZDS jsou neust\u00e1le mobiln\u00ed, jejich pl\u00e1novan\u00e9 trasy dosahuj\u00ed i t\u011bch nejodlehlej\u0161\u00edch kout\u016f kraje a jejich vozidla jsou povinn\u011b vybavena provozuschopn\u00fdm automatizovan\u00fdm extern\u00edm defibril\u00e1torem. Disponuj\u00ed tak zna\u010dn\u00fdm potenci\u00e1lem stran poskytov\u00e1n\u00ed okam\u017eit\u00e9 p\u0159ednemocni\u010dn\u00ed p\u00e9\u010de \u010dlov\u011bku s\u00a0n\u00e1hlou z\u00e1stavou ob\u011bhu. Pro celkov\u00e9 zhodnocen\u00ed jsme vyu\u017eili strukturovan\u00e9 hloubkov\u00e9 rozhovory, dotazn\u00edkov\u00e9 \u0161et\u0159en\u00ed a HAZOP anal\u00fdzu. Po z\u00e1v\u011bre\u010dn\u00e9m vyhodnocen\u00ed z\u00edskan\u00fdch informac\u00ed mus\u00edme konstatovat, \u017ee zapojen\u00ed zdravotnick\u00fdch dopravn\u00edch slu\u017eeb do syst\u00e9mu first responder nen\u00ed mo\u017en\u00e9. Nejv\u011bt\u0161\u00edmi p\u0159ek\u00e1\u017ekami jsou zejm\u00e9na nutn\u00e9 financov\u00e1n\u00ed ZDS za v\u00fdjezdy k\u00a0n\u00e1hl\u00fdm z\u00e1stav\u00e1m ob\u011bhu a jejich vysok\u00e1 vyt\u00ed\u017eenost, kter\u00e1 minimalizuje mo\u017enost jejich vyu\u017eit\u00ed v\u00a0pot\u0159ebn\u00fd \u010das.<\/p>\n<p><strong>Kl\u00ed\u010dov\u00e1 slova:<\/strong> AED, n\u00e1hl\u00e1 z\u00e1stava ob\u011bhu, z\u00e1kladn\u00ed neodkladn\u00e1 resuscitace, zdravotnick\u00e1 dopravn\u00ed slu\u017eba, first responder syst\u00e9m.<\/p>\n<hr \/>\n<p><a href=\"https:\/\/veda.polac.cz\/?page_id=7024\">Zp\u011bt<\/a><\/p>\n","protected":false},"excerpt":{"rendered":"<p>Resum\u00e9 \u010dl\u00e1nku Mo\u017enosti vyu\u017eit\u00ed AED zdravotnick\u00fdch dopravn\u00edch slu\u017eeb p\u0159i n\u00e1hl\u00e9 z\u00e1stav\u011b ob\u011bhu Ing. Krist\u00fdna Matou\u0161ov\u00e1, Ing. Roman \u0158\u00edha, \u010cesk\u00e9 vysok\u00e9 u\u010den\u00ed technick\u00e9 v\u00a0Praze, Fakulta biomedic\u00ednsk\u00e9ho in\u017een\u00fdrstv\u00ed, Katedra zdravotnick\u00fdch obor\u016f a ochrany obyvatelstva, Mgr. Romana \u017dihlavn\u00edkov\u00e1, Univerzita Palack\u00e9ho Olomouc, P\u0159\u00edrodov\u011bdeck\u00e1 fakulta, Katedra ekologie a \u017eivotn\u00edho prost\u0159ed\u00ed C\u00edlem t\u00e9to studie bylo prov\u011b\u0159en\u00ed mo\u017enosti zapojen\u00ed zdravotnick\u00fdch dopravn\u00edch slu\u017eeb [&hellip;]<\/p>\n","protected":false},"author":6,"featured_media":0,"parent":0,"menu_order":0,"comment_status":"closed","ping_status":"closed","template":"","meta":{"footnotes":""},"class_list":["post-7044","page","type-page","status-publish","hentry"],"_links":{"self":[{"href":"https:\/\/veda.polac.cz\/index.php?rest_route=\/wp\/v2\/pages\/7044","targetHints":{"allow":["GET"]}}],"collection":[{"href":"https:\/\/veda.polac.cz\/index.php?rest_route=\/wp\/v2\/pages"}],"about":[{"href":"https:\/\/veda.polac.cz\/index.php?rest_route=\/wp\/v2\/types\/page"}],"author":[{"embeddable":true,"href":"https:\/\/veda.polac.cz\/index.php?rest_route=\/wp\/v2\/users\/6"}],"replies":[{"embeddable":true,"href":"https:\/\/veda.polac.cz\/index.php?rest_route=%2Fwp%2Fv2%2Fcomments&post=7044"}],"version-history":[{"count":3,"href":"https:\/\/veda.polac.cz\/index.php?rest_route=\/wp\/v2\/pages\/7044\/revisions"}],"predecessor-version":[{"id":7058,"href":"https:\/\/veda.polac.cz\/index.php?rest_route=\/wp\/v2\/pages\/7044\/revisions\/7058"}],"wp:attachment":[{"href":"https:\/\/veda.polac.cz\/index.php?rest_route=%2Fwp%2Fv2%2Fmedia&parent=7044"}],"curies":[{"name":"wp","href":"https:\/\/api.w.org\/{rel}","templated":true}]}}