{"id":7035,"date":"2023-03-29T09:48:58","date_gmt":"2023-03-29T09:48:58","guid":{"rendered":"https:\/\/veda.polac.cz\/?page_id=7035"},"modified":"2023-03-29T10:03:29","modified_gmt":"2023-03-29T10:03:29","slug":"7035-2","status":"publish","type":"page","link":"https:\/\/veda.polac.cz\/?page_id=7035","title":{"rendered":""},"content":{"rendered":"<p style=\"text-align: center;\">Resum\u00e9 \u010dl\u00e1nku<\/p>\n<p><strong>Rizika r<\/strong><strong>adikalizace bezpe\u010dnostn\u00edch sbor\u016f v kontextu spole\u010densk<\/strong><strong>\u00e9 <\/strong><strong>polarizace<\/strong><\/p>\n<p><em>PhDr. \u0160t\u011bp\u00e1<\/em><em>n Strnad<\/em><em>, Ph.D.,<\/em><em> Mgr. Ond\u0159ej Kol\u00e1\u0159, Ph.D., Policejn\u00ed akademie \u010cesk\u00e9 republiky v\u00a0Praze, Fakulta bezpe\u010dnostn\u00edho managementu, katedra bezpe\u010dnostn\u00edch studi\u00ed<\/em><\/p>\n<p>P\u0159\u00edsp\u011bvek se soust\u0159ed\u00ed na hodnocen\u00ed trend\u016f radikaliza\u010dn\u00edho potenci\u00e1lu polariza\u010dn\u00edch narativ\u016f ve spole\u010dnosti s jejich skupinov\u00fdmi projevy na extremistick\u00e9, radik\u00e1ln\u011b-populistick\u00e9 sc\u00e9n\u011b a v \u0161ir\u0161\u00ed ob\u010dansk\u00e9 spole\u010dnosti s\u00a0mo\u017en\u00fdmi p\u0159esahy do\u00a0bezpe\u010dnostn\u00edch sbor\u016f. Teoretick\u00fdm r\u00e1mcem je p\u0159\u00edstup k bezpe\u010dnostn\u00ed anal\u00fdze koda\u0148sk\u00e9 \u0161koly, konkr\u00e9tn\u011b dimenze politick\u00e9 bezpe\u010dnosti. Konceptem uchopuj\u00edc\u00edm spole\u010denskou radikalizaci p\u0159\u00edsp\u011bvku je koncept skupinov\u00e9 polarizace op\u00edraj\u00edc\u00ed se o\u00a0n\u00e1stroj hodnocen\u00ed st\u00e1tn\u00ed stability tzv. Fragile state index v\u00a0kontextu mo\u017enost\u00ed vyu\u017e\u00edv\u00e1n\u00ed existuj\u00edc\u00edch detek\u010dn\u00edch n\u00e1stroj\u016f skupinov\u00e9 radikalizace s implikacemi pro bezpe\u010dnostn\u00ed sbory.<\/p>\n<p><strong>Kl<\/strong><strong>\u00ed\u010dov\u00e1 slova:<\/strong> radikalizace, polarizace, bezpe\u010dnostn\u00ed sbor, vzd\u011bl\u00e1v\u00e1n\u00ed, bezpe\u010dnost, narrativ.<\/p>\n<hr \/>\n<p><a href=\"https:\/\/veda.polac.cz\/?page_id=7024\">Zp\u011bt<\/a><\/p>\n","protected":false},"excerpt":{"rendered":"<p>Resum\u00e9 \u010dl\u00e1nku Rizika radikalizace bezpe\u010dnostn\u00edch sbor\u016f v kontextu spole\u010densk\u00e9 polarizace PhDr. \u0160t\u011bp\u00e1n Strnad, Ph.D., Mgr. Ond\u0159ej Kol\u00e1\u0159, Ph.D., Policejn\u00ed akademie \u010cesk\u00e9 republiky v\u00a0Praze, Fakulta bezpe\u010dnostn\u00edho managementu, katedra bezpe\u010dnostn\u00edch studi\u00ed P\u0159\u00edsp\u011bvek se soust\u0159ed\u00ed na hodnocen\u00ed trend\u016f radikaliza\u010dn\u00edho potenci\u00e1lu polariza\u010dn\u00edch narativ\u016f ve spole\u010dnosti s jejich skupinov\u00fdmi projevy na extremistick\u00e9, radik\u00e1ln\u011b-populistick\u00e9 sc\u00e9n\u011b a v \u0161ir\u0161\u00ed ob\u010dansk\u00e9 spole\u010dnosti s\u00a0mo\u017en\u00fdmi [&hellip;]<\/p>\n","protected":false},"author":6,"featured_media":0,"parent":0,"menu_order":0,"comment_status":"closed","ping_status":"closed","template":"","meta":{"footnotes":""},"class_list":["post-7035","page","type-page","status-publish","hentry"],"_links":{"self":[{"href":"https:\/\/veda.polac.cz\/index.php?rest_route=\/wp\/v2\/pages\/7035","targetHints":{"allow":["GET"]}}],"collection":[{"href":"https:\/\/veda.polac.cz\/index.php?rest_route=\/wp\/v2\/pages"}],"about":[{"href":"https:\/\/veda.polac.cz\/index.php?rest_route=\/wp\/v2\/types\/page"}],"author":[{"embeddable":true,"href":"https:\/\/veda.polac.cz\/index.php?rest_route=\/wp\/v2\/users\/6"}],"replies":[{"embeddable":true,"href":"https:\/\/veda.polac.cz\/index.php?rest_route=%2Fwp%2Fv2%2Fcomments&post=7035"}],"version-history":[{"count":2,"href":"https:\/\/veda.polac.cz\/index.php?rest_route=\/wp\/v2\/pages\/7035\/revisions"}],"predecessor-version":[{"id":7054,"href":"https:\/\/veda.polac.cz\/index.php?rest_route=\/wp\/v2\/pages\/7035\/revisions\/7054"}],"wp:attachment":[{"href":"https:\/\/veda.polac.cz\/index.php?rest_route=%2Fwp%2Fv2%2Fmedia&parent=7035"}],"curies":[{"name":"wp","href":"https:\/\/api.w.org\/{rel}","templated":true}]}}