{"id":7031,"date":"2023-03-29T09:47:10","date_gmt":"2023-03-29T09:47:10","guid":{"rendered":"https:\/\/veda.polac.cz\/?page_id=7031"},"modified":"2023-03-29T10:02:50","modified_gmt":"2023-03-29T10:02:50","slug":"7031-2","status":"publish","type":"page","link":"https:\/\/veda.polac.cz\/?page_id=7031","title":{"rendered":""},"content":{"rendered":"<p style=\"text-align: center;\">Resum\u00e9 \u010dl\u00e1nku<\/p>\n<p><strong>\u0160ed\u00ed vlci \u2013 potenci\u00e1ln\u00ed bezpe\u010dnostn\u00ed hrozba pro Evropu<\/strong><\/p>\n<p><em>Mgr. Nat\u00e1lie \u010cerm\u00e1kov\u00e1, Policejn\u00ed akademie \u010cesk\u00e9 republiky v\u00a0Praze, Fakulta bezpe\u010dnostn\u00edho managementu, katedra bezpe\u010dnostn\u00edch studi\u00ed<\/em><\/p>\n<p>\u00datoky na tureck\u00e9 disidenty, zahrani\u010dn\u00ed novin\u00e1\u0159e, Arm\u00e9ny a Kurdy, odpor k\u00a0demokratick\u00fdm princip\u016fm, protestn\u00ed n\u00e1siln\u00e9 i nen\u00e1siln\u00e9 akce, netolerance, rasismus a antisemitismus jsou jen n\u011bkter\u00e9 z\u00a0\u010dinnost\u00ed tureck\u00e9 ultranacionalistick\u00e9 organizace zvan\u00e9 \u0160ed\u00ed vlci, kter\u00e1 svou radik\u00e1ln\u00ed ideologi\u00ed p\u0159edstavuje v\u00a0evropsk\u00e9 spole\u010dnosti naru\u0161itelskou entitu. C\u00edlem t\u00e9to studie bylo p\u0159in\u00e9st komplexn\u00ed p\u0159ehled o organizaci \u0160ed\u00ed vlci, o jej\u00edm ideologick\u00e9m a historick\u00e9m v\u00fdvoji a\u00a0celkov\u00e9 amorfn\u00ed struktu\u0159e se zam\u011b\u0159en\u00edm na jej\u00ed p\u016fsoben\u00ed ve vybran\u00fdch evropsk\u00fdch zem\u00edch. Sou\u010dasn\u011b bylo zji\u0161t\u011bno, \u017ee \u0160ed\u00ed vlci skute\u010dn\u011b mohou p\u0159edstavovat mo\u017en\u00e9 ohro\u017een\u00ed bezpe\u010dnosti Evropy a\u00a0rovn\u011b\u017e v\u00fdznamn\u00fd subjekt p\u0159i vytv\u00e1\u0159en\u00ed paraleln\u00ed spole\u010dnosti zejm\u00e9na v\u00a0N\u011bmecku, kde studie zohlednila rovn\u011b\u017e ot\u00e1zku atraktivity \u0160ed\u00fdch vlk\u016f v\u00a0tureck\u00e9 diaspo\u0159e.<\/p>\n<p><strong>Kl\u00ed\u010dov\u00e1 slova:<\/strong> \u0160ed\u00ed vlci, Turecko, ultranacionalismus, extremismus, panturkismus, bezpe\u010dnostn\u00ed hrozba.<\/p>\n<hr \/>\n<p><a href=\"https:\/\/veda.polac.cz\/?page_id=7024\">Zp\u011bt<\/a><\/p>\n","protected":false},"excerpt":{"rendered":"<p>Resum\u00e9 \u010dl\u00e1nku \u0160ed\u00ed vlci \u2013 potenci\u00e1ln\u00ed bezpe\u010dnostn\u00ed hrozba pro Evropu Mgr. Nat\u00e1lie \u010cerm\u00e1kov\u00e1, Policejn\u00ed akademie \u010cesk\u00e9 republiky v\u00a0Praze, Fakulta bezpe\u010dnostn\u00edho managementu, katedra bezpe\u010dnostn\u00edch studi\u00ed \u00datoky na tureck\u00e9 disidenty, zahrani\u010dn\u00ed novin\u00e1\u0159e, Arm\u00e9ny a Kurdy, odpor k\u00a0demokratick\u00fdm princip\u016fm, protestn\u00ed n\u00e1siln\u00e9 i nen\u00e1siln\u00e9 akce, netolerance, rasismus a antisemitismus jsou jen n\u011bkter\u00e9 z\u00a0\u010dinnost\u00ed tureck\u00e9 ultranacionalistick\u00e9 organizace zvan\u00e9 \u0160ed\u00ed vlci, [&hellip;]<\/p>\n","protected":false},"author":6,"featured_media":0,"parent":0,"menu_order":0,"comment_status":"closed","ping_status":"closed","template":"","meta":{"footnotes":""},"class_list":["post-7031","page","type-page","status-publish","hentry"],"_links":{"self":[{"href":"https:\/\/veda.polac.cz\/index.php?rest_route=\/wp\/v2\/pages\/7031","targetHints":{"allow":["GET"]}}],"collection":[{"href":"https:\/\/veda.polac.cz\/index.php?rest_route=\/wp\/v2\/pages"}],"about":[{"href":"https:\/\/veda.polac.cz\/index.php?rest_route=\/wp\/v2\/types\/page"}],"author":[{"embeddable":true,"href":"https:\/\/veda.polac.cz\/index.php?rest_route=\/wp\/v2\/users\/6"}],"replies":[{"embeddable":true,"href":"https:\/\/veda.polac.cz\/index.php?rest_route=%2Fwp%2Fv2%2Fcomments&post=7031"}],"version-history":[{"count":3,"href":"https:\/\/veda.polac.cz\/index.php?rest_route=\/wp\/v2\/pages\/7031\/revisions"}],"predecessor-version":[{"id":7053,"href":"https:\/\/veda.polac.cz\/index.php?rest_route=\/wp\/v2\/pages\/7031\/revisions\/7053"}],"wp:attachment":[{"href":"https:\/\/veda.polac.cz\/index.php?rest_route=%2Fwp%2Fv2%2Fmedia&parent=7031"}],"curies":[{"name":"wp","href":"https:\/\/api.w.org\/{rel}","templated":true}]}}