{"id":7027,"date":"2023-03-29T09:42:50","date_gmt":"2023-03-29T09:42:50","guid":{"rendered":"https:\/\/veda.polac.cz\/?page_id=7027"},"modified":"2023-03-29T10:02:19","modified_gmt":"2023-03-29T10:02:19","slug":"7027-2","status":"publish","type":"page","link":"https:\/\/veda.polac.cz\/?page_id=7027","title":{"rendered":""},"content":{"rendered":"<p style=\"text-align: center;\">Resum\u00e9 \u010dl\u00e1nku<\/p>\n<p><strong>Du\u00e1ln\u00ed postaven\u00ed p\u0159\u00edslu\u0161n\u00edk\u016f Policie \u010cR ve vztahu k dezinforma\u010dn\u00edmu p\u016fsoben\u00ed<\/strong><\/p>\n<p><em>Mgr. Lenka Jakubcov\u00e1, Ph.D., Mgr. Krist\u00fdna Holubov\u00e1, Policejn\u00ed akademie \u010cesk\u00e9 republiky v Praze, Fakulta bezpe\u010dnostn\u00edho managementu, katedra krizov\u00e9ho \u0159\u00edzen\u00ed<\/em><br \/>\n<em>pplk. doc. Ing. Karel \u0160ilinger, Ph.D., Ministerstvo obrany \u010cR, Velitelstv\u00ed kybernetick\u00fdch sil a informa\u010dn\u00edch operac\u00ed<\/em><\/p>\n<p>P\u0159\u00edsp\u011bvek poukazuje na specifick\u00e9 du\u00e1ln\u00ed postaven\u00ed p\u0159\u00edslu\u0161n\u00edk\u016f Policie \u010cR v kontextu dezinforma\u010dn\u00edho p\u016fsoben\u00ed. Tito se nach\u00e1zej\u00ed nejen v postaven\u00ed p\u0159\u00edjemc\u016f dezinforma\u010dn\u00edch obsah\u016f (stejn\u011b jako zbytek spole\u010dnosti), ale z\u00e1rove\u0148 jsou na n\u011b optikou profesn\u00edho statusu, kter\u00fd jim z\u00e1kon p\u0159izn\u00e1v\u00e1, kladeny zvl\u00e1\u0161tn\u00ed n\u00e1roky a po\u017eadavky. Ty se t\u00fdkaj\u00ed jak oblasti jejich osobn\u00ed integrity a odolnosti, tak i schopnosti rozpoznat dezinforma\u010dn\u00ed obsahy, \u017e\u00e1douc\u00edm zp\u016fsobem se v\u016f\u010di nim vymezit, identifikovat jejich p\u016fvodce a relevantn\u011b proti nim ve smyslu trestn\u00edho \u0159\u00e1du tak\u00e9 postupovat. Pr\u00e1v\u011b v tomto ohledu mus\u00ed disponovat pot\u0159ebn\u00fdmi dovednostmi, schopnostmi a kompetencemi, kter\u00e9 jim umo\u017en\u00ed v maxim\u00e1ln\u00ed mo\u017en\u00e9 m\u00ed\u0159e dezinforma\u010dn\u00ed obsahy rozpozn\u00e1vat, ov\u011b\u0159ovat jejich zdroje, \u010di p\u0159ipisovat autorstv\u00ed konkr\u00e9tn\u00edm osob\u00e1m, v jejich\u017e p\u0159\u00edpad\u011b by v \u00favahu p\u0159ich\u00e1zely trestn\u011bpr\u00e1vn\u00ed konsekvence. Auto\u0159i p\u0159\u00edsp\u011bvku p\u0159edkl\u00e1daj\u00ed metodologii \u0159e\u0161en\u00ed spo\u010d\u00edvaj\u00edc\u00ed v\u202fpropojen\u00ed v\u00fdstup\u016f v\u202frovin\u011b strategick\u00e9 (koncep\u010dn\u00ed), metodick\u00e9 a eduka\u010dn\u00ed, zam\u011b\u0159en\u00fdch na posilov\u00e1n\u00ed odolnosti p\u0159\u00edslu\u0161n\u00edk\u016f Policie \u010cR a navy\u0161ov\u00e1n\u00ed jejich kompetenc\u00ed v\u202foblasti \u010delen\u00ed dezinforma\u010dn\u00edmu p\u016fsoben\u00ed.<\/p>\n<p><strong>Kl\u00ed\u010dov\u00e1 slova:<\/strong> \u010delen\u00ed dezinforma\u010dn\u00edmu p\u016fsoben\u00ed, dezinformace, du\u00e1ln\u00ed postaven\u00ed, Policie \u010cR, odolnost.<\/p>\n<hr \/>\n<p><a href=\"https:\/\/veda.polac.cz\/?page_id=7024\">Zp\u011bt<\/a><\/p>\n","protected":false},"excerpt":{"rendered":"<p>Resum\u00e9 \u010dl\u00e1nku Du\u00e1ln\u00ed postaven\u00ed p\u0159\u00edslu\u0161n\u00edk\u016f Policie \u010cR ve vztahu k dezinforma\u010dn\u00edmu p\u016fsoben\u00ed Mgr. Lenka Jakubcov\u00e1, Ph.D., Mgr. Krist\u00fdna Holubov\u00e1, Policejn\u00ed akademie \u010cesk\u00e9 republiky v Praze, Fakulta bezpe\u010dnostn\u00edho managementu, katedra krizov\u00e9ho \u0159\u00edzen\u00ed pplk. doc. Ing. Karel \u0160ilinger, Ph.D., Ministerstvo obrany \u010cR, Velitelstv\u00ed kybernetick\u00fdch sil a informa\u010dn\u00edch operac\u00ed P\u0159\u00edsp\u011bvek poukazuje na specifick\u00e9 du\u00e1ln\u00ed postaven\u00ed p\u0159\u00edslu\u0161n\u00edk\u016f Policie \u010cR [&hellip;]<\/p>\n","protected":false},"author":6,"featured_media":0,"parent":0,"menu_order":0,"comment_status":"closed","ping_status":"closed","template":"","meta":{"footnotes":""},"class_list":["post-7027","page","type-page","status-publish","hentry"],"_links":{"self":[{"href":"https:\/\/veda.polac.cz\/index.php?rest_route=\/wp\/v2\/pages\/7027","targetHints":{"allow":["GET"]}}],"collection":[{"href":"https:\/\/veda.polac.cz\/index.php?rest_route=\/wp\/v2\/pages"}],"about":[{"href":"https:\/\/veda.polac.cz\/index.php?rest_route=\/wp\/v2\/types\/page"}],"author":[{"embeddable":true,"href":"https:\/\/veda.polac.cz\/index.php?rest_route=\/wp\/v2\/users\/6"}],"replies":[{"embeddable":true,"href":"https:\/\/veda.polac.cz\/index.php?rest_route=%2Fwp%2Fv2%2Fcomments&post=7027"}],"version-history":[{"count":2,"href":"https:\/\/veda.polac.cz\/index.php?rest_route=\/wp\/v2\/pages\/7027\/revisions"}],"predecessor-version":[{"id":7052,"href":"https:\/\/veda.polac.cz\/index.php?rest_route=\/wp\/v2\/pages\/7027\/revisions\/7052"}],"wp:attachment":[{"href":"https:\/\/veda.polac.cz\/index.php?rest_route=%2Fwp%2Fv2%2Fmedia&parent=7027"}],"curies":[{"name":"wp","href":"https:\/\/api.w.org\/{rel}","templated":true}]}}