{"id":7024,"date":"2023-03-27T13:07:12","date_gmt":"2023-03-27T13:07:12","guid":{"rendered":"https:\/\/veda.polac.cz\/?page_id=7024"},"modified":"2023-04-25T05:47:02","modified_gmt":"2023-04-25T05:47:02","slug":"01-2023","status":"publish","type":"page","link":"https:\/\/veda.polac.cz\/?page_id=7024","title":{"rendered":"01\/2023"},"content":{"rendered":"<p><strong><a href=\"https:\/\/veda.polac.cz\/?page_id=7027\">Du\u00e1ln\u00ed postaven\u00ed p\u0159\u00edslu\u0161n\u00edk\u016f Policie \u010cR ve vztahu k\u00a0dezinforma\u010dn\u00edmu p\u016fsoben\u00ed<\/a><br \/>\n<\/strong>Mgr. Lenka Jakubcov\u00e1, Ph.D., Mgr. Krist\u00fdna Holubov\u00e1, Policejn\u00ed akademie \u010cesk\u00e9 republiky v\u00a0Praze, Fakulta bezpe\u010dnostn\u00edho managementu, katedra krizov\u00e9ho \u0159\u00edzen\u00ed<br \/>\npplk. doc. Ing. Karel \u0160ilinger, Ph.D., Ministerstvo obrany \u010cR Velitelstv\u00ed kybernetick\u00fdch sil a informa\u010dn\u00edch operac\u00ed<\/p>\n<p><a href=\"https:\/\/veda.polac.cz\/wp-content\/uploads\/2023\/03\/Dualni-postaveni-prislusniku-Policie-CR-ve-vztahu-k-dezinformacnimu-pusobeni.pdf\" target=\"_blank\" rel=\"noopener\">pdf form\u00e1t<\/a><\/p>\n<hr \/>\n<p><a href=\"https:\/\/veda.polac.cz\/?page_id=7031\"><strong>\u0160ed\u00ed vlci \u2013 potenci\u00e1ln\u00ed bezpe\u010dnostn\u00ed hrozba pro Evropu<\/strong><\/a><br \/>\nMgr. Nat\u00e1lie \u010cerm\u00e1kov\u00e1, Policejn\u00ed akademie \u010cesk\u00e9 republiky v Praze,<br \/>\nFakulta bezpe\u010dnostn\u00edho managementu, katedra bezpe\u010dnostn\u00edch studi\u00ed<\/p>\n<p><a href=\"https:\/\/veda.polac.cz\/wp-content\/uploads\/2023\/03\/Sedi-vlci-\u2013-potencialni-bezpecnostni-hrozba-pro-Evropu.pdf\" target=\"_blank\" rel=\"noopener\">pdf form\u00e1t<\/a><\/p>\n<hr \/>\n<p><strong><a href=\"https:\/\/veda.polac.cz\/?page_id=7035\">Rizika radikalizace bezpe\u010dnostn\u00edch sbor\u016f v kontextu spole\u010densk\u00e9 polarizace<\/a><em><br \/>\n<\/em><\/strong>PhDr. \u0160t\u011bp\u00e1n Strnad, Ph.D., Mgr. Ond\u0159ej Kol\u00e1\u0159, Ph.D.<br \/>\nPolicejn\u00ed akademie \u010cesk\u00e9 republiky v\u00a0Praze, Fakulta bezpe\u010dnostn\u00edho managementu, katedra bezpe\u010dnostn\u00edch studi\u00ed<\/p>\n<p><a href=\"https:\/\/veda.polac.cz\/wp-content\/uploads\/2023\/03\/Rizika-radikalizace-bezpecnostnich-sboru-v-kontextu-spolecenske-polarizace.pdf\" target=\"_blank\" rel=\"noopener\">pdf form\u00e1t<\/a><\/p>\n<hr \/>\n<p><a href=\"https:\/\/veda.polac.cz\/?page_id=7038\"><strong>Zru\u0161enie pr\u00e1voplatn\u00fdch rozhodnut\u00ed v pr\u00edpravnom konan\u00ed v pr\u00e1vnom poriadku Slovenskej republiky a \u010diasto\u010dn\u00e9 porovnanie s pr\u00e1vnou \u00fapravou v \u010ceskej republike<\/strong><\/a><br \/>\ndoc. JUDr. Veronika Markov\u00e1, PhD., Akad\u00e9mia Policajn\u00e9ho zboru v Bratislave<br \/>\nkatedra trestn\u00e9ho pr\u00e1va<\/p>\n<p><a href=\"https:\/\/veda.polac.cz\/wp-content\/uploads\/2023\/03\/Zrusenie-pravoplatnych-rozhodnuti-v-pripravnom-konani-v-pravnom-poriadku-Slovenskej-republiky-a-ciastocne-porovnanie-s-pravnou-upravou-v-Ceskej-republike.pdf\" target=\"_blank\" rel=\"noopener\">pdf form\u00e1t<\/a><\/p>\n<hr \/>\n<p><a href=\"https:\/\/veda.polac.cz\/?page_id=7041\"><strong>Nov\u00e9 tuzemsk\u00e9 mo\u017enosti v oblasti kriminalistick\u00e9 identifikace <\/strong><strong>a jej\u00ed dal\u0161\u00ed perspektivy<\/strong><\/a><br \/>\ndoc. Ing. Jaroslav Such\u00e1nek, CSc., Policejn\u00ed akademie \u010cesk\u00e9 republiky v Praze,<br \/>\nFakulta bezpe\u010dnostn\u011b pr\u00e1vn\u00ed, katedra kriminalistiky<\/p>\n<p><a href=\"https:\/\/veda.polac.cz\/wp-content\/uploads\/2023\/03\/Nove-tuzemske-moznosti-v-oblasti-kriminalisticke-identifikace-a-jeji-dalsi-perspektivy.pdf\" target=\"_blank\" rel=\"noopener\">pdf form\u00e1t<\/a><\/p>\n<hr \/>\n<p><a href=\"https:\/\/veda.polac.cz\/?page_id=7044\"><strong>Mo\u017enosti vyu\u017eit\u00ed AED zdravotnick\u00fdch dopravn\u00edch slu\u017eeb p\u0159i n\u00e1hl\u00e9 z\u00e1stav\u011b ob\u011bhu<\/strong><\/a><br \/>\nIng. Krist\u00fdna Matou\u0161ov\u00e1, Ing. Roman \u0158\u00edha, \u010cesk\u00e9 vysok\u00e9 u\u010den\u00ed technick\u00e9 v Praze, Fakulta biomedic\u00ednsk\u00e9ho in\u017een\u00fdrstv\u00ed, katedra zdravotnick\u00fdch obor\u016f a ochrany obyvatelstva<br \/>\nMgr. Romana \u017dihlavn\u00edkov\u00e1, Univerzita Palack\u00e9ho Olomouc, P\u0159\u00edrodov\u011bdeck\u00e1 fakulta<br \/>\nkatedra ekologie a \u017eivotn\u00edho prost\u0159ed\u00ed<\/p>\n<p><a href=\"https:\/\/veda.polac.cz\/wp-content\/uploads\/2023\/03\/Moznosti-vyuziti-AED-zdravotnickych-dopravnich-sluzeb-pri-nahle-zastave-obehu.pdf\" target=\"_blank\" rel=\"noopener\">pdf form\u00e1t<\/a><\/p>\n<hr \/>\n<p><a href=\"https:\/\/veda.polac.cz\/?page_id=7047\"><strong>Pilot\u00e1\u017e hern\u00ed aplikace pro v\u010dasnou detekci zranitelnosti seniora v\u016f\u010di zneu\u017e\u00edv\u00e1n\u00ed<\/strong><\/a><br \/>\nMgr. Petra Ponocn\u00e1, PhD., Mgr. et Mgr. Tereza \u010cechov\u00e1, Institut evaluac\u00ed<br \/>\na soci\u00e1ln\u00edch anal\u00fdz<\/p>\n<p><a href=\"https:\/\/veda.polac.cz\/wp-content\/uploads\/2023\/03\/Pilotaz-herni-aplikace-pro-vcasnou-detekci-zranitelnosti-seniora-vuci-zneuzivani.pdf\" target=\"_blank\" rel=\"noopener\">pdf form\u00e1t<\/a><\/p>\n<hr \/>\n<p><strong>Pozv\u00e1nka na konferenci<\/strong><\/p>\n<hr \/>\n","protected":false},"excerpt":{"rendered":"<p>Du\u00e1ln\u00ed postaven\u00ed p\u0159\u00edslu\u0161n\u00edk\u016f Policie \u010cR ve vztahu k\u00a0dezinforma\u010dn\u00edmu p\u016fsoben\u00ed Mgr. Lenka Jakubcov\u00e1, Ph.D., Mgr. Krist\u00fdna Holubov\u00e1, Policejn\u00ed akademie \u010cesk\u00e9 republiky v\u00a0Praze, Fakulta bezpe\u010dnostn\u00edho managementu, katedra krizov\u00e9ho \u0159\u00edzen\u00ed pplk. doc. Ing. Karel \u0160ilinger, Ph.D., Ministerstvo obrany \u010cR Velitelstv\u00ed kybernetick\u00fdch sil a informa\u010dn\u00edch operac\u00ed pdf form\u00e1t \u0160ed\u00ed vlci \u2013 potenci\u00e1ln\u00ed bezpe\u010dnostn\u00ed hrozba pro Evropu Mgr. Nat\u00e1lie \u010cerm\u00e1kov\u00e1, [&hellip;]<\/p>\n","protected":false},"author":6,"featured_media":0,"parent":0,"menu_order":0,"comment_status":"closed","ping_status":"closed","template":"","meta":{"footnotes":""},"class_list":["post-7024","page","type-page","status-publish","hentry"],"_links":{"self":[{"href":"https:\/\/veda.polac.cz\/index.php?rest_route=\/wp\/v2\/pages\/7024","targetHints":{"allow":["GET"]}}],"collection":[{"href":"https:\/\/veda.polac.cz\/index.php?rest_route=\/wp\/v2\/pages"}],"about":[{"href":"https:\/\/veda.polac.cz\/index.php?rest_route=\/wp\/v2\/types\/page"}],"author":[{"embeddable":true,"href":"https:\/\/veda.polac.cz\/index.php?rest_route=\/wp\/v2\/users\/6"}],"replies":[{"embeddable":true,"href":"https:\/\/veda.polac.cz\/index.php?rest_route=%2Fwp%2Fv2%2Fcomments&post=7024"}],"version-history":[{"count":8,"href":"https:\/\/veda.polac.cz\/index.php?rest_route=\/wp\/v2\/pages\/7024\/revisions"}],"predecessor-version":[{"id":7098,"href":"https:\/\/veda.polac.cz\/index.php?rest_route=\/wp\/v2\/pages\/7024\/revisions\/7098"}],"wp:attachment":[{"href":"https:\/\/veda.polac.cz\/index.php?rest_route=%2Fwp%2Fv2%2Fmedia&parent=7024"}],"curies":[{"name":"wp","href":"https:\/\/api.w.org\/{rel}","templated":true}]}}