{"id":700,"date":"2018-09-13T19:12:49","date_gmt":"2018-09-13T19:12:49","guid":{"rendered":"http:\/\/veda.polac.cz\/?page_id=700"},"modified":"2018-10-27T19:02:54","modified_gmt":"2018-10-27T19:02:54","slug":"10-2","status":"publish","type":"page","link":"https:\/\/veda.polac.cz\/?page_id=700","title":{"rendered":""},"content":{"rendered":"<p style=\"text-align: center;\">Resum\u00e9 \u010dl\u00e1nku<\/p>\n<p><strong>Efektivita odborn\u00e9ho zach\u00e1zen\u00ed s v\u011bzn\u011bn\u00fdmi osobami<br \/>\n<\/strong><i>PhDr. Pavel Hor\u00e1k, V\u011bze\u0148sk\u00e1 slu\u017eba \u010cR<\/p>\n<p><\/i>P\u0159\u00edsp\u011bvek se zab\u00fdv\u00e1 problematikou odborn\u00e9ho zach\u00e1zen\u00ed s v\u011bzn\u011bn\u00fdmi osobami v podm\u00ednk\u00e1ch \u010desk\u00fdch v\u011bznic. Prezentuje t\u00e9\u017e nov\u00fd prediktivn\u00ed n\u00e1stroj na hodnocen\u00ed rizik a kriminogenn\u00edch pot\u0159eb odsouzen\u00fdch SARPO (Souhrnn\u00e1 Anal\u00fdza Rizik a Pot\u0159eb Odsouzen\u00fdch), kter\u00fd umo\u017e\u0148uje odborn\u00fdm zam\u011bstnanc\u016fm l\u00e9pe diferencovat p\u0159i v\u00fdb\u011bru vhodn\u00e9 intervence.<br \/>\n<strong>Kl\u00ed\u010dov\u00e1 slova<\/strong>: v\u011bznice, \u00fa\u010del trestu, trest odn\u011bt\u00ed svobody, zach\u00e1zen\u00ed, kriminogenn\u00ed rizika.<i><br \/>\n<\/i><\/p>\n<p><a href=\"https:\/\/veda.polac.cz\/?page_id=680\">02\/2015<\/a><\/p>\n","protected":false},"excerpt":{"rendered":"<p>Resum\u00e9 \u010dl\u00e1nku Efektivita odborn\u00e9ho zach\u00e1zen\u00ed s v\u011bzn\u011bn\u00fdmi osobami PhDr. Pavel Hor\u00e1k, V\u011bze\u0148sk\u00e1 slu\u017eba \u010cR P\u0159\u00edsp\u011bvek se zab\u00fdv\u00e1 problematikou odborn\u00e9ho zach\u00e1zen\u00ed s v\u011bzn\u011bn\u00fdmi osobami v podm\u00ednk\u00e1ch \u010desk\u00fdch v\u011bznic. Prezentuje t\u00e9\u017e nov\u00fd prediktivn\u00ed n\u00e1stroj na hodnocen\u00ed rizik a kriminogenn\u00edch pot\u0159eb odsouzen\u00fdch SARPO (Souhrnn\u00e1 Anal\u00fdza Rizik a Pot\u0159eb Odsouzen\u00fdch), kter\u00fd umo\u017e\u0148uje odborn\u00fdm zam\u011bstnanc\u016fm l\u00e9pe diferencovat p\u0159i v\u00fdb\u011bru vhodn\u00e9 [&hellip;]<\/p>\n","protected":false},"author":2,"featured_media":0,"parent":680,"menu_order":10,"comment_status":"closed","ping_status":"closed","template":"","meta":{"footnotes":""},"class_list":["post-700","page","type-page","status-publish","hentry"],"_links":{"self":[{"href":"https:\/\/veda.polac.cz\/index.php?rest_route=\/wp\/v2\/pages\/700","targetHints":{"allow":["GET"]}}],"collection":[{"href":"https:\/\/veda.polac.cz\/index.php?rest_route=\/wp\/v2\/pages"}],"about":[{"href":"https:\/\/veda.polac.cz\/index.php?rest_route=\/wp\/v2\/types\/page"}],"author":[{"embeddable":true,"href":"https:\/\/veda.polac.cz\/index.php?rest_route=\/wp\/v2\/users\/2"}],"replies":[{"embeddable":true,"href":"https:\/\/veda.polac.cz\/index.php?rest_route=%2Fwp%2Fv2%2Fcomments&post=700"}],"version-history":[{"count":2,"href":"https:\/\/veda.polac.cz\/index.php?rest_route=\/wp\/v2\/pages\/700\/revisions"}],"predecessor-version":[{"id":710,"href":"https:\/\/veda.polac.cz\/index.php?rest_route=\/wp\/v2\/pages\/700\/revisions\/710"}],"up":[{"embeddable":true,"href":"https:\/\/veda.polac.cz\/index.php?rest_route=\/wp\/v2\/pages\/680"}],"wp:attachment":[{"href":"https:\/\/veda.polac.cz\/index.php?rest_route=%2Fwp%2Fv2%2Fmedia&parent=700"}],"curies":[{"name":"wp","href":"https:\/\/api.w.org\/{rel}","templated":true}]}}