{"id":698,"date":"2018-09-13T19:11:45","date_gmt":"2018-09-13T19:11:45","guid":{"rendered":"http:\/\/veda.polac.cz\/?page_id=698"},"modified":"2018-10-27T19:02:54","modified_gmt":"2018-10-27T19:02:54","slug":"9-2","status":"publish","type":"page","link":"https:\/\/veda.polac.cz\/?page_id=698","title":{"rendered":""},"content":{"rendered":"<p style=\"text-align: center;\">Resum\u00e9 \u010dl\u00e1nku<\/p>\n<p><strong>Trestn\u00e1 \u010dinnost s extremistick\u00fdm podtextem a spolupr\u00e1ce policie s justic\u00ed (v\u00fdsledky expertn\u00edho \u0161et\u0159en\u00ed mezi specialisty P\u010cR)<br \/>\n<\/strong><i>Mgr. Jakub Holas, Institut pro kriminologii a soci\u00e1ln\u00ed prevenci, Praha<\/p>\n<p><\/i>IKSP \u0159e\u0161il v letech 2011-2013 \u00fakol, zam\u011b\u0159en\u00fd na v\u00fdskyt radik\u00e1ln\u00edch a\u017e extremistick\u00fdch postoj\u016f mezi ml\u00e1de\u017e\u00ed. Jedn\u00edm z d\u00edl\u010d\u00edch v\u00fdzkum\u016f v r\u00e1mci projektu bylo i expertn\u00ed \u0161et\u0159en\u00ed mezi policisty, specializovan\u00fdmi na vy\u0161et\u0159ov\u00e1n\u00ed extremisticky motivovan\u00e9 kriminality.<br \/>\n<strong>Kl\u00ed\u010dov\u00e1 slova<\/strong>: extremismus, policie, v\u00fdzkum, expert.<\/p>\n<p><a href=\"https:\/\/veda.polac.cz\/?page_id=680\">02\/2015<\/a><\/p>\n<p>&nbsp;<\/p>\n","protected":false},"excerpt":{"rendered":"<p>Resum\u00e9 \u010dl\u00e1nku Trestn\u00e1 \u010dinnost s extremistick\u00fdm podtextem a spolupr\u00e1ce policie s justic\u00ed (v\u00fdsledky expertn\u00edho \u0161et\u0159en\u00ed mezi specialisty P\u010cR) Mgr. Jakub Holas, Institut pro kriminologii a soci\u00e1ln\u00ed prevenci, Praha IKSP \u0159e\u0161il v letech 2011-2013 \u00fakol, zam\u011b\u0159en\u00fd na v\u00fdskyt radik\u00e1ln\u00edch a\u017e extremistick\u00fdch postoj\u016f mezi ml\u00e1de\u017e\u00ed. Jedn\u00edm z d\u00edl\u010d\u00edch v\u00fdzkum\u016f v r\u00e1mci projektu bylo i expertn\u00ed \u0161et\u0159en\u00ed mezi [&hellip;]<\/p>\n","protected":false},"author":2,"featured_media":0,"parent":680,"menu_order":9,"comment_status":"closed","ping_status":"closed","template":"","meta":{"footnotes":""},"class_list":["post-698","page","type-page","status-publish","hentry"],"_links":{"self":[{"href":"https:\/\/veda.polac.cz\/index.php?rest_route=\/wp\/v2\/pages\/698","targetHints":{"allow":["GET"]}}],"collection":[{"href":"https:\/\/veda.polac.cz\/index.php?rest_route=\/wp\/v2\/pages"}],"about":[{"href":"https:\/\/veda.polac.cz\/index.php?rest_route=\/wp\/v2\/types\/page"}],"author":[{"embeddable":true,"href":"https:\/\/veda.polac.cz\/index.php?rest_route=\/wp\/v2\/users\/2"}],"replies":[{"embeddable":true,"href":"https:\/\/veda.polac.cz\/index.php?rest_route=%2Fwp%2Fv2%2Fcomments&post=698"}],"version-history":[{"count":2,"href":"https:\/\/veda.polac.cz\/index.php?rest_route=\/wp\/v2\/pages\/698\/revisions"}],"predecessor-version":[{"id":709,"href":"https:\/\/veda.polac.cz\/index.php?rest_route=\/wp\/v2\/pages\/698\/revisions\/709"}],"up":[{"embeddable":true,"href":"https:\/\/veda.polac.cz\/index.php?rest_route=\/wp\/v2\/pages\/680"}],"wp:attachment":[{"href":"https:\/\/veda.polac.cz\/index.php?rest_route=%2Fwp%2Fv2%2Fmedia&parent=698"}],"curies":[{"name":"wp","href":"https:\/\/api.w.org\/{rel}","templated":true}]}}