{"id":696,"date":"2018-09-13T19:10:45","date_gmt":"2018-09-13T19:10:45","guid":{"rendered":"http:\/\/veda.polac.cz\/?page_id=696"},"modified":"2018-10-27T19:02:54","modified_gmt":"2018-10-27T19:02:54","slug":"8-2","status":"publish","type":"page","link":"https:\/\/veda.polac.cz\/?page_id=696","title":{"rendered":""},"content":{"rendered":"<p style=\"text-align: center;\">Resum\u00e9 \u010dl\u00e1nku<\/p>\n<p><strong>K pl\u00e1novan\u00e9 novele z\u00e1kona o zpravodajsk\u00fdch slu\u017eb\u00e1ch<br \/>\n<\/strong><i>Mgr. V\u00edt\u011bzslav Koz\u00e1k, odbor legislativy a koordinace p\u0159edpis\u016f, Ministerstvo vnitra \u010cesk\u00e9 republiky, Praha<\/p>\n<p><\/i>\u010cl\u00e1nek m\u00e1 za c\u00edl p\u0159edstavit pl\u00e1novan\u00e9 legislativn\u00ed zm\u011bny z\u00e1kona \u010d\u00edslo 153\/1994 Sb., o zpravodajsk\u00fdch slu\u017eb\u00e1ch \u010cesk\u00e9 republiky, ve zn\u011bn\u00ed pozd\u011bj\u0161\u00edch p\u0159edpis\u016f. Tyto zm\u011bny maj\u00ed za c\u00edl roz\u0161\u00ed\u0159it okruh zdroj\u016f, je\u017e zpravodajsk\u00fdm slu\u017eb\u00e1m poskytuj\u00ed cenn\u00e9 informace pro boj nejen s terorismem. \u010cl\u00e1nek se t\u00e9\u017e zam\u011b\u0159\u00ed na stav dosavadn\u00ed legislativy a zm\u00edn\u00ed i n\u011bkter\u00e9 t\u011b\u017ekosti, kter\u00fdm zpravodajsk\u00e9 slu\u017eby v sou\u010dasnosti \u010del\u00ed. Rovn\u011b\u017e komplexn\u011b zhodnot\u00ed mo\u017en\u00e9 p\u0159\u00ednosy budouc\u00edho \u0159e\u0161en\u00ed.<br \/>\n<strong>Kl\u00ed\u010dov\u00e1 slova<\/strong>: Zpravodajsk\u00e9 slu\u017eby, pravomoc, legislativa.<\/p>\n<p><a href=\"https:\/\/veda.polac.cz\/?page_id=680\">02\/2015<\/a><\/p>\n","protected":false},"excerpt":{"rendered":"<p>Resum\u00e9 \u010dl\u00e1nku K pl\u00e1novan\u00e9 novele z\u00e1kona o zpravodajsk\u00fdch slu\u017eb\u00e1ch Mgr. V\u00edt\u011bzslav Koz\u00e1k, odbor legislativy a koordinace p\u0159edpis\u016f, Ministerstvo vnitra \u010cesk\u00e9 republiky, Praha \u010cl\u00e1nek m\u00e1 za c\u00edl p\u0159edstavit pl\u00e1novan\u00e9 legislativn\u00ed zm\u011bny z\u00e1kona \u010d\u00edslo 153\/1994 Sb., o zpravodajsk\u00fdch slu\u017eb\u00e1ch \u010cesk\u00e9 republiky, ve zn\u011bn\u00ed pozd\u011bj\u0161\u00edch p\u0159edpis\u016f. Tyto zm\u011bny maj\u00ed za c\u00edl roz\u0161\u00ed\u0159it okruh zdroj\u016f, je\u017e zpravodajsk\u00fdm slu\u017eb\u00e1m poskytuj\u00ed [&hellip;]<\/p>\n","protected":false},"author":2,"featured_media":0,"parent":680,"menu_order":8,"comment_status":"closed","ping_status":"closed","template":"","meta":{"footnotes":""},"class_list":["post-696","page","type-page","status-publish","hentry"],"_links":{"self":[{"href":"https:\/\/veda.polac.cz\/index.php?rest_route=\/wp\/v2\/pages\/696","targetHints":{"allow":["GET"]}}],"collection":[{"href":"https:\/\/veda.polac.cz\/index.php?rest_route=\/wp\/v2\/pages"}],"about":[{"href":"https:\/\/veda.polac.cz\/index.php?rest_route=\/wp\/v2\/types\/page"}],"author":[{"embeddable":true,"href":"https:\/\/veda.polac.cz\/index.php?rest_route=\/wp\/v2\/users\/2"}],"replies":[{"embeddable":true,"href":"https:\/\/veda.polac.cz\/index.php?rest_route=%2Fwp%2Fv2%2Fcomments&post=696"}],"version-history":[{"count":2,"href":"https:\/\/veda.polac.cz\/index.php?rest_route=\/wp\/v2\/pages\/696\/revisions"}],"predecessor-version":[{"id":708,"href":"https:\/\/veda.polac.cz\/index.php?rest_route=\/wp\/v2\/pages\/696\/revisions\/708"}],"up":[{"embeddable":true,"href":"https:\/\/veda.polac.cz\/index.php?rest_route=\/wp\/v2\/pages\/680"}],"wp:attachment":[{"href":"https:\/\/veda.polac.cz\/index.php?rest_route=%2Fwp%2Fv2%2Fmedia&parent=696"}],"curies":[{"name":"wp","href":"https:\/\/api.w.org\/{rel}","templated":true}]}}