{"id":6952,"date":"2022-12-28T09:23:23","date_gmt":"2022-12-28T09:23:23","guid":{"rendered":"https:\/\/veda.polac.cz\/?page_id=6952"},"modified":"2022-12-28T09:24:42","modified_gmt":"2022-12-28T09:24:42","slug":"6952-2","status":"publish","type":"page","link":"https:\/\/veda.polac.cz\/?page_id=6952","title":{"rendered":""},"content":{"rendered":"<p style=\"text-align: center;\"><a name=\"_Toc19908532\"><\/a>Resum\u00e9 \u010dl\u00e1nku<\/p>\n<p><strong>Zm\u011bna organiza\u010dn\u00ed struktury HZS \u010cR \u2013 N\u00e1rodn\u00ed opera\u010dn\u00ed a\u00a0informa\u010dn\u00ed st\u0159edisko<\/strong><\/p>\n<p>mjr. PhDr. Mgr. Miroslav Matou\u0161, Policejn\u00ed akademie \u010cesk\u00e9 republiky v\u00a0Praze, student doktorsk\u00e9ho studijn\u00edho programu<\/p>\n<p>P\u0159edlo\u017een\u00fd p\u0159\u00edsp\u011bvek informuje o\u00a0nov\u011b zaveden\u00e9m n\u00e1zvu N\u00e1rodn\u00ed opera\u010dn\u00ed a\u00a0informa\u010dn\u00ed st\u0159edisko, kter\u00fd se za\u010dal intern\u011b vyu\u017e\u00edvat v\u00a0praxi opera\u010dn\u00edho \u0159\u00edzen\u00ed u\u00a0Hasi\u010dsk\u00e9ho z\u00e1chrann\u00e9ho sboru \u010cesk\u00e9 republiky. Pracovi\u0161t\u011b je organiza\u010dn\u00ed sou\u010d\u00e1st\u00ed Ministerstva vnitra \u2013 gener\u00e1ln\u00edho \u0159editelstv\u00ed Hasi\u010dsk\u00e9ho z\u00e1chrann\u00e9ho sboru \u010cesk\u00e9 republiky. N\u00e1zev byl zaveden v\u00a0r\u00e1mci zm\u011bny organiza\u010dn\u00ed struktury tohoto subjektu. V\u00a0n\u00e1sleduj\u00edc\u00edm obdob\u00ed bude prob\u00edhat jeho intern\u00ed schvalov\u00e1n\u00ed a\u00a0implementace v\u00a0r\u00e1mci Ministerstva vnitra \u010cesk\u00e9 republiky. Pojem je nutn\u00e9 v\u00a0tuto chv\u00edli vn\u00edmat pouze jako nov\u00e9 pojmenov\u00e1n\u00ed odd\u011blen\u00ed, kter\u00e9 je sou\u010d\u00e1st\u00ed Odboru opera\u010dn\u00edho \u0159\u00edzen\u00ed. V\u00a0budoucnu lze p\u0159edpokl\u00e1dat jeho ofici\u00e1ln\u00ed zaveden\u00ed do terminologie opera\u010dn\u00edch a\u00a0informa\u010dn\u00edch st\u0159edisek integrovan\u00e9ho z\u00e1chrann\u00e9ho syst\u00e9mu, co\u017e bude vy\u017eadovat novelizaci intern\u00edch akt\u016f \u0159\u00edzen\u00ed a\u00a0dal\u0161\u00edch dokument\u016f a\u00a0d\u00e1le novelizaci p\u0159\u00edslu\u0161n\u00fdch pr\u00e1vn\u00edch p\u0159edpis\u016f p\u0159edev\u0161\u00edm v\u00a0oblasti integrovan\u00e9ho z\u00e1chrann\u00e9ho syst\u00e9mu. Nov\u00fd dopln\u011bn\u00fd n\u00e1zev vyzdvihuje \u0159\u00edd\u00edc\u00ed postaven\u00ed a\u00a0zam\u011b\u0159en\u00ed tohoto pracovi\u0161t\u011b s\u00a0celost\u00e1tn\u00ed p\u016fsobnost\u00ed v\u00a0r\u00e1mci hierarchie opera\u010dn\u00edch a\u00a0informa\u010dn\u00edch st\u0159edisek.<\/p>\n<p><strong>Kl\u00ed\u010dov\u00e1 slova:<\/strong> gener\u00e1ln\u00ed \u0159editelstv\u00ed, Integrovan\u00fd z\u00e1chrann\u00fd syst\u00e9m, N\u00e1rodn\u00ed opera\u010dn\u00ed a\u00a0informa\u010dn\u00ed st\u0159edisko, opera\u010dn\u00ed st\u0159edisko, organiza\u010dn\u00ed struktura.<\/p>\n<hr \/>\n<p><a href=\"https:\/\/veda.polac.cz\/?page_id=6919\">Zp\u011bt<\/a><\/p>\n","protected":false},"excerpt":{"rendered":"<p>Resum\u00e9 \u010dl\u00e1nku Zm\u011bna organiza\u010dn\u00ed struktury HZS \u010cR \u2013 N\u00e1rodn\u00ed opera\u010dn\u00ed a\u00a0informa\u010dn\u00ed st\u0159edisko mjr. PhDr. Mgr. Miroslav Matou\u0161, Policejn\u00ed akademie \u010cesk\u00e9 republiky v\u00a0Praze, student doktorsk\u00e9ho studijn\u00edho programu P\u0159edlo\u017een\u00fd p\u0159\u00edsp\u011bvek informuje o\u00a0nov\u011b zaveden\u00e9m n\u00e1zvu N\u00e1rodn\u00ed opera\u010dn\u00ed a\u00a0informa\u010dn\u00ed st\u0159edisko, kter\u00fd se za\u010dal intern\u011b vyu\u017e\u00edvat v\u00a0praxi opera\u010dn\u00edho \u0159\u00edzen\u00ed u\u00a0Hasi\u010dsk\u00e9ho z\u00e1chrann\u00e9ho sboru \u010cesk\u00e9 republiky. Pracovi\u0161t\u011b je organiza\u010dn\u00ed sou\u010d\u00e1st\u00ed Ministerstva vnitra [&hellip;]<\/p>\n","protected":false},"author":6,"featured_media":0,"parent":0,"menu_order":0,"comment_status":"closed","ping_status":"closed","template":"","meta":{"footnotes":""},"class_list":["post-6952","page","type-page","status-publish","hentry"],"_links":{"self":[{"href":"https:\/\/veda.polac.cz\/index.php?rest_route=\/wp\/v2\/pages\/6952","targetHints":{"allow":["GET"]}}],"collection":[{"href":"https:\/\/veda.polac.cz\/index.php?rest_route=\/wp\/v2\/pages"}],"about":[{"href":"https:\/\/veda.polac.cz\/index.php?rest_route=\/wp\/v2\/types\/page"}],"author":[{"embeddable":true,"href":"https:\/\/veda.polac.cz\/index.php?rest_route=\/wp\/v2\/users\/6"}],"replies":[{"embeddable":true,"href":"https:\/\/veda.polac.cz\/index.php?rest_route=%2Fwp%2Fv2%2Fcomments&post=6952"}],"version-history":[{"count":2,"href":"https:\/\/veda.polac.cz\/index.php?rest_route=\/wp\/v2\/pages\/6952\/revisions"}],"predecessor-version":[{"id":6956,"href":"https:\/\/veda.polac.cz\/index.php?rest_route=\/wp\/v2\/pages\/6952\/revisions\/6956"}],"wp:attachment":[{"href":"https:\/\/veda.polac.cz\/index.php?rest_route=%2Fwp%2Fv2%2Fmedia&parent=6952"}],"curies":[{"name":"wp","href":"https:\/\/api.w.org\/{rel}","templated":true}]}}