{"id":6948,"date":"2022-12-28T09:08:04","date_gmt":"2022-12-28T09:08:04","guid":{"rendered":"https:\/\/veda.polac.cz\/?page_id=6948"},"modified":"2022-12-28T09:08:05","modified_gmt":"2022-12-28T09:08:05","slug":"6948-2","status":"publish","type":"page","link":"https:\/\/veda.polac.cz\/?page_id=6948","title":{"rendered":""},"content":{"rendered":"<p style=\"text-align: center;\">Resume \u010dl\u00e1nku<\/p>\n<p><strong>Ochrana osobn\u00edch \u00fadaj\u016f v\u00a0souvislosti s\u00a0provozem kamerov\u00fdch syst\u00e9m\u016f<\/strong><\/p>\n<p><em>kpt. Mgr. Patrik Sobotka, Akademie V\u011bze\u0148sk\u00e9 slu\u017eby \u010cesk\u00e9 republiky, Odd\u011blen\u00ed pedagogick\u00e9<\/em><\/p>\n<p>C\u00edlem tohoto \u010dl\u00e1nku je p\u0159edev\u0161\u00edm sezn\u00e1mit \u010dten\u00e1\u0159e se st\u011b\u017eejn\u00edmi aspekty ochrany osobn\u00edch \u00fadaj\u016f, k\u00a0jejich\u017e zpracov\u00e1v\u00e1n\u00ed doch\u00e1z\u00ed p\u0159i provozu kamerov\u00fdch syst\u00e9m\u016f. Zpo\u010d\u00e1tku bude pojedn\u00e1no o\u00a0z\u00e1kladn\u00edch pr\u00e1vn\u00edch p\u0159edpisech a\u00a0d\u016fle\u017eit\u00fdch pr\u00e1vn\u00edch institutech, kter\u00e9 s\u00a0provozem kamerov\u00fdch syst\u00e9m\u016f bezprost\u0159edn\u011b souvisej\u00ed. N\u00e1sledn\u011b bude pozornost v\u011bnov\u00e1na povinnostem osob p\u0159i provozu kamerov\u00e9ho syst\u00e9mu a\u00a0z\u00e1v\u011brem bude pops\u00e1na specifick\u00e1 oblast provozu kamerov\u00e9ho syst\u00e9mu v\u00a0zam\u011bstn\u00e1n\u00ed, kdy mezi spr\u00e1vcem kamerov\u00e9ho syst\u00e9mu a\u00a0subjekty \u00fadaj\u016f existuje speci\u00e1ln\u00ed \u010dili pracovn\u00ed, vztah.<\/p>\n<p><strong>Kl\u00ed\u010dov\u00e1 slova:<\/strong> osobn\u00ed \u00fadaj, ochrana, zpracov\u00e1n\u00ed, kamerov\u00e9 syst\u00e9my.<\/p>\n<hr \/>\n<p><a href=\"https:\/\/veda.polac.cz\/?page_id=6919\">Zp\u011bt<\/a><\/p>\n","protected":false},"excerpt":{"rendered":"<p>Resume \u010dl\u00e1nku Ochrana osobn\u00edch \u00fadaj\u016f v\u00a0souvislosti s\u00a0provozem kamerov\u00fdch syst\u00e9m\u016f kpt. Mgr. Patrik Sobotka, Akademie V\u011bze\u0148sk\u00e9 slu\u017eby \u010cesk\u00e9 republiky, Odd\u011blen\u00ed pedagogick\u00e9 C\u00edlem tohoto \u010dl\u00e1nku je p\u0159edev\u0161\u00edm sezn\u00e1mit \u010dten\u00e1\u0159e se st\u011b\u017eejn\u00edmi aspekty ochrany osobn\u00edch \u00fadaj\u016f, k\u00a0jejich\u017e zpracov\u00e1v\u00e1n\u00ed doch\u00e1z\u00ed p\u0159i provozu kamerov\u00fdch syst\u00e9m\u016f. Zpo\u010d\u00e1tku bude pojedn\u00e1no o\u00a0z\u00e1kladn\u00edch pr\u00e1vn\u00edch p\u0159edpisech a\u00a0d\u016fle\u017eit\u00fdch pr\u00e1vn\u00edch institutech, kter\u00e9 s\u00a0provozem kamerov\u00fdch syst\u00e9m\u016f bezprost\u0159edn\u011b souvisej\u00ed. [&hellip;]<\/p>\n","protected":false},"author":6,"featured_media":0,"parent":0,"menu_order":0,"comment_status":"closed","ping_status":"closed","template":"","meta":{"footnotes":""},"class_list":["post-6948","page","type-page","status-publish","hentry"],"_links":{"self":[{"href":"https:\/\/veda.polac.cz\/index.php?rest_route=\/wp\/v2\/pages\/6948","targetHints":{"allow":["GET"]}}],"collection":[{"href":"https:\/\/veda.polac.cz\/index.php?rest_route=\/wp\/v2\/pages"}],"about":[{"href":"https:\/\/veda.polac.cz\/index.php?rest_route=\/wp\/v2\/types\/page"}],"author":[{"embeddable":true,"href":"https:\/\/veda.polac.cz\/index.php?rest_route=\/wp\/v2\/users\/6"}],"replies":[{"embeddable":true,"href":"https:\/\/veda.polac.cz\/index.php?rest_route=%2Fwp%2Fv2%2Fcomments&post=6948"}],"version-history":[{"count":1,"href":"https:\/\/veda.polac.cz\/index.php?rest_route=\/wp\/v2\/pages\/6948\/revisions"}],"predecessor-version":[{"id":6949,"href":"https:\/\/veda.polac.cz\/index.php?rest_route=\/wp\/v2\/pages\/6948\/revisions\/6949"}],"wp:attachment":[{"href":"https:\/\/veda.polac.cz\/index.php?rest_route=%2Fwp%2Fv2%2Fmedia&parent=6948"}],"curies":[{"name":"wp","href":"https:\/\/api.w.org\/{rel}","templated":true}]}}