{"id":694,"date":"2018-09-13T19:09:48","date_gmt":"2018-09-13T19:09:48","guid":{"rendered":"http:\/\/veda.polac.cz\/?page_id=694"},"modified":"2018-10-27T19:02:54","modified_gmt":"2018-10-27T19:02:54","slug":"7-2","status":"publish","type":"page","link":"https:\/\/veda.polac.cz\/?page_id=694","title":{"rendered":""},"content":{"rendered":"<p style=\"text-align: center;\">Resum\u00e9 \u010dl\u00e1nku<\/p>\n<p><strong>Anal\u00fdza s\u00fa\u010dasn\u00e9ho stavu vyhodnocovania bezpe\u010dnostnej situ\u00e1cie kraj\u00edn V4<br \/>\n<\/strong><i>doc. Ing. Ladislav Nov\u00e1k, PhD., JUDr. Ing. Lubo\u0161 Mahdo\u0148, Fakulta bezpe\u010dnostn\u00e9ho in\u017einierstva \u017dU v \u017diline, Katedra kr\u00edzov\u00e9ho mana\u017ementu<\/p>\n<p><\/i>\u010cl\u00e1nek se zab\u00fdv\u00e1 problematikou vyhodnocov\u00e1n\u00ed n\u00e1rodn\u00ed a mezin\u00e1rodn\u00ed bezpe\u010dnostn\u00ed situace ve st\u00e1tech V4. Vych\u00e1z\u00ed z rozboru pr\u00e1vn\u00edho prost\u0159ed\u00ed, kter\u00e9 ukl\u00e1d\u00e1 vyhodnocovat bezpe\u010dnostn\u00ed situaci p\u0159edev\u0161\u00edm org\u00e1n\u016fm st\u00e1tn\u00ed spr\u00e1vy. Institucion\u00e1ln\u00ed, pr\u00e1vn\u00ed a dokumenta\u010dn\u00ed prost\u0159ed\u00ed na vyhodnocov\u00e1n\u00ed bezpe\u010dnostn\u00ed situace je velmi rozd\u00edln\u00e9. Uva\u017eovat o jednotn\u00e9m syst\u00e9mu vyhodnocov\u00e1n\u00ed bezpe\u010dnostn\u00ed situace zem\u00ed V4 je zat\u00edm nere\u00e1ln\u00e9. Koordinace je mo\u017en\u00e1 na \u00farovni bezpe\u010dnostn\u00edch rad.<br \/>\n<strong>Kl\u00ed\u010dov\u00e1 slova<\/strong>: n\u00e1rodn\u00ed bezpe\u010dnost, mezin\u00e1rodn\u00ed bezpe\u010dnost, bezpe\u010dnostn\u00ed prost\u0159ed\u00ed, krizov\u00fd management.<\/p>\n<p><a href=\"https:\/\/veda.polac.cz\/?page_id=680\">02\/2015<\/a><\/p>\n","protected":false},"excerpt":{"rendered":"<p>Resum\u00e9 \u010dl\u00e1nku Anal\u00fdza s\u00fa\u010dasn\u00e9ho stavu vyhodnocovania bezpe\u010dnostnej situ\u00e1cie kraj\u00edn V4 doc. Ing. Ladislav Nov\u00e1k, PhD., JUDr. Ing. Lubo\u0161 Mahdo\u0148, Fakulta bezpe\u010dnostn\u00e9ho in\u017einierstva \u017dU v \u017diline, Katedra kr\u00edzov\u00e9ho mana\u017ementu \u010cl\u00e1nek se zab\u00fdv\u00e1 problematikou vyhodnocov\u00e1n\u00ed n\u00e1rodn\u00ed a mezin\u00e1rodn\u00ed bezpe\u010dnostn\u00ed situace ve st\u00e1tech V4. Vych\u00e1z\u00ed z rozboru pr\u00e1vn\u00edho prost\u0159ed\u00ed, kter\u00e9 ukl\u00e1d\u00e1 vyhodnocovat bezpe\u010dnostn\u00ed situaci p\u0159edev\u0161\u00edm org\u00e1n\u016fm st\u00e1tn\u00ed spr\u00e1vy. [&hellip;]<\/p>\n","protected":false},"author":2,"featured_media":0,"parent":680,"menu_order":7,"comment_status":"closed","ping_status":"closed","template":"","meta":{"footnotes":""},"class_list":["post-694","page","type-page","status-publish","hentry"],"_links":{"self":[{"href":"https:\/\/veda.polac.cz\/index.php?rest_route=\/wp\/v2\/pages\/694","targetHints":{"allow":["GET"]}}],"collection":[{"href":"https:\/\/veda.polac.cz\/index.php?rest_route=\/wp\/v2\/pages"}],"about":[{"href":"https:\/\/veda.polac.cz\/index.php?rest_route=\/wp\/v2\/types\/page"}],"author":[{"embeddable":true,"href":"https:\/\/veda.polac.cz\/index.php?rest_route=\/wp\/v2\/users\/2"}],"replies":[{"embeddable":true,"href":"https:\/\/veda.polac.cz\/index.php?rest_route=%2Fwp%2Fv2%2Fcomments&post=694"}],"version-history":[{"count":2,"href":"https:\/\/veda.polac.cz\/index.php?rest_route=\/wp\/v2\/pages\/694\/revisions"}],"predecessor-version":[{"id":707,"href":"https:\/\/veda.polac.cz\/index.php?rest_route=\/wp\/v2\/pages\/694\/revisions\/707"}],"up":[{"embeddable":true,"href":"https:\/\/veda.polac.cz\/index.php?rest_route=\/wp\/v2\/pages\/680"}],"wp:attachment":[{"href":"https:\/\/veda.polac.cz\/index.php?rest_route=%2Fwp%2Fv2%2Fmedia&parent=694"}],"curies":[{"name":"wp","href":"https:\/\/api.w.org\/{rel}","templated":true}]}}