{"id":6935,"date":"2022-12-28T09:01:41","date_gmt":"2022-12-28T09:01:41","guid":{"rendered":"https:\/\/veda.polac.cz\/?page_id=6935"},"modified":"2022-12-28T09:01:41","modified_gmt":"2022-12-28T09:01:41","slug":"6935-2","status":"publish","type":"page","link":"https:\/\/veda.polac.cz\/?page_id=6935","title":{"rendered":""},"content":{"rendered":"<p style=\"text-align: center;\">Resum\u00e9 \u010dl\u00e1nku<\/p>\n<p><strong>Rizika oz\u00e1\u0159en\u00ed a\u00a0zaji\u0161t\u011bn\u00ed adekv\u00e1tn\u00ed radia\u010dn\u00ed ochrany p\u0159i aplikaci INAA pro detekci a\u00a0identifikaci drog<\/strong><\/p>\n<p><em>doc. Ing. Jozef Sabol, DrSc., Policejn\u00ed akademie \u010cesk\u00e9 republiky v\u00a0Praze, Fakulta bezpe\u010dnostn\u00edho managementu, Katedra krizov\u00e9ho \u0159\u00edzen\u00ed<\/em><\/p>\n<p>\u010cl\u00e1nek shrnuje n\u011bkter\u00e9 specifick\u00e9 postupy souvisej\u00edc\u00ed se zaji\u0161t\u011bn\u00edm adekv\u00e1tn\u00ed ochrany osob a\u00a0\u017eivotn\u00edho prost\u0159ed\u00ed p\u0159i aplikac\u00edch instrument\u00e1ln\u00ed neutronov\u00e9 anal\u00fdzy pro detekci a\u00a0identifikaci drog a\u00a0dal\u0161\u00edch narkotik, kter\u00e1 umo\u017e\u0148uje z\u00edskat informace o\u00a0charakteristick\u00e9m slo\u017een\u00ed t\u011bchto l\u00e1tek. Na z\u00e1klad\u011b t\u011bchto poznatk\u016f je potom mo\u017en\u00e9 usuzovat o\u00a0m\u00edst\u011b jejich p\u016fvodu, co\u017e p\u0159\u00edslu\u0161n\u00fdm org\u00e1n\u016fm umo\u017en\u00ed efektivn\u011bji posuzovat okolnosti spojen\u00e9 s\u00a0jejich nez\u00e1konnou p\u0159epravou, distribuc\u00ed a\u00a0u\u017e\u00edv\u00e1n\u00edm t\u011bchto zachycen\u00fdch nebezpe\u010dn\u00fdch l\u00e1tek. Jsou tak\u00e9 pops\u00e1ny vybran\u00e9 neutronov\u00e9 zdroje a\u00a0uveden p\u0159ehled z\u00e1klad\u016f radia\u010dn\u00ed ochrany v\u010detn\u011b p\u0159\u00edslu\u0161n\u00fdch veli\u010din pro kvantifikaci oz\u00e1\u0159en\u00ed za norm\u00e1ln\u00edch a\u00a0mimo\u0159\u00e1dn\u00fdch situac\u00ed.<\/p>\n<p><strong>Kl\u00ed\u010dov\u00e1 slova:<\/strong> detekce drog, neutronov\u00e1 aktiva\u010dn\u00ed anal\u00fdza, INAA, zdroje neutron\u016f, radia\u010dn\u00ed ochrana.<\/p>\n<hr \/>\n<p><a href=\"_wp_link_placeholder\" data-wplink-edit=\"true\">Zp\u011bt<\/a><\/p>\n","protected":false},"excerpt":{"rendered":"<p>Resum\u00e9 \u010dl\u00e1nku Rizika oz\u00e1\u0159en\u00ed a\u00a0zaji\u0161t\u011bn\u00ed adekv\u00e1tn\u00ed radia\u010dn\u00ed ochrany p\u0159i aplikaci INAA pro detekci a\u00a0identifikaci drog doc. Ing. Jozef Sabol, DrSc., Policejn\u00ed akademie \u010cesk\u00e9 republiky v\u00a0Praze, Fakulta bezpe\u010dnostn\u00edho managementu, Katedra krizov\u00e9ho \u0159\u00edzen\u00ed \u010cl\u00e1nek shrnuje n\u011bkter\u00e9 specifick\u00e9 postupy souvisej\u00edc\u00ed se zaji\u0161t\u011bn\u00edm adekv\u00e1tn\u00ed ochrany osob a\u00a0\u017eivotn\u00edho prost\u0159ed\u00ed p\u0159i aplikac\u00edch instrument\u00e1ln\u00ed neutronov\u00e9 anal\u00fdzy pro detekci a\u00a0identifikaci drog a\u00a0dal\u0161\u00edch narkotik, [&hellip;]<\/p>\n","protected":false},"author":6,"featured_media":0,"parent":0,"menu_order":0,"comment_status":"closed","ping_status":"closed","template":"","meta":{"footnotes":""},"class_list":["post-6935","page","type-page","status-publish","hentry"],"_links":{"self":[{"href":"https:\/\/veda.polac.cz\/index.php?rest_route=\/wp\/v2\/pages\/6935","targetHints":{"allow":["GET"]}}],"collection":[{"href":"https:\/\/veda.polac.cz\/index.php?rest_route=\/wp\/v2\/pages"}],"about":[{"href":"https:\/\/veda.polac.cz\/index.php?rest_route=\/wp\/v2\/types\/page"}],"author":[{"embeddable":true,"href":"https:\/\/veda.polac.cz\/index.php?rest_route=\/wp\/v2\/users\/6"}],"replies":[{"embeddable":true,"href":"https:\/\/veda.polac.cz\/index.php?rest_route=%2Fwp%2Fv2%2Fcomments&post=6935"}],"version-history":[{"count":1,"href":"https:\/\/veda.polac.cz\/index.php?rest_route=\/wp\/v2\/pages\/6935\/revisions"}],"predecessor-version":[{"id":6940,"href":"https:\/\/veda.polac.cz\/index.php?rest_route=\/wp\/v2\/pages\/6935\/revisions\/6940"}],"wp:attachment":[{"href":"https:\/\/veda.polac.cz\/index.php?rest_route=%2Fwp%2Fv2%2Fmedia&parent=6935"}],"curies":[{"name":"wp","href":"https:\/\/api.w.org\/{rel}","templated":true}]}}