{"id":6933,"date":"2022-12-28T08:52:14","date_gmt":"2022-12-28T08:52:14","guid":{"rendered":"https:\/\/veda.polac.cz\/?page_id=6933"},"modified":"2022-12-28T08:52:14","modified_gmt":"2022-12-28T08:52:14","slug":"6933-2","status":"publish","type":"page","link":"https:\/\/veda.polac.cz\/?page_id=6933","title":{"rendered":""},"content":{"rendered":"<p style=\"text-align: center;\">Resum\u00e9 \u010dl\u00e1nku<\/p>\n<p><strong>Verejnos\u0165 ako kontrol\u00f3r spravodajsk\u00fdch slu\u017eieb Slovenskej republiky<\/strong><\/p>\n<p><em>plk. JUDr. Juraj Kulik, PhD., LL.M., MBA, N\u00e1rodn\u00e9 bezpe\u010dnostn\u00e9 analytick\u00e9 centrum, Slovensk\u00e1 informa\u010dn\u00e1 slu\u017eba<\/em><\/p>\n<p>\u0164a\u017eiskom \u010dl\u00e1nku je spolo\u010densk\u00e1 kontrola spravodajsk\u00fdch slu\u017eieb v\u00a0Slovenskej republike. Autor sa v\u00a0\u010dl\u00e1nku zameriava na pr\u00e1vne aspekty pr\u00e1va verejnosti na inform\u00e1cie o\u00a0\u010dinnosti spravodajsk\u00fdch slu\u017eieb ako aj na jednotliv\u00e9 n\u00e1stroje, ktor\u00e1 m\u00e1 verejnos\u0165 k\u00a0dispoz\u00edcii na \u00fa\u010dely kontroly. Osobitn\u00e1 pozornos\u0165 je venovan\u00e1 v\u00fdznamu strategickej komunik\u00e1cie a\u00a0komparat\u00edvnej anal\u00fdze obsahu v\u00fdro\u010dn\u00fdch spr\u00e1v o\u00a0\u010dinnosti spravodajsk\u00fdch slu\u017eieb na Slovensku a\u00a0v\u00a0\u010ceskej republike. Autor v\u00a0\u010dl\u00e1nku pribli\u017euje \u010diastkov\u00e9 v\u00fdsledky vlastn\u00e9ho dizerta\u010dn\u00e9ho v\u00fdskumu, ktor\u00fd bol zameran\u00fd na pozn\u00e1vanie problematiky spolo\u010denskej kontroly spravodajsk\u00fdch slu\u017eieb. Na z\u00e1klade nich formuluje vhodn\u00e9 odpor\u00fa\u010dania pre aplika\u010dn\u00fa prax.<\/p>\n<p><strong>K\u013e\u00fa\u010dov\u00e9 slov\u00e1: <\/strong>Slovensk\u00e1 informa\u010dn\u00e1 slu\u017eba, Vojensk\u00e9 spravodajstvo, spravodajsk\u00e9 slu\u017eby, spolo\u010densk\u00e1 kontrola, strategick\u00e1 komunik\u00e1cia, pr\u00e1vo na inform\u00e1cie, otvoren\u00e9 vl\u00e1dnutie, kontrola.<\/p>\n<hr \/>\n<p><a href=\"https:\/\/veda.polac.cz\/?page_id=6919\">Zp\u011bt<\/a><\/p>\n","protected":false},"excerpt":{"rendered":"<p>Resum\u00e9 \u010dl\u00e1nku Verejnos\u0165 ako kontrol\u00f3r spravodajsk\u00fdch slu\u017eieb Slovenskej republiky plk. JUDr. Juraj Kulik, PhD., LL.M., MBA, N\u00e1rodn\u00e9 bezpe\u010dnostn\u00e9 analytick\u00e9 centrum, Slovensk\u00e1 informa\u010dn\u00e1 slu\u017eba \u0164a\u017eiskom \u010dl\u00e1nku je spolo\u010densk\u00e1 kontrola spravodajsk\u00fdch slu\u017eieb v\u00a0Slovenskej republike. Autor sa v\u00a0\u010dl\u00e1nku zameriava na pr\u00e1vne aspekty pr\u00e1va verejnosti na inform\u00e1cie o\u00a0\u010dinnosti spravodajsk\u00fdch slu\u017eieb ako aj na jednotliv\u00e9 n\u00e1stroje, ktor\u00e1 m\u00e1 verejnos\u0165 k\u00a0dispoz\u00edcii [&hellip;]<\/p>\n","protected":false},"author":6,"featured_media":0,"parent":0,"menu_order":0,"comment_status":"closed","ping_status":"closed","template":"","meta":{"footnotes":""},"class_list":["post-6933","page","type-page","status-publish","hentry"],"_links":{"self":[{"href":"https:\/\/veda.polac.cz\/index.php?rest_route=\/wp\/v2\/pages\/6933","targetHints":{"allow":["GET"]}}],"collection":[{"href":"https:\/\/veda.polac.cz\/index.php?rest_route=\/wp\/v2\/pages"}],"about":[{"href":"https:\/\/veda.polac.cz\/index.php?rest_route=\/wp\/v2\/types\/page"}],"author":[{"embeddable":true,"href":"https:\/\/veda.polac.cz\/index.php?rest_route=\/wp\/v2\/users\/6"}],"replies":[{"embeddable":true,"href":"https:\/\/veda.polac.cz\/index.php?rest_route=%2Fwp%2Fv2%2Fcomments&post=6933"}],"version-history":[{"count":1,"href":"https:\/\/veda.polac.cz\/index.php?rest_route=\/wp\/v2\/pages\/6933\/revisions"}],"predecessor-version":[{"id":6934,"href":"https:\/\/veda.polac.cz\/index.php?rest_route=\/wp\/v2\/pages\/6933\/revisions\/6934"}],"wp:attachment":[{"href":"https:\/\/veda.polac.cz\/index.php?rest_route=%2Fwp%2Fv2%2Fmedia&parent=6933"}],"curies":[{"name":"wp","href":"https:\/\/api.w.org\/{rel}","templated":true}]}}