{"id":6930,"date":"2022-12-28T08:37:19","date_gmt":"2022-12-28T08:37:19","guid":{"rendered":"https:\/\/veda.polac.cz\/?page_id=6930"},"modified":"2022-12-28T08:37:19","modified_gmt":"2022-12-28T08:37:19","slug":"6930-2","status":"publish","type":"page","link":"https:\/\/veda.polac.cz\/?page_id=6930","title":{"rendered":""},"content":{"rendered":"<p style=\"text-align: center;\">Resum\u00e9 \u010dl\u00e1nku<\/p>\n<p><strong>V\u00fdzkum n\u00e1zor\u016f vysoko\u0161kolsk\u00fdch student\u016f policejn\u00edch akademi\u00ed v\u00a0Praze\u00a0a\u00a0v\u00a0Bratislav\u011b na\u00a0rusko-ukrajinsk\u00fd konflikt a ot\u00e1zky souvisej\u00edc\u00ed<\/strong><\/p>\n<p><em>PhDr. Jan Pa\u010fourek, Policejn\u00ed akademie \u010cesk\u00e9 republiky v\u00a0Praze, odd\u011blen\u00ed mezin\u00e1rodn\u00ed spolupr\u00e1ce<br \/>\n<\/em><em>Mgr. Josef Dubsk\u00fd, Policejn\u00ed akademie \u010cesk\u00e9 republiky v\u00a0Praze, Fakulta bezpe\u010dnostn\u00edho managementu, prod\u011bkan pro studium<br \/>\n<\/em><em>Dr. Zden\u011bk Kova\u0159\u00edk, CSc., Policejn\u00ed akademie \u010cesk\u00e9 republiky v\u00a0Praze, extern\u00ed pracovn\u00edk<br \/>\n<\/em><em>doc. Ing. Jarom\u00edr Ml\u00fdnek, CSc., Akad\u00e9mia Policajn\u00e9ho zboru v\u00a0Bratislav\u011b, oddelenie vedy a vedeck\u00fdch projektov<\/em><\/p>\n<p>\u010cl\u00e1nek obsahuje p\u0159\u00edstup k\u00a0empirick\u00e9mu v\u00fdzkumu a rozeb\u00edr\u00e1 jeho v\u00fdsledky u\u00a0v\u00fdb\u011brov\u00e9ho souboru vysoko\u0161kolsk\u00fdch student\u016f bezpe\u010dnostn\u00edho zam\u011b\u0159en\u00ed PA \u010cR v\u00a0Praze a APZ v\u00a0Bratislav\u011b, zam\u011b\u0159en\u00e9ho na zji\u0161\u0165ov\u00e1n\u00ed jejich n\u00e1zor\u016f na vybran\u00e9 probl\u00e9my mezin\u00e1rodn\u011b politick\u00e9 situace (p\u0159edev\u0161\u00edm na v\u00e1lku Ruska proti Ukrajin\u011b) a\u00a0na jejich pohled do budoucnosti. V\u00fdb\u011brov\u00fd soubor tvo\u0159ilo 301 vysoko\u0161kolsk\u00fdch student\u016f. Empirick\u00fd v\u00fdzkum mimo jin\u00e9 exaktn\u011b ov\u011b\u0159oval vyt\u00fd\u010den\u00fd v\u00fdzkumn\u00fd p\u0159edpoklad o nulov\u00e9m v\u011bcn\u011b v\u00fdznamn\u00e9m vlivu dvou skupin vysoko\u0161kolsk\u00fdch student\u016f na jejich odpov\u011bdi v\u00a0r\u00e1mci dotazn\u00edkov\u00e9ho \u0161et\u0159en\u00ed. K\u00a0posouzen\u00ed v\u011bcn\u011b v\u00fdznamn\u00fdch efekt\u016f byly vyu\u017eity dva asymetrick\u00e9 koeficienty asociace \u2013 koeficient \u03b2 a Goodman-Kruskalovo tau. Sta\u0165 rozeb\u00edr\u00e1 dosa\u017een\u00e9 v\u00fdsledky a pokou\u0161\u00ed se interpretovat zji\u0161t\u011bn\u00e9 v\u011bcn\u011b v\u00fdznamn\u00e9 efekty.<\/p>\n<p><strong>Kl\u00ed\u010dov\u00e1 slova: <\/strong>asymetrick\u00fd koeficient nomin\u00e1ln\u00ed asociace \u2013 Goodman-Kruskalovo tau,asymetrick\u00fd koeficient ordin\u00e1ln\u00ed asociace koeficient \u03b2, v\u011bcn\u011b v\u00fdznamn\u00e1 asociace \u2013 v\u011bcn\u011b v\u00fdznamn\u00fd efekt, empirick\u00fd v\u00fdzkum, Policejn\u00ed akademie \u010cR v\u00a0Praze, Policajn\u00e1 akad\u00e9mia Policajn\u00e9ho zboru v\u00a0Bratislave, Rusko, Ukrajina, v\u00e1lka.<\/p>\n<hr \/>\n<p><a href=\"https:\/\/veda.polac.cz\/?page_id=6919\">Zp\u011bt<\/a><\/p>\n","protected":false},"excerpt":{"rendered":"<p>Resum\u00e9 \u010dl\u00e1nku V\u00fdzkum n\u00e1zor\u016f vysoko\u0161kolsk\u00fdch student\u016f policejn\u00edch akademi\u00ed v\u00a0Praze\u00a0a\u00a0v\u00a0Bratislav\u011b na\u00a0rusko-ukrajinsk\u00fd konflikt a ot\u00e1zky souvisej\u00edc\u00ed PhDr. Jan Pa\u010fourek, Policejn\u00ed akademie \u010cesk\u00e9 republiky v\u00a0Praze, odd\u011blen\u00ed mezin\u00e1rodn\u00ed spolupr\u00e1ce Mgr. Josef Dubsk\u00fd, Policejn\u00ed akademie \u010cesk\u00e9 republiky v\u00a0Praze, Fakulta bezpe\u010dnostn\u00edho managementu, prod\u011bkan pro studium Dr. Zden\u011bk Kova\u0159\u00edk, CSc., Policejn\u00ed akademie \u010cesk\u00e9 republiky v\u00a0Praze, extern\u00ed pracovn\u00edk doc. Ing. Jarom\u00edr Ml\u00fdnek, CSc., [&hellip;]<\/p>\n","protected":false},"author":6,"featured_media":0,"parent":0,"menu_order":0,"comment_status":"closed","ping_status":"closed","template":"","meta":{"footnotes":""},"class_list":["post-6930","page","type-page","status-publish","hentry"],"_links":{"self":[{"href":"https:\/\/veda.polac.cz\/index.php?rest_route=\/wp\/v2\/pages\/6930","targetHints":{"allow":["GET"]}}],"collection":[{"href":"https:\/\/veda.polac.cz\/index.php?rest_route=\/wp\/v2\/pages"}],"about":[{"href":"https:\/\/veda.polac.cz\/index.php?rest_route=\/wp\/v2\/types\/page"}],"author":[{"embeddable":true,"href":"https:\/\/veda.polac.cz\/index.php?rest_route=\/wp\/v2\/users\/6"}],"replies":[{"embeddable":true,"href":"https:\/\/veda.polac.cz\/index.php?rest_route=%2Fwp%2Fv2%2Fcomments&post=6930"}],"version-history":[{"count":1,"href":"https:\/\/veda.polac.cz\/index.php?rest_route=\/wp\/v2\/pages\/6930\/revisions"}],"predecessor-version":[{"id":6931,"href":"https:\/\/veda.polac.cz\/index.php?rest_route=\/wp\/v2\/pages\/6930\/revisions\/6931"}],"wp:attachment":[{"href":"https:\/\/veda.polac.cz\/index.php?rest_route=%2Fwp%2Fv2%2Fmedia&parent=6930"}],"curies":[{"name":"wp","href":"https:\/\/api.w.org\/{rel}","templated":true}]}}