{"id":6926,"date":"2022-12-28T08:31:11","date_gmt":"2022-12-28T08:31:11","guid":{"rendered":"https:\/\/veda.polac.cz\/?page_id=6926"},"modified":"2022-12-28T08:31:11","modified_gmt":"2022-12-28T08:31:11","slug":"6926-2","status":"publish","type":"page","link":"https:\/\/veda.polac.cz\/?page_id=6926","title":{"rendered":""},"content":{"rendered":"<p style=\"text-align: center;\">Resum\u00e9 \u010dl\u00e1nku<\/p>\n<p><strong>Psychologick\u00e9 aspekty pr\u00e1ce policejn\u00edho mana\u017eera<\/strong><\/p>\n<p><em>JUDr. Petra Hofmanov\u00e1, Policejn\u00ed akademie \u010cR, studentka doktorsk\u00e9ho studijn\u00edho programu<\/em><\/p>\n<p>\u010cl\u00e1nek p\u0159in\u00e1\u0161\u00ed d\u00edl\u010d\u00ed v\u00fdsledky v\u00fdzkumu proveden\u00e9ho autorkou v\u00a0kv\u011btnu a\u00a0\u010dervnu 2021, kter\u00fd se vztahuje se k\u00a0d\u016fle\u017eitosti psychologick\u00fdch aspekt\u016f v\u00a0pr\u00e1ci vedouc\u00edch p\u0159\u00edslu\u0161n\u00edk\u016f Policie \u010cesk\u00e9 republiky. C\u00edlem zve\u0159ejn\u011bn\u00e9 \u010d\u00e1sti v\u00fdzkumu bylo detekovat v\u00fdznam soci\u00e1ln\u00ed kompetence ve smyslu schopnosti komunikace, motivace a\u00a0stimulace, ovliv\u0148ov\u00e1n\u00ed \u010di hodnocen\u00ed, vedle kompetence odborn\u00e9, ale i\u00a0\u0159\u00edd\u00edc\u00ed a\u00a0mravn\u00ed, ve specifick\u00e9m typu organizace, kterou Policie \u010cesk\u00e9 republiky je.<\/p>\n<p><strong>Kl\u00ed\u010dov\u00e1 slova:<\/strong> policejn\u00ed mana\u017eer, soci\u00e1ln\u00ed kompetence, komunikace, motivace, ovliv\u0148ov\u00e1n\u00ed, hodnocen\u00ed.<\/p>\n<hr \/>\n<p><a href=\"https:\/\/veda.polac.cz\/?page_id=6919\">Zp\u011bt<\/a><\/p>\n","protected":false},"excerpt":{"rendered":"<p>Resum\u00e9 \u010dl\u00e1nku Psychologick\u00e9 aspekty pr\u00e1ce policejn\u00edho mana\u017eera JUDr. Petra Hofmanov\u00e1, Policejn\u00ed akademie \u010cR, studentka doktorsk\u00e9ho studijn\u00edho programu \u010cl\u00e1nek p\u0159in\u00e1\u0161\u00ed d\u00edl\u010d\u00ed v\u00fdsledky v\u00fdzkumu proveden\u00e9ho autorkou v\u00a0kv\u011btnu a\u00a0\u010dervnu 2021, kter\u00fd se vztahuje se k\u00a0d\u016fle\u017eitosti psychologick\u00fdch aspekt\u016f v\u00a0pr\u00e1ci vedouc\u00edch p\u0159\u00edslu\u0161n\u00edk\u016f Policie \u010cesk\u00e9 republiky. C\u00edlem zve\u0159ejn\u011bn\u00e9 \u010d\u00e1sti v\u00fdzkumu bylo detekovat v\u00fdznam soci\u00e1ln\u00ed kompetence ve smyslu schopnosti komunikace, motivace a\u00a0stimulace, [&hellip;]<\/p>\n","protected":false},"author":6,"featured_media":0,"parent":0,"menu_order":0,"comment_status":"closed","ping_status":"closed","template":"","meta":{"footnotes":""},"class_list":["post-6926","page","type-page","status-publish","hentry"],"_links":{"self":[{"href":"https:\/\/veda.polac.cz\/index.php?rest_route=\/wp\/v2\/pages\/6926","targetHints":{"allow":["GET"]}}],"collection":[{"href":"https:\/\/veda.polac.cz\/index.php?rest_route=\/wp\/v2\/pages"}],"about":[{"href":"https:\/\/veda.polac.cz\/index.php?rest_route=\/wp\/v2\/types\/page"}],"author":[{"embeddable":true,"href":"https:\/\/veda.polac.cz\/index.php?rest_route=\/wp\/v2\/users\/6"}],"replies":[{"embeddable":true,"href":"https:\/\/veda.polac.cz\/index.php?rest_route=%2Fwp%2Fv2%2Fcomments&post=6926"}],"version-history":[{"count":1,"href":"https:\/\/veda.polac.cz\/index.php?rest_route=\/wp\/v2\/pages\/6926\/revisions"}],"predecessor-version":[{"id":6927,"href":"https:\/\/veda.polac.cz\/index.php?rest_route=\/wp\/v2\/pages\/6926\/revisions\/6927"}],"wp:attachment":[{"href":"https:\/\/veda.polac.cz\/index.php?rest_route=%2Fwp%2Fv2%2Fmedia&parent=6926"}],"curies":[{"name":"wp","href":"https:\/\/api.w.org\/{rel}","templated":true}]}}