{"id":6922,"date":"2022-12-28T08:26:29","date_gmt":"2022-12-28T08:26:29","guid":{"rendered":"https:\/\/veda.polac.cz\/?page_id=6922"},"modified":"2022-12-28T08:26:30","modified_gmt":"2022-12-28T08:26:30","slug":"6922-2","status":"publish","type":"page","link":"https:\/\/veda.polac.cz\/?page_id=6922","title":{"rendered":""},"content":{"rendered":"<p style=\"text-align: center;\">Resum\u00e9 \u010dl\u00e1nku<\/p>\n<p><strong>Finan\u010dn\u00ed management p\u0159i \u0159e\u0161en\u00ed mimo\u0159\u00e1dn\u00fdch ud\u00e1lost\u00ed a krizov\u00fdch situac\u00ed<\/strong><strong> II<\/strong><\/p>\n<p><em>Mgr. Radek \u0160ula, Spr\u00e1va st\u00e1tn\u00edch hmotn\u00fdch rezerv, Odbor strategie a koordinace<\/em><\/p>\n<p>C\u00edlem p\u0159edlo\u017een\u00e9ho \u010dl\u00e1nku bylo analyzovat a komparovat pl\u00e1nov\u00e1n\u00ed finan\u010dn\u00edch prost\u0159edk\u016f na p\u0159\u00edpravu \u0159e\u0161en\u00ed krizov\u00fdch situac\u00ed dle \u00a7 25 z\u00e1kona \u010d. 240\/2000 Sb., o\u00a0krizov\u00e9m \u0159\u00edzen\u00ed ve vybran\u00fdch kraj\u00edch a obc\u00ed s\u00a0roz\u0161\u00ed\u0159enou p\u016fsobnost\u00ed, proveden\u00edm anal\u00fdzy sou\u010dasn\u00e9ho stavu v n\u00e1vaznosti na platnou legislativu \u010cesk\u00e9 republiky, porovn\u00e1n\u00ed v\u00fddaj\u016f schv\u00e1len\u00e9ho rozpo\u010dtu jednotliv\u00fdch kraj\u016f a vybran\u00fdch ORP v\u00a0n\u00e1vaznosti na tvorbu povinn\u00e9 finan\u010dn\u00ed rezervy pro \u0159e\u0161en\u00ed krizov\u00fdch situac\u00ed. D\u00e1le posoudit, zda je tato finan\u010dn\u00ed rezerva dostate\u010dn\u00e1 v porovn\u00e1n\u00ed s v\u00fd\u0161\u00ed \u0161kod na majetku kraj\u016f. Pomoc\u00ed anal\u00fdzy statistick\u00fdch \u00fadaj\u016f Ministerstva financ\u00ed t\u00fdkaj\u00edc\u00edch se financov\u00e1n\u00ed krizov\u00fdch opat\u0159en\u00ed v \u010cR zjistit a popsat trendy v t\u00e9to oblasti a definovat problematick\u00e9 oblasti, kter\u00e9 je t\u0159eba v\u00a0r\u00e1mci syst\u00e9mu tvorby krizov\u00fdch rozpo\u010dtov\u00fdch rezerv \u0159e\u0161it.<\/p>\n<p><strong>Kl\u00ed\u010dov\u00e1 slova:<\/strong> ve\u0159ejn\u00e9 finance, ve\u0159ejn\u00e9 rozpo\u010dty, finan\u010dn\u00ed rezervy, ve\u0159ejn\u00e1 spr\u00e1va, \u00fazemn\u011b samospr\u00e1vn\u00e9 celky, krize, krizov\u00e9 \u0159\u00edzen\u00ed, krizov\u00e1 situace<\/p>\n<hr \/>\n<p><a href=\"https:\/\/veda.polac.cz\/?page_id=6919\">Zp\u011bt<\/a><\/p>\n","protected":false},"excerpt":{"rendered":"<p>Resum\u00e9 \u010dl\u00e1nku Finan\u010dn\u00ed management p\u0159i \u0159e\u0161en\u00ed mimo\u0159\u00e1dn\u00fdch ud\u00e1lost\u00ed a krizov\u00fdch situac\u00ed II Mgr. Radek \u0160ula, Spr\u00e1va st\u00e1tn\u00edch hmotn\u00fdch rezerv, Odbor strategie a koordinace C\u00edlem p\u0159edlo\u017een\u00e9ho \u010dl\u00e1nku bylo analyzovat a komparovat pl\u00e1nov\u00e1n\u00ed finan\u010dn\u00edch prost\u0159edk\u016f na p\u0159\u00edpravu \u0159e\u0161en\u00ed krizov\u00fdch situac\u00ed dle \u00a7 25 z\u00e1kona \u010d. 240\/2000 Sb., o\u00a0krizov\u00e9m \u0159\u00edzen\u00ed ve vybran\u00fdch kraj\u00edch a obc\u00ed s\u00a0roz\u0161\u00ed\u0159enou p\u016fsobnost\u00ed, proveden\u00edm [&hellip;]<\/p>\n","protected":false},"author":6,"featured_media":0,"parent":0,"menu_order":0,"comment_status":"closed","ping_status":"closed","template":"","meta":{"footnotes":""},"class_list":["post-6922","page","type-page","status-publish","hentry"],"_links":{"self":[{"href":"https:\/\/veda.polac.cz\/index.php?rest_route=\/wp\/v2\/pages\/6922","targetHints":{"allow":["GET"]}}],"collection":[{"href":"https:\/\/veda.polac.cz\/index.php?rest_route=\/wp\/v2\/pages"}],"about":[{"href":"https:\/\/veda.polac.cz\/index.php?rest_route=\/wp\/v2\/types\/page"}],"author":[{"embeddable":true,"href":"https:\/\/veda.polac.cz\/index.php?rest_route=\/wp\/v2\/users\/6"}],"replies":[{"embeddable":true,"href":"https:\/\/veda.polac.cz\/index.php?rest_route=%2Fwp%2Fv2%2Fcomments&post=6922"}],"version-history":[{"count":1,"href":"https:\/\/veda.polac.cz\/index.php?rest_route=\/wp\/v2\/pages\/6922\/revisions"}],"predecessor-version":[{"id":6924,"href":"https:\/\/veda.polac.cz\/index.php?rest_route=\/wp\/v2\/pages\/6922\/revisions\/6924"}],"wp:attachment":[{"href":"https:\/\/veda.polac.cz\/index.php?rest_route=%2Fwp%2Fv2%2Fmedia&parent=6922"}],"curies":[{"name":"wp","href":"https:\/\/api.w.org\/{rel}","templated":true}]}}