{"id":692,"date":"2018-09-13T19:08:50","date_gmt":"2018-09-13T19:08:50","guid":{"rendered":"http:\/\/veda.polac.cz\/?page_id=692"},"modified":"2018-10-27T19:02:54","modified_gmt":"2018-10-27T19:02:54","slug":"6-2","status":"publish","type":"page","link":"https:\/\/veda.polac.cz\/?page_id=692","title":{"rendered":""},"content":{"rendered":"<p style=\"text-align: center;\">Resum\u00e9 \u010dl\u00e1nku<\/p>\n<p><strong>Stav kybernetick\u00e9ho nebezpe\u010d\u00ed dle z\u00e1kona o kybernetick\u00e9 bezpe\u010dnosti<br \/>\n<\/strong><i>JUDr. Mgr. Barbora Vlachov\u00e1, Vysok\u00e1 \u0161kola ekonomie a managementu, Katedra podnikov\u00e9 ekonomiky<\/p>\n<p><\/i>V tomto p\u0159\u00edsp\u011bvku autorka p\u0159edstavuje p\u0159ehled z\u00e1kladn\u00edch povinnost\u00ed, kter\u00e9 p\u0159in\u00e1\u0161\u00ed nov\u00fd z\u00e1kon o kybernetick\u00e9 bezpe\u010dnosti. Zejm\u00e9na se v\u011bnuje stavu kybernetick\u00e9ho nebezpe\u010d\u00ed coby nov\u00e9mu krizov\u00e9mu stavu.<br \/>\n<strong>Kl\u00ed\u010dov\u00e1 slova<\/strong>: kybernetick\u00e1 bezpe\u010dnost, stav kybernetick\u00e9ho nebezpe\u010d\u00ed, kybernetick\u00fd bezpe\u010dnostn\u00ed incident, nouzov\u00fd stav.<\/p>\n<p><a href=\"https:\/\/veda.polac.cz\/?page_id=680\">02\/2015<\/a><\/p>\n","protected":false},"excerpt":{"rendered":"<p>Resum\u00e9 \u010dl\u00e1nku Stav kybernetick\u00e9ho nebezpe\u010d\u00ed dle z\u00e1kona o kybernetick\u00e9 bezpe\u010dnosti JUDr. Mgr. Barbora Vlachov\u00e1, Vysok\u00e1 \u0161kola ekonomie a managementu, Katedra podnikov\u00e9 ekonomiky V tomto p\u0159\u00edsp\u011bvku autorka p\u0159edstavuje p\u0159ehled z\u00e1kladn\u00edch povinnost\u00ed, kter\u00e9 p\u0159in\u00e1\u0161\u00ed nov\u00fd z\u00e1kon o kybernetick\u00e9 bezpe\u010dnosti. Zejm\u00e9na se v\u011bnuje stavu kybernetick\u00e9ho nebezpe\u010d\u00ed coby nov\u00e9mu krizov\u00e9mu stavu. Kl\u00ed\u010dov\u00e1 slova: kybernetick\u00e1 bezpe\u010dnost, stav kybernetick\u00e9ho nebezpe\u010d\u00ed, kybernetick\u00fd [&hellip;]<\/p>\n","protected":false},"author":2,"featured_media":0,"parent":680,"menu_order":6,"comment_status":"closed","ping_status":"closed","template":"","meta":{"footnotes":""},"class_list":["post-692","page","type-page","status-publish","hentry"],"_links":{"self":[{"href":"https:\/\/veda.polac.cz\/index.php?rest_route=\/wp\/v2\/pages\/692","targetHints":{"allow":["GET"]}}],"collection":[{"href":"https:\/\/veda.polac.cz\/index.php?rest_route=\/wp\/v2\/pages"}],"about":[{"href":"https:\/\/veda.polac.cz\/index.php?rest_route=\/wp\/v2\/types\/page"}],"author":[{"embeddable":true,"href":"https:\/\/veda.polac.cz\/index.php?rest_route=\/wp\/v2\/users\/2"}],"replies":[{"embeddable":true,"href":"https:\/\/veda.polac.cz\/index.php?rest_route=%2Fwp%2Fv2%2Fcomments&post=692"}],"version-history":[{"count":2,"href":"https:\/\/veda.polac.cz\/index.php?rest_route=\/wp\/v2\/pages\/692\/revisions"}],"predecessor-version":[{"id":706,"href":"https:\/\/veda.polac.cz\/index.php?rest_route=\/wp\/v2\/pages\/692\/revisions\/706"}],"up":[{"embeddable":true,"href":"https:\/\/veda.polac.cz\/index.php?rest_route=\/wp\/v2\/pages\/680"}],"wp:attachment":[{"href":"https:\/\/veda.polac.cz\/index.php?rest_route=%2Fwp%2Fv2%2Fmedia&parent=692"}],"curies":[{"name":"wp","href":"https:\/\/api.w.org\/{rel}","templated":true}]}}