{"id":6919,"date":"2022-12-15T13:34:55","date_gmt":"2022-12-15T13:34:55","guid":{"rendered":"https:\/\/veda.polac.cz\/?page_id=6919"},"modified":"2022-12-28T11:22:25","modified_gmt":"2022-12-28T11:22:25","slug":"04-2022","status":"publish","type":"page","link":"https:\/\/veda.polac.cz\/?page_id=6919","title":{"rendered":"04\/2022"},"content":{"rendered":"<p><a href=\"https:\/\/veda.polac.cz\/?page_id=6922\"><strong>Finan\u010dn\u00ed management p\u0159i \u0159e\u0161en\u00ed mimo\u0159\u00e1dn\u00fdch ud\u00e1lost\u00ed a\u00a0krizov\u00fdch situac\u00ed<\/strong><\/a><strong> II<br \/>\n<\/strong>Mgr. Radek \u0160ula, Spr\u00e1va st\u00e1tn\u00edch hmotn\u00fdch rezerv, Odbor strategie a\u00a0koordinace<\/p>\n<p><a href=\"https:\/\/veda.polac.cz\/wp-content\/uploads\/2022\/12\/Financni-management-pri-reseni-mimoradnych-udalosti-a-krizovych-situaci-II.pdf\" target=\"_blank\" rel=\"noopener\">pdf form\u00e1t<\/a><\/p>\n<hr \/>\n<p><strong><a href=\"https:\/\/veda.polac.cz\/?page_id=6926\">Psychologick\u00e9 aspekty pr\u00e1ce policejn\u00edho mana\u017eera<\/a><br \/>\n<\/strong>JUDr. Petra Hofmanov\u00e1, Policejn\u00ed akademie \u010cesk\u00e9 republiky v\u00a0Praze<br \/>\nstudentka doktorsk\u00e9ho studijn\u00edho programu<\/p>\n<p><a href=\"https:\/\/veda.polac.cz\/wp-content\/uploads\/2022\/12\/Psychologicke-aspekty-prace-policejniho-manazera.pdf\" target=\"_blank\" rel=\"noopener\">pdf form\u00e1t<\/a><\/p>\n<hr \/>\n<p><a href=\"https:\/\/veda.polac.cz\/?page_id=6930\"><strong>V\u00fdzkum n\u00e1zor\u016f vysoko\u0161kolsk\u00fdch student\u016f policejn\u00edch akademi\u00ed v\u00a0Praze<br \/>\n<\/strong><\/a><strong><a href=\"https:\/\/veda.polac.cz\/?page_id=6930\">a v Bratislav\u011b na\u00a0rusko-ukrajinsk\u00fd konflikt a ot\u00e1zky souvisej\u00edc\u00ed<\/a><br \/>\n<\/strong>PhDr. Jan Pa\u010fourek, Policejn\u00ed akademie \u010cesk\u00e9 republiky v\u00a0Praze<br \/>\nodd\u011blen\u00ed mezin\u00e1rodn\u00ed spolupr\u00e1ce<br \/>\nMgr. Josef Dubsk\u00fd, Policejn\u00ed akademie \u010cesk\u00e9 republiky v\u00a0Praze<br \/>\nFakulta bezpe\u010dnostn\u00edho managementu, prod\u011bkan pro studium<br \/>\nDr. Zden\u011bk Kova\u0159\u00edk, CSc., Policejn\u00ed akademie \u010cesk\u00e9 republiky v Praze<br \/>\nextern\u00ed pracovn\u00edk<br \/>\ndoc. Ing. Jarom\u00edr Ml\u00fdnek, CSc., Akad\u00e9mia Policajn\u00e9ho zboru v\u00a0Bratislav\u011b<br \/>\noddelenie vedy a vedeck\u00fdch projektov<\/p>\n<p><a href=\"https:\/\/veda.polac.cz\/wp-content\/uploads\/2022\/12\/Vyzkum-nazoru-vysokoskolskych-studentu-policejnich-akademii-v-Praze-a-v-Bratislave-na-rusko-ukrajinsky-konflikt-a-otazky-souvisejici.pdf\" target=\"_blank\" rel=\"noopener\">pdf form\u00e1t<\/a><\/p>\n<hr \/>\n<p><strong><a href=\"https:\/\/veda.polac.cz\/?page_id=6933\">Verejnos\u0165 ako kontrol\u00f3r spravodajsk\u00fdch slu\u017eieb Slovenskej republiky<\/a><br \/>\n<\/strong>plk. JUDr. Juraj Kulik, PhD., LL.M., MBA<br \/>\nN\u00e1rodn\u00e9 bezpe\u010dnostn\u00e9 analytick\u00e9 centrum, Slovensk\u00e1 informa\u010dn\u00e1 slu\u017eba<\/p>\n<p><a href=\"https:\/\/veda.polac.cz\/wp-content\/uploads\/2022\/12\/Verejnost-ako-kontrolor-spravodajskych-sluzieb-Slovenskej-republiky.pdf\" target=\"_blank\" rel=\"noopener\">pdf form\u00e1t<\/a><\/p>\n<hr \/>\n<p><a href=\"https:\/\/veda.polac.cz\/?page_id=6935\"><strong>Rizika oz\u00e1\u0159en\u00ed a zaji\u0161t\u011bn\u00ed adekv\u00e1tn\u00ed radia\u010dn\u00ed ochrany p\u0159i aplikaci INAA<br \/>\n<\/strong><\/a><strong><a href=\"https:\/\/veda.polac.cz\/?page_id=6935\">pro detekci a identifikaci drog<\/a><br \/>\n<\/strong>doc. Ing. Jozef Sabol, DrSc., Policejn\u00ed akademie \u010cesk\u00e9 republiky v\u00a0Praze<br \/>\nFakulta bezpe\u010dnostn\u00edho managementu, katedra krizov\u00e9ho \u0159\u00edzen\u00ed<\/p>\n<p><a href=\"https:\/\/veda.polac.cz\/wp-content\/uploads\/2022\/12\/Rizika-ozareni-a-zajisteni-adekvatni-radiacni-ochrany-pri-aplikaci-INAA-pro-detekci-a-identifikaci-drog.pdf\" target=\"_blank\" rel=\"noopener\">pdf form\u00e1t<\/a><\/p>\n<hr \/>\n<p><strong><a href=\"https:\/\/veda.polac.cz\/?page_id=6943\">Ochrana m\u00e4kk\u00fdch cie\u013eov prostredn\u00edctvom environment\u00e1lneho dizajnu<\/a><br \/>\n<\/strong>Ing. Klaudia Kubalov\u00e1, \u017dilinsk\u00e1 univerzita v\u00a0\u017diline, katedra bezpe\u010dnostn\u00e9ho mana\u017ementu<\/p>\n<p><a href=\"https:\/\/veda.polac.cz\/wp-content\/uploads\/2022\/12\/Ochrana-makkych-cielov-prostrednictvom-environmentalneho-dizajnu.pdf\" target=\"_blank\" rel=\"noopener\">pdf form\u00e1t<\/a><\/p>\n<hr \/>\n<p><strong><a href=\"https:\/\/veda.polac.cz\/?page_id=6948\">Ochrana osobn\u00edch \u00fadaj\u016f v\u00a0souvislosti s\u00a0provozem kamerov\u00fdch syst\u00e9m\u016f<\/a><br \/>\n<\/strong>kpt. Mgr. Patrik Sobotka, Akademie V\u011bze\u0148sk\u00e9 slu\u017eby \u010cesk\u00e9 republiky<br \/>\nodd\u011blen\u00ed pedagogick\u00e9<\/p>\n<p><a href=\"https:\/\/veda.polac.cz\/wp-content\/uploads\/2022\/12\/Ochrana-osobnich-udaju-v-souvislosti-s-provozem-kamerovych-systemu.pdf\" target=\"_blank\" rel=\"noopener\">pdf form\u00e1t<\/a><\/p>\n<hr \/>\n<p><strong><a href=\"https:\/\/veda.polac.cz\/?page_id=6952\">Zm\u011bna organiza\u010dn\u00ed struktury HZS \u010cR \u2013 N\u00e1rodn\u00ed opera\u010dn\u00ed a\u00a0informa\u010dn\u00ed st\u0159edisko<\/a><br \/>\n<\/strong>mjr. PhDr. Mgr. Miroslav Matou\u0161, Policejn\u00ed akademie \u010cesk\u00e9 republiky v\u00a0Praze<br \/>\nstudent doktorsk\u00e9ho studijn\u00edho programu<\/p>\n<p><a href=\"https:\/\/veda.polac.cz\/wp-content\/uploads\/2022\/12\/Zmena-organizacni-struktury-HZS-CR-\u2013-Narodni-operacni-a-informacni-stredisko.pdf\" target=\"_blank\" rel=\"noopener\">pdf form\u00e1t<\/a><\/p>\n<hr \/>\n","protected":false},"excerpt":{"rendered":"<p>Finan\u010dn\u00ed management p\u0159i \u0159e\u0161en\u00ed mimo\u0159\u00e1dn\u00fdch ud\u00e1lost\u00ed a\u00a0krizov\u00fdch situac\u00ed II Mgr. Radek \u0160ula, Spr\u00e1va st\u00e1tn\u00edch hmotn\u00fdch rezerv, Odbor strategie a\u00a0koordinace pdf form\u00e1t Psychologick\u00e9 aspekty pr\u00e1ce policejn\u00edho mana\u017eera JUDr. Petra Hofmanov\u00e1, Policejn\u00ed akademie \u010cesk\u00e9 republiky v\u00a0Praze studentka doktorsk\u00e9ho studijn\u00edho programu pdf form\u00e1t V\u00fdzkum n\u00e1zor\u016f vysoko\u0161kolsk\u00fdch student\u016f policejn\u00edch akademi\u00ed v\u00a0Praze a v Bratislav\u011b na\u00a0rusko-ukrajinsk\u00fd konflikt a ot\u00e1zky souvisej\u00edc\u00ed [&hellip;]<\/p>\n","protected":false},"author":6,"featured_media":0,"parent":0,"menu_order":0,"comment_status":"closed","ping_status":"closed","template":"","meta":{"footnotes":""},"class_list":["post-6919","page","type-page","status-publish","hentry"],"_links":{"self":[{"href":"https:\/\/veda.polac.cz\/index.php?rest_route=\/wp\/v2\/pages\/6919","targetHints":{"allow":["GET"]}}],"collection":[{"href":"https:\/\/veda.polac.cz\/index.php?rest_route=\/wp\/v2\/pages"}],"about":[{"href":"https:\/\/veda.polac.cz\/index.php?rest_route=\/wp\/v2\/types\/page"}],"author":[{"embeddable":true,"href":"https:\/\/veda.polac.cz\/index.php?rest_route=\/wp\/v2\/users\/6"}],"replies":[{"embeddable":true,"href":"https:\/\/veda.polac.cz\/index.php?rest_route=%2Fwp%2Fv2%2Fcomments&post=6919"}],"version-history":[{"count":16,"href":"https:\/\/veda.polac.cz\/index.php?rest_route=\/wp\/v2\/pages\/6919\/revisions"}],"predecessor-version":[{"id":6966,"href":"https:\/\/veda.polac.cz\/index.php?rest_route=\/wp\/v2\/pages\/6919\/revisions\/6966"}],"wp:attachment":[{"href":"https:\/\/veda.polac.cz\/index.php?rest_route=%2Fwp%2Fv2%2Fmedia&parent=6919"}],"curies":[{"name":"wp","href":"https:\/\/api.w.org\/{rel}","templated":true}]}}