{"id":690,"date":"2018-09-13T19:07:59","date_gmt":"2018-09-13T19:07:59","guid":{"rendered":"http:\/\/veda.polac.cz\/?page_id=690"},"modified":"2018-10-27T19:02:54","modified_gmt":"2018-10-27T19:02:54","slug":"5-2","status":"publish","type":"page","link":"https:\/\/veda.polac.cz\/?page_id=690","title":{"rendered":""},"content":{"rendered":"<p style=\"text-align: center;\">Resum\u00e9 \u010dl\u00e1nku<\/p>\n<p><strong>Pr\u00e1vn\u00ed r\u00e1mec Evropsk\u00e9 unie pro vys\u00edl\u00e1n\u00ed unijn\u00edch policejn\u00edch mis\u00ed<br \/>\n<\/strong><i>doc. JUDr. Richard Kr\u00e1l, LL.M., Ph.D., Katedra evropsk\u00e9ho pr\u00e1va Pr\u00e1vnick\u00e9 fakulty UK v Praze,<br \/>\nPetr M\u00e1dr, student Pr\u00e1vnick\u00e9 fakulty UK v Praze<\/p>\n<p><\/i>\u010cl\u00e1nek se zab\u00fdv\u00e1 pr\u00e1vn\u00ed \u00fapravou Evropsk\u00e9 unie pro vys\u00edl\u00e1n\u00ed unijn\u00edch policejn\u00edch mis\u00ed v r\u00e1mci spole\u010dn\u00e9 bezpe\u010dnostn\u00ed a obrann\u00e9 politiky. Pod\u00e1v\u00e1 pojmov\u00e9 vymezen\u00ed unijn\u00edch policejn\u00edch mis\u00ed a z\u00e1kladn\u00ed struktur\u00e1ln\u011b obsahovou anal\u00fdzu pr\u00e1vn\u00edch \u00faprav konkr\u00e9tn\u00edch mis\u00ed s c\u00edlem posoudit m\u00edru struktur\u00e1ln\u00ed a obsahov\u00e9 konvergence t\u011bchto pr\u00e1vn\u00edch \u00faprav.<br \/>\n<strong>Kl\u00ed\u010dov\u00e1 slova<\/strong>: policejn\u00ed mise Evropsk\u00e9 Unie, spole\u010dn\u00e1 bezpe\u010dnostn\u00ed a obrann\u00e1 politika, Smlouva o Evropsk\u00e9 Unii.<i><br \/>\n<\/i><\/p>\n<p><a href=\"https:\/\/veda.polac.cz\/?page_id=680\">02\/2015<\/a><\/p>\n","protected":false},"excerpt":{"rendered":"<p>Resum\u00e9 \u010dl\u00e1nku Pr\u00e1vn\u00ed r\u00e1mec Evropsk\u00e9 unie pro vys\u00edl\u00e1n\u00ed unijn\u00edch policejn\u00edch mis\u00ed doc. JUDr. Richard Kr\u00e1l, LL.M., Ph.D., Katedra evropsk\u00e9ho pr\u00e1va Pr\u00e1vnick\u00e9 fakulty UK v Praze, Petr M\u00e1dr, student Pr\u00e1vnick\u00e9 fakulty UK v Praze \u010cl\u00e1nek se zab\u00fdv\u00e1 pr\u00e1vn\u00ed \u00fapravou Evropsk\u00e9 unie pro vys\u00edl\u00e1n\u00ed unijn\u00edch policejn\u00edch mis\u00ed v r\u00e1mci spole\u010dn\u00e9 bezpe\u010dnostn\u00ed a obrann\u00e9 politiky. Pod\u00e1v\u00e1 pojmov\u00e9 vymezen\u00ed [&hellip;]<\/p>\n","protected":false},"author":2,"featured_media":0,"parent":680,"menu_order":5,"comment_status":"closed","ping_status":"closed","template":"","meta":{"footnotes":""},"class_list":["post-690","page","type-page","status-publish","hentry"],"_links":{"self":[{"href":"https:\/\/veda.polac.cz\/index.php?rest_route=\/wp\/v2\/pages\/690","targetHints":{"allow":["GET"]}}],"collection":[{"href":"https:\/\/veda.polac.cz\/index.php?rest_route=\/wp\/v2\/pages"}],"about":[{"href":"https:\/\/veda.polac.cz\/index.php?rest_route=\/wp\/v2\/types\/page"}],"author":[{"embeddable":true,"href":"https:\/\/veda.polac.cz\/index.php?rest_route=\/wp\/v2\/users\/2"}],"replies":[{"embeddable":true,"href":"https:\/\/veda.polac.cz\/index.php?rest_route=%2Fwp%2Fv2%2Fcomments&post=690"}],"version-history":[{"count":2,"href":"https:\/\/veda.polac.cz\/index.php?rest_route=\/wp\/v2\/pages\/690\/revisions"}],"predecessor-version":[{"id":705,"href":"https:\/\/veda.polac.cz\/index.php?rest_route=\/wp\/v2\/pages\/690\/revisions\/705"}],"up":[{"embeddable":true,"href":"https:\/\/veda.polac.cz\/index.php?rest_route=\/wp\/v2\/pages\/680"}],"wp:attachment":[{"href":"https:\/\/veda.polac.cz\/index.php?rest_route=%2Fwp%2Fv2%2Fmedia&parent=690"}],"curies":[{"name":"wp","href":"https:\/\/api.w.org\/{rel}","templated":true}]}}