{"id":688,"date":"2018-09-13T19:07:04","date_gmt":"2018-09-13T19:07:04","guid":{"rendered":"http:\/\/veda.polac.cz\/?page_id=688"},"modified":"2018-10-27T19:02:54","modified_gmt":"2018-10-27T19:02:54","slug":"4-2","status":"publish","type":"page","link":"https:\/\/veda.polac.cz\/?page_id=688","title":{"rendered":""},"content":{"rendered":"<p style=\"text-align: center;\">Resum\u00e9 \u010dl\u00e1nku<\/p>\n<p><strong>Sharia &#8211; Police v N\u011bmecku: islamistick\u00fd vigilantismus a n\u00e1stroj propagandy<br \/>\n<\/strong><i>prof. PhDr. Miroslav Mare\u0161, Ph.D., Bc. Adam Vesel\u00fd, Fakulta soci\u00e1ln\u00edch studi\u00ed Masarykovy univerzity, Brno<\/p>\n<p><\/i>Tento \u010dl\u00e1nek analyzuje fenom\u00e9n tzv. &#8222;sharia-polizei&#8220;, kter\u00fd se objevil ve Spolkov\u00e9 republice N\u011bmecko v roce 2014 (p\u0159edev\u0161\u00edm ve m\u011bst\u011b Wuppertal). Je pops\u00e1n v kontextu dosavadn\u00edho v\u00fdvoje salafismu v regionu. Auto\u0159i se j\u00edm zab\u00fdvaj\u00ed v konceptu\u00e1ln\u00edm r\u00e1mci soudob\u00e9ho islamistick\u00e9ho vigilantismu, salafistick\u00e9 propagandy a reakce n\u011bmeck\u00fdch vl\u00e1dn\u00edch instituc\u00ed. Je charakterizov\u00e1na i odezva tohoto fenom\u00e9nu v muslimsk\u00e9 komunit\u011b v \u010cesk\u00e9 republice.<br \/>\n<strong>Kl\u00ed\u010dov\u00e1 slova<\/strong>: Sharia Police, islamismus, vigilantismus, vnit\u0159n\u00ed bezpe\u010dnost.<\/p>\n<p><a href=\"https:\/\/veda.polac.cz\/?page_id=680\">02\/2015<\/a><\/p>\n","protected":false},"excerpt":{"rendered":"<p>Resum\u00e9 \u010dl\u00e1nku Sharia &#8211; Police v N\u011bmecku: islamistick\u00fd vigilantismus a n\u00e1stroj propagandy prof. PhDr. Miroslav Mare\u0161, Ph.D., Bc. Adam Vesel\u00fd, Fakulta soci\u00e1ln\u00edch studi\u00ed Masarykovy univerzity, Brno Tento \u010dl\u00e1nek analyzuje fenom\u00e9n tzv. &#8222;sharia-polizei&#8220;, kter\u00fd se objevil ve Spolkov\u00e9 republice N\u011bmecko v roce 2014 (p\u0159edev\u0161\u00edm ve m\u011bst\u011b Wuppertal). Je pops\u00e1n v kontextu dosavadn\u00edho v\u00fdvoje salafismu v regionu. [&hellip;]<\/p>\n","protected":false},"author":2,"featured_media":0,"parent":680,"menu_order":4,"comment_status":"closed","ping_status":"closed","template":"","meta":{"footnotes":""},"class_list":["post-688","page","type-page","status-publish","hentry"],"_links":{"self":[{"href":"https:\/\/veda.polac.cz\/index.php?rest_route=\/wp\/v2\/pages\/688","targetHints":{"allow":["GET"]}}],"collection":[{"href":"https:\/\/veda.polac.cz\/index.php?rest_route=\/wp\/v2\/pages"}],"about":[{"href":"https:\/\/veda.polac.cz\/index.php?rest_route=\/wp\/v2\/types\/page"}],"author":[{"embeddable":true,"href":"https:\/\/veda.polac.cz\/index.php?rest_route=\/wp\/v2\/users\/2"}],"replies":[{"embeddable":true,"href":"https:\/\/veda.polac.cz\/index.php?rest_route=%2Fwp%2Fv2%2Fcomments&post=688"}],"version-history":[{"count":2,"href":"https:\/\/veda.polac.cz\/index.php?rest_route=\/wp\/v2\/pages\/688\/revisions"}],"predecessor-version":[{"id":714,"href":"https:\/\/veda.polac.cz\/index.php?rest_route=\/wp\/v2\/pages\/688\/revisions\/714"}],"up":[{"embeddable":true,"href":"https:\/\/veda.polac.cz\/index.php?rest_route=\/wp\/v2\/pages\/680"}],"wp:attachment":[{"href":"https:\/\/veda.polac.cz\/index.php?rest_route=%2Fwp%2Fv2%2Fmedia&parent=688"}],"curies":[{"name":"wp","href":"https:\/\/api.w.org\/{rel}","templated":true}]}}