{"id":6866,"date":"2022-10-04T11:05:08","date_gmt":"2022-10-04T11:05:08","guid":{"rendered":"https:\/\/veda.polac.cz\/?page_id=6866"},"modified":"2022-10-04T11:05:09","modified_gmt":"2022-10-04T11:05:09","slug":"6866-2","status":"publish","type":"page","link":"https:\/\/veda.polac.cz\/?page_id=6866","title":{"rendered":""},"content":{"rendered":"<p style=\"text-align: center;\">Resum\u00e9 \u010dl\u00e1nku<\/p>\n<p><strong>Policista jako ob\u011b\u0165?<\/strong><\/p>\n<p><em>Mgr. Ludmila Fonferov\u00e1, Ph.D., doc. JUDr. Mgr. Jo\u017ea Spurn\u00fd, Ph.D.<\/em><\/p>\n<p>Policejn\u00ed akademie \u010cesk\u00e9 republiky v\u00a0Praze, Fakulta bezpe\u010dnostn\u00edho managementu, katedra spole\u010densk\u00fdch v\u011bd<\/p>\n<p>M\u016f\u017ee policista za\u017e\u00edvat pocity ob\u011bti? Kdy a\u00a0v\u00a0jak\u00fdch situac\u00edch? Je ochoten si tyto pocity p\u0159ipustit? A\u00a0jak se \u201eviktimogenn\u00ed\u201c pocity projev\u00ed v\u00a0jeho jedn\u00e1n\u00ed? Pomoc\u00ed jak\u00fdch metod a\u00a0postup\u016f lze tyto pocity identifikovat? Hled\u00e1n\u00ed odpov\u011bd\u00ed na tyto ot\u00e1zky je p\u0159edm\u011btem v\u00fdzkumu katedry spole\u010densk\u00fdch v\u011bd na l\u00e9ta 2018\u20132022 (2023), o\u00a0jeho\u017e podstat\u011b, pr\u016fb\u011bhu a\u00a0d\u00edl\u010d\u00edch v\u00fdsledc\u00edch informuje n\u00e1sleduj\u00edc\u00ed text.<\/p>\n<p><strong>Kl\u00ed\u010dov\u00e1 slova:<\/strong> policista, viktimogenn\u00ed situace, soci\u00e1ln\u00ed interakce, kvalitativn\u00ed v\u00fdzkum, tematick\u00e1 anal\u00fdza, soci\u00e1ln\u00ed kompetence.<\/p>\n<hr \/>\n<p><a href=\"https:\/\/veda.polac.cz\/?page_id=6849\">Zp\u011bt<\/a><\/p>\n","protected":false},"excerpt":{"rendered":"<p>Resum\u00e9 \u010dl\u00e1nku Policista jako ob\u011b\u0165? Mgr. Ludmila Fonferov\u00e1, Ph.D., doc. JUDr. Mgr. Jo\u017ea Spurn\u00fd, Ph.D. Policejn\u00ed akademie \u010cesk\u00e9 republiky v\u00a0Praze, Fakulta bezpe\u010dnostn\u00edho managementu, katedra spole\u010densk\u00fdch v\u011bd M\u016f\u017ee policista za\u017e\u00edvat pocity ob\u011bti? Kdy a\u00a0v\u00a0jak\u00fdch situac\u00edch? Je ochoten si tyto pocity p\u0159ipustit? A\u00a0jak se \u201eviktimogenn\u00ed\u201c pocity projev\u00ed v\u00a0jeho jedn\u00e1n\u00ed? Pomoc\u00ed jak\u00fdch metod a\u00a0postup\u016f lze tyto pocity identifikovat? [&hellip;]<\/p>\n","protected":false},"author":6,"featured_media":0,"parent":0,"menu_order":0,"comment_status":"closed","ping_status":"closed","template":"","meta":{"footnotes":""},"class_list":["post-6866","page","type-page","status-publish","hentry"],"_links":{"self":[{"href":"https:\/\/veda.polac.cz\/index.php?rest_route=\/wp\/v2\/pages\/6866","targetHints":{"allow":["GET"]}}],"collection":[{"href":"https:\/\/veda.polac.cz\/index.php?rest_route=\/wp\/v2\/pages"}],"about":[{"href":"https:\/\/veda.polac.cz\/index.php?rest_route=\/wp\/v2\/types\/page"}],"author":[{"embeddable":true,"href":"https:\/\/veda.polac.cz\/index.php?rest_route=\/wp\/v2\/users\/6"}],"replies":[{"embeddable":true,"href":"https:\/\/veda.polac.cz\/index.php?rest_route=%2Fwp%2Fv2%2Fcomments&post=6866"}],"version-history":[{"count":1,"href":"https:\/\/veda.polac.cz\/index.php?rest_route=\/wp\/v2\/pages\/6866\/revisions"}],"predecessor-version":[{"id":6867,"href":"https:\/\/veda.polac.cz\/index.php?rest_route=\/wp\/v2\/pages\/6866\/revisions\/6867"}],"wp:attachment":[{"href":"https:\/\/veda.polac.cz\/index.php?rest_route=%2Fwp%2Fv2%2Fmedia&parent=6866"}],"curies":[{"name":"wp","href":"https:\/\/api.w.org\/{rel}","templated":true}]}}