{"id":6864,"date":"2022-10-04T11:03:30","date_gmt":"2022-10-04T11:03:30","guid":{"rendered":"https:\/\/veda.polac.cz\/?page_id=6864"},"modified":"2022-10-04T11:03:30","modified_gmt":"2022-10-04T11:03:30","slug":"6864-2","status":"publish","type":"page","link":"https:\/\/veda.polac.cz\/?page_id=6864","title":{"rendered":""},"content":{"rendered":"<p style=\"text-align: center;\">Resum\u00e9 \u010dl\u00e1nku<\/p>\n<p><strong>Kl\u00ed\u010dov\u00e9 faktory ovliv\u0148uj\u00edc\u00ed n\u00e1r\u016fst kyberkriminality<\/strong><\/p>\n<p><em>Ing. Miroslav \u010cerm\u00e1k, Policejn\u00ed akademie \u010cesk\u00e9 republiky v\u00a0Praze, student doktorsk\u00e9ho studijn\u00edho programu<\/em><\/p>\n<p>Tato pr\u00e1ce se zab\u00fdv\u00e1 kl\u00ed\u010dov\u00fdmi faktory, kter\u00e9 ovliv\u0148uj\u00ed n\u00e1r\u016fst kybernetick\u00e9 kriminality a\u00a0budou i\u00a0do budoucna ur\u010dovat jej\u00ed podobu. Tyto faktory byly identifikov\u00e1ny na z\u00e1klad\u011b anal\u00fdzy trend\u016f vybran\u00fdch ukazatel\u016f. Jedn\u00e1 se zejm\u00e9na o\u00a0rostouc\u00ed po\u010det u\u017eivatel\u016f a\u00a0jejich n\u00edzk\u00e9 bezpe\u010dnostn\u00ed pov\u011bdom\u00ed a\u00a0mno\u017estv\u00ed zraniteln\u00fdch za\u0159\u00edzen\u00ed p\u0159ipojen\u00fdch k\u00a0internetu, z\u00a0nich\u017e m\u016f\u017ee b\u00fdt p\u00e1ch\u00e1na kybernetick\u00e1 trestn\u00e1 \u010dinnost a\u00a0kter\u00e1 z\u00e1rove\u0148 mohou b\u00fdt i\u00a0c\u00edlem t\u00e9to trestn\u00e9 \u010dinnosti. D\u00e1le pak \u0161iroce dostupn\u00e9 n\u00e1vody a\u00a0prost\u0159edky pot\u0159ebn\u00e9 pro p\u00e1ch\u00e1n\u00ed tohoto typu trestn\u00e9 \u010dinnosti, snadnost a\u00a0rychlost, s\u00a0jakou lze vytv\u00e1\u0159et nov\u00e9 dom\u00e9ny a\u00a0na n\u011b um\u00eds\u0165ovat \u0161kodliv\u00fd k\u00f3d, a\u00a0v\u00a0neposledn\u00ed \u0159ad\u011b pak prob\u00edhaj\u00edc\u00ed transformace IT a\u00a0globalizace kybernality. Porozum\u011bn\u00ed t\u011bmto trend\u016fm by m\u011blo umo\u017enit l\u00e9pe odhadnout dal\u0161\u00ed mo\u017en\u00fd v\u00fdvoj t\u00e9to trestn\u00e9 \u010dinnosti.<\/p>\n<p><strong>Kl\u00ed\u010dov\u00e1 slova:<\/strong> kybernetick\u00e1 kriminalita, kybernalita, kl\u00ed\u010dov\u00e9 faktory, IoT, BYOD, cloud, pr\u00e1ce z\u00a0domova, bezpe\u010dnostn\u00ed pov\u011bdom\u00ed, transformace IT.<\/p>\n<hr \/>\n<p><a href=\"https:\/\/veda.polac.cz\/?page_id=6849\">Zp\u011bt<\/a><\/p>\n","protected":false},"excerpt":{"rendered":"<p>Resum\u00e9 \u010dl\u00e1nku Kl\u00ed\u010dov\u00e9 faktory ovliv\u0148uj\u00edc\u00ed n\u00e1r\u016fst kyberkriminality Ing. Miroslav \u010cerm\u00e1k, Policejn\u00ed akademie \u010cesk\u00e9 republiky v\u00a0Praze, student doktorsk\u00e9ho studijn\u00edho programu Tato pr\u00e1ce se zab\u00fdv\u00e1 kl\u00ed\u010dov\u00fdmi faktory, kter\u00e9 ovliv\u0148uj\u00ed n\u00e1r\u016fst kybernetick\u00e9 kriminality a\u00a0budou i\u00a0do budoucna ur\u010dovat jej\u00ed podobu. Tyto faktory byly identifikov\u00e1ny na z\u00e1klad\u011b anal\u00fdzy trend\u016f vybran\u00fdch ukazatel\u016f. Jedn\u00e1 se zejm\u00e9na o\u00a0rostouc\u00ed po\u010det u\u017eivatel\u016f a\u00a0jejich n\u00edzk\u00e9 bezpe\u010dnostn\u00ed [&hellip;]<\/p>\n","protected":false},"author":6,"featured_media":0,"parent":0,"menu_order":0,"comment_status":"closed","ping_status":"closed","template":"","meta":{"footnotes":""},"class_list":["post-6864","page","type-page","status-publish","hentry"],"_links":{"self":[{"href":"https:\/\/veda.polac.cz\/index.php?rest_route=\/wp\/v2\/pages\/6864","targetHints":{"allow":["GET"]}}],"collection":[{"href":"https:\/\/veda.polac.cz\/index.php?rest_route=\/wp\/v2\/pages"}],"about":[{"href":"https:\/\/veda.polac.cz\/index.php?rest_route=\/wp\/v2\/types\/page"}],"author":[{"embeddable":true,"href":"https:\/\/veda.polac.cz\/index.php?rest_route=\/wp\/v2\/users\/6"}],"replies":[{"embeddable":true,"href":"https:\/\/veda.polac.cz\/index.php?rest_route=%2Fwp%2Fv2%2Fcomments&post=6864"}],"version-history":[{"count":1,"href":"https:\/\/veda.polac.cz\/index.php?rest_route=\/wp\/v2\/pages\/6864\/revisions"}],"predecessor-version":[{"id":6865,"href":"https:\/\/veda.polac.cz\/index.php?rest_route=\/wp\/v2\/pages\/6864\/revisions\/6865"}],"wp:attachment":[{"href":"https:\/\/veda.polac.cz\/index.php?rest_route=%2Fwp%2Fv2%2Fmedia&parent=6864"}],"curies":[{"name":"wp","href":"https:\/\/api.w.org\/{rel}","templated":true}]}}