{"id":6862,"date":"2022-10-04T11:02:00","date_gmt":"2022-10-04T11:02:00","guid":{"rendered":"https:\/\/veda.polac.cz\/?page_id=6862"},"modified":"2022-10-04T11:06:47","modified_gmt":"2022-10-04T11:06:47","slug":"6862-2","status":"publish","type":"page","link":"https:\/\/veda.polac.cz\/?page_id=6862","title":{"rendered":""},"content":{"rendered":"<p style=\"text-align: center;\">Resum\u00e9 \u010dl\u00e1nku<\/p>\n<p><strong>Mo\u017enosti vyu\u017eit\u00ed krimin\u00e1ln\u00edch statistik org\u00e1ny \u010dinn\u00fdmi v\u00a0trestn\u00edm \u0159\u00edzen\u00ed<\/strong><\/p>\n<p><em>JUDr. V\u00e1clav Ku\u010dera, Policejn\u00ed akademie \u010cesk\u00e9 republiky v\u00a0Praze, student doktorsk\u00e9ho studijn\u00edho programu<\/em><\/p>\n<p>P\u0159\u00edsp\u011bvek pojedn\u00e1v\u00e1 o\u00a0vyu\u017eitelnosti statistiky nikoliv v\u00a0obvykl\u00e9m vyu\u017eit\u00ed p\u0159i prevenci kriminality nebo p\u0159i vyhodnocov\u00e1n\u00ed trestn\u00ed politiky, ale v\u00a0trestn\u00edm \u0159\u00edzen\u00ed. Autor p\u0159edstavuje zahrani\u010dn\u00ed p\u0159\u00edstupy k\u00a0problematice, v\u010detn\u011b v\u00fdsled\u016f v\u011bdeck\u00fdch prac\u00ed. P\u0159isp\u011bvatel p\u0159\u00ednos statistiky pro trestn\u00ed \u0159\u00edzen\u00ed vid\u00ed v\u00a0operativn\u011b p\u00e1trac\u00edm vyu\u017eit\u00ed a\u00a0v\u00a0prost\u0159edku pro efektivn\u00ed alokaci zdroj\u016f. Autor dosp\u00edv\u00e1 k\u00a0z\u00e1v\u011bru, \u017ee u\u017eit\u00ed statistiky v\u00a0trestn\u00edm \u0159\u00edzen\u00ed v\u00a0\u010cesku je v\u011bdecky ne zcela prozkouman\u00e1 oblast s\u00a0velk\u00fdm potenci\u00e1lem pro napl\u0148ov\u00e1n\u00ed \u00fa\u010del\u016f trestn\u00edch \u0159\u00edzen\u00ed v\u00a0\u010cesku.<\/p>\n<p><strong>Kl\u00ed\u010dov\u00e1 slova: <\/strong>statistika, trestn\u00ed \u0159\u00edzen\u00ed, \u010cesko.<\/p>\n<hr \/>\n<p><a href=\"https:\/\/veda.polac.cz\/?page_id=6849\">Zp\u011bt<\/a><\/p>\n","protected":false},"excerpt":{"rendered":"<p>Resum\u00e9 \u010dl\u00e1nku Mo\u017enosti vyu\u017eit\u00ed krimin\u00e1ln\u00edch statistik org\u00e1ny \u010dinn\u00fdmi v\u00a0trestn\u00edm \u0159\u00edzen\u00ed JUDr. V\u00e1clav Ku\u010dera, Policejn\u00ed akademie \u010cesk\u00e9 republiky v\u00a0Praze, student doktorsk\u00e9ho studijn\u00edho programu P\u0159\u00edsp\u011bvek pojedn\u00e1v\u00e1 o\u00a0vyu\u017eitelnosti statistiky nikoliv v\u00a0obvykl\u00e9m vyu\u017eit\u00ed p\u0159i prevenci kriminality nebo p\u0159i vyhodnocov\u00e1n\u00ed trestn\u00ed politiky, ale v\u00a0trestn\u00edm \u0159\u00edzen\u00ed. Autor p\u0159edstavuje zahrani\u010dn\u00ed p\u0159\u00edstupy k\u00a0problematice, v\u010detn\u011b v\u00fdsled\u016f v\u011bdeck\u00fdch prac\u00ed. P\u0159isp\u011bvatel p\u0159\u00ednos statistiky pro trestn\u00ed \u0159\u00edzen\u00ed [&hellip;]<\/p>\n","protected":false},"author":6,"featured_media":0,"parent":0,"menu_order":0,"comment_status":"closed","ping_status":"closed","template":"","meta":{"footnotes":""},"class_list":["post-6862","page","type-page","status-publish","hentry"],"_links":{"self":[{"href":"https:\/\/veda.polac.cz\/index.php?rest_route=\/wp\/v2\/pages\/6862","targetHints":{"allow":["GET"]}}],"collection":[{"href":"https:\/\/veda.polac.cz\/index.php?rest_route=\/wp\/v2\/pages"}],"about":[{"href":"https:\/\/veda.polac.cz\/index.php?rest_route=\/wp\/v2\/types\/page"}],"author":[{"embeddable":true,"href":"https:\/\/veda.polac.cz\/index.php?rest_route=\/wp\/v2\/users\/6"}],"replies":[{"embeddable":true,"href":"https:\/\/veda.polac.cz\/index.php?rest_route=%2Fwp%2Fv2%2Fcomments&post=6862"}],"version-history":[{"count":2,"href":"https:\/\/veda.polac.cz\/index.php?rest_route=\/wp\/v2\/pages\/6862\/revisions"}],"predecessor-version":[{"id":6869,"href":"https:\/\/veda.polac.cz\/index.php?rest_route=\/wp\/v2\/pages\/6862\/revisions\/6869"}],"wp:attachment":[{"href":"https:\/\/veda.polac.cz\/index.php?rest_route=%2Fwp%2Fv2%2Fmedia&parent=6862"}],"curies":[{"name":"wp","href":"https:\/\/api.w.org\/{rel}","templated":true}]}}