{"id":6860,"date":"2022-10-04T11:00:40","date_gmt":"2022-10-04T11:00:40","guid":{"rendered":"https:\/\/veda.polac.cz\/?page_id=6860"},"modified":"2022-10-04T11:00:41","modified_gmt":"2022-10-04T11:00:41","slug":"6860-2","status":"publish","type":"page","link":"https:\/\/veda.polac.cz\/?page_id=6860","title":{"rendered":""},"content":{"rendered":"<p style=\"text-align: center;\">Resum\u00e9 \u010dl\u00e1nku<\/p>\n<p><strong>N\u00e1r\u016fst antisemitismu v \u010cesk\u00e9 republice v reakci na pandemii covid-19: sou\u010dasn\u00e9 probl\u00e9my vysv\u011btlen\u00e9 na z\u00e1klad\u011b tradi\u010dn\u00edch historick\u00fdch stereotyp\u016f a\u00a0p\u0159edsudk\u016f<\/strong><\/p>\n<p><em>Mgr. Eva Taterov\u00e1, M.A., Ph.D., <\/em><em>Akademie v\u011bd \u010cR, \u00dastav pro soudob\u00e9 d\u011bjiny<\/em><\/p>\n<p>Tato studie p\u0159edstavuje a\u00a0interpretuje sou\u010dasn\u00e9 trendy n\u00e1r\u016fstu antisemitismu v\u00a0\u010cesk\u00e9 republice v\u00a0souvislosti s\u00a0nov\u00fdmi v\u00fdzvami spjat\u00fdch s\u00a0pandemi\u00ed covid-19. Probl\u00e9my jako \u0161\u00ed\u0159en\u00ed vlivn\u00fdch proti\u017eidovsk\u00fdch konspira\u010dn\u00edch teori\u00ed, \u010dast\u00e9 hoaxy ohledn\u011b vakc\u00edn proti nemoci covid-19 a\u00a0v\u00a0neposledn\u00ed \u0159ad\u011b zneu\u017e\u00edv\u00e1n\u00ed \u017eidovsk\u00e9 hv\u011bzdy, jednoho ze sv\u011btov\u011b nejzn\u00e1m\u011bj\u0161\u00edch symbol\u016f Holocaustu, od jara 2020 rezonuje \u010ceskou republikou. Navzdory nov\u00fdm okolnostem v\u0161ak lze tyto antisemitsk\u00e9 covidov\u00e9 proklamace vysv\u011btlit na b\u00e1zi tradi\u010dn\u00edch historick\u00fdch stereotyp\u016f a\u00a0p\u0159edsudk\u016f typick\u00fdch po \u010deskou pov\u00e1le\u010dnou spole\u010dnost.<\/p>\n<p><strong>Kl\u00ed\u010dov\u00e1 slova: <\/strong>antisemitismus, \u010cesk\u00e1 republika, konspira\u010dn\u00ed teorie, pandemie covid-19, \u017did\u00e9.<\/p>\n<hr \/>\n<p><a href=\"https:\/\/veda.polac.cz\/?page_id=6849\">Zp\u011bt<\/a><\/p>\n","protected":false},"excerpt":{"rendered":"<p>Resum\u00e9 \u010dl\u00e1nku N\u00e1r\u016fst antisemitismu v \u010cesk\u00e9 republice v reakci na pandemii covid-19: sou\u010dasn\u00e9 probl\u00e9my vysv\u011btlen\u00e9 na z\u00e1klad\u011b tradi\u010dn\u00edch historick\u00fdch stereotyp\u016f a\u00a0p\u0159edsudk\u016f Mgr. Eva Taterov\u00e1, M.A., Ph.D., Akademie v\u011bd \u010cR, \u00dastav pro soudob\u00e9 d\u011bjiny Tato studie p\u0159edstavuje a\u00a0interpretuje sou\u010dasn\u00e9 trendy n\u00e1r\u016fstu antisemitismu v\u00a0\u010cesk\u00e9 republice v\u00a0souvislosti s\u00a0nov\u00fdmi v\u00fdzvami spjat\u00fdch s\u00a0pandemi\u00ed covid-19. Probl\u00e9my jako \u0161\u00ed\u0159en\u00ed vlivn\u00fdch proti\u017eidovsk\u00fdch konspira\u010dn\u00edch [&hellip;]<\/p>\n","protected":false},"author":6,"featured_media":0,"parent":0,"menu_order":0,"comment_status":"closed","ping_status":"closed","template":"","meta":{"footnotes":""},"class_list":["post-6860","page","type-page","status-publish","hentry"],"_links":{"self":[{"href":"https:\/\/veda.polac.cz\/index.php?rest_route=\/wp\/v2\/pages\/6860","targetHints":{"allow":["GET"]}}],"collection":[{"href":"https:\/\/veda.polac.cz\/index.php?rest_route=\/wp\/v2\/pages"}],"about":[{"href":"https:\/\/veda.polac.cz\/index.php?rest_route=\/wp\/v2\/types\/page"}],"author":[{"embeddable":true,"href":"https:\/\/veda.polac.cz\/index.php?rest_route=\/wp\/v2\/users\/6"}],"replies":[{"embeddable":true,"href":"https:\/\/veda.polac.cz\/index.php?rest_route=%2Fwp%2Fv2%2Fcomments&post=6860"}],"version-history":[{"count":1,"href":"https:\/\/veda.polac.cz\/index.php?rest_route=\/wp\/v2\/pages\/6860\/revisions"}],"predecessor-version":[{"id":6861,"href":"https:\/\/veda.polac.cz\/index.php?rest_route=\/wp\/v2\/pages\/6860\/revisions\/6861"}],"wp:attachment":[{"href":"https:\/\/veda.polac.cz\/index.php?rest_route=%2Fwp%2Fv2%2Fmedia&parent=6860"}],"curies":[{"name":"wp","href":"https:\/\/api.w.org\/{rel}","templated":true}]}}