{"id":686,"date":"2018-09-13T19:06:11","date_gmt":"2018-09-13T19:06:11","guid":{"rendered":"http:\/\/veda.polac.cz\/?page_id=686"},"modified":"2018-10-27T19:02:54","modified_gmt":"2018-10-27T19:02:54","slug":"3-2","status":"publish","type":"page","link":"https:\/\/veda.polac.cz\/?page_id=686","title":{"rendered":""},"content":{"rendered":"<p style=\"text-align: center;\">Resum\u00e9 \u010dl\u00e1nku<\/p>\n<p><strong>Sc\u00e9n\u00e1\u0159e zkou\u0161ek spolehlivosti &#8211; v\u00fdzkumn\u00e1 zji\u0161t\u011bn\u00ed<br \/>\n<\/strong><i>pplk. JUDr. Josef Hrudka, Ph.D., pplk. Mgr. Viktor Koudelka, Fakulta bezpe\u010dnostn\u011b pr\u00e1vn\u00ed PA \u010cR v Praze, katedra policejn\u00edch \u010dinnost\u00ed<\/p>\n<p><\/i>V\u011bdeck\u00fd \u010dl\u00e1nek ve sv\u00e9 prvn\u00ed \u010d\u00e1sti pojedn\u00e1v\u00e1 o v\u00fdvoji pr\u00e1vn\u00ed \u00fapravy a o d\u016fvodech zm\u011bn z\u00e1konn\u00e9 dikce zkou\u0161ky spolehlivosti ovliv\u0148uj\u00edc\u00edch mo\u017enost resp. pestrost navozen\u00ed situac\u00ed, kter\u00e9 je zkou\u0161en\u00e1 osoba povinna \u0159e\u0161it. V dal\u0161\u00ed \u010d\u00e1sti zprost\u0159edkov\u00e1v\u00e1 informace t\u00fdkaj\u00edc\u00ed se sc\u00e9n\u00e1\u0159\u016f zkou\u0161ek spolehlivosti, kter\u00e9 byly ve\u0159ejn\u011b prezentov\u00e1ny v m\u00e9di\u00edch. Mat\u00e9rie \u010dl\u00e1nku je uzav\u0159ena vhledem do d\u00edl\u010d\u00edch v\u00fdzkumn\u00fdch zji\u0161t\u011bn\u00ed v\u00fdzkumn\u00e9ho \u00fakolu Policejn\u00ed akademie \u010cesk\u00e9 republiky v Praze \u010d. 3\/6 &#8222;Zkou\u0161ka spolehlivosti &#8211; explikace, aplikace, efektivita&#8220;, p\u0159in\u00e1\u0161ej\u00edc\u00edch informaci o konkr\u00e9tn\u00ed p\u0159edstav\u011b policist\u016f o sc\u00e9n\u00e1\u0159\u00edch zkou\u0161ek spolehlivosti v r\u00e1mci sv\u00e9ho slu\u017eebn\u00edho za\u0159azen\u00ed a o tom, zda si respondenti mysl\u00ed, \u017ee nab\u00eddka \u00faplatku je b\u011b\u017en\u00fdm sc\u00e9n\u00e1\u0159em zkou\u0161ek.<br \/>\n<strong>Kl\u00ed\u010dov\u00e1 slova<\/strong>: zkou\u0161ka spolehlivosti, Gener\u00e1ln\u00ed inspekce bezpe\u010dnostn\u00edch sbor\u016f, p\u0159estupkov\u00e1 exempce.<br \/>\n<i><br \/>\n<\/i><\/p>\n<p><a href=\"https:\/\/veda.polac.cz\/?page_id=680\">02\/2015<\/a><\/p>\n","protected":false},"excerpt":{"rendered":"<p>Resum\u00e9 \u010dl\u00e1nku Sc\u00e9n\u00e1\u0159e zkou\u0161ek spolehlivosti &#8211; v\u00fdzkumn\u00e1 zji\u0161t\u011bn\u00ed pplk. JUDr. Josef Hrudka, Ph.D., pplk. Mgr. Viktor Koudelka, Fakulta bezpe\u010dnostn\u011b pr\u00e1vn\u00ed PA \u010cR v Praze, katedra policejn\u00edch \u010dinnost\u00ed V\u011bdeck\u00fd \u010dl\u00e1nek ve sv\u00e9 prvn\u00ed \u010d\u00e1sti pojedn\u00e1v\u00e1 o v\u00fdvoji pr\u00e1vn\u00ed \u00fapravy a o d\u016fvodech zm\u011bn z\u00e1konn\u00e9 dikce zkou\u0161ky spolehlivosti ovliv\u0148uj\u00edc\u00edch mo\u017enost resp. pestrost navozen\u00ed situac\u00ed, kter\u00e9 je zkou\u0161en\u00e1 [&hellip;]<\/p>\n","protected":false},"author":2,"featured_media":0,"parent":680,"menu_order":3,"comment_status":"closed","ping_status":"closed","template":"","meta":{"footnotes":""},"class_list":["post-686","page","type-page","status-publish","hentry"],"_links":{"self":[{"href":"https:\/\/veda.polac.cz\/index.php?rest_route=\/wp\/v2\/pages\/686","targetHints":{"allow":["GET"]}}],"collection":[{"href":"https:\/\/veda.polac.cz\/index.php?rest_route=\/wp\/v2\/pages"}],"about":[{"href":"https:\/\/veda.polac.cz\/index.php?rest_route=\/wp\/v2\/types\/page"}],"author":[{"embeddable":true,"href":"https:\/\/veda.polac.cz\/index.php?rest_route=\/wp\/v2\/users\/2"}],"replies":[{"embeddable":true,"href":"https:\/\/veda.polac.cz\/index.php?rest_route=%2Fwp%2Fv2%2Fcomments&post=686"}],"version-history":[{"count":2,"href":"https:\/\/veda.polac.cz\/index.php?rest_route=\/wp\/v2\/pages\/686\/revisions"}],"predecessor-version":[{"id":713,"href":"https:\/\/veda.polac.cz\/index.php?rest_route=\/wp\/v2\/pages\/686\/revisions\/713"}],"up":[{"embeddable":true,"href":"https:\/\/veda.polac.cz\/index.php?rest_route=\/wp\/v2\/pages\/680"}],"wp:attachment":[{"href":"https:\/\/veda.polac.cz\/index.php?rest_route=%2Fwp%2Fv2%2Fmedia&parent=686"}],"curies":[{"name":"wp","href":"https:\/\/api.w.org\/{rel}","templated":true}]}}