{"id":6858,"date":"2022-10-04T10:58:43","date_gmt":"2022-10-04T10:58:43","guid":{"rendered":"https:\/\/veda.polac.cz\/?page_id=6858"},"modified":"2022-10-04T10:58:43","modified_gmt":"2022-10-04T10:58:43","slug":"6858-2","status":"publish","type":"page","link":"https:\/\/veda.polac.cz\/?page_id=6858","title":{"rendered":""},"content":{"rendered":"<p style=\"text-align: center;\">Resum\u00e9 \u010dl\u00e1nku<\/p>\n<p><strong>Komparace \u010desk\u00e9 a slovensk\u00e9 \u201eprotiextremistick\u00e9\u201c legislativy<\/strong><\/p>\n<p><em>Mgr. Martin Dole\u010dek, Policejn\u00ed akademie \u010cesk\u00e9 republiky v\u00a0Praze, Odd\u011blen\u00ed v\u011bdy a\u00a0v\u00fdzkumu<\/em><\/p>\n<p><em>doc. PhDr. Josef Smol\u00edk, Ph.D., MBA, LL.M., Policejn\u00ed akademie \u010cesk\u00e9 republiky v\u00a0Praze, Fakulta bezpe\u010dnostn\u00edho managementu, katedra bezpe\u010dnostn\u00edch studi\u00ed<\/em><\/p>\n<p>\u010cl\u00e1nek p\u0159edstavuje problematiku \u201eextremismu\u201c z\u00a0pohledu pr\u00e1vn\u00ed komparatistiky. Porovn\u00e1v\u00e1ny jsou p\u0159\u00edstupy k\u00a0extremismu ve dvou zvolen\u00fdch st\u00e1tech, tj. v\u00a0\u010cR a\u00a0SR. Text stru\u010dn\u011b diskutuje v\u00fdvoj legislativy od 90.\u00a0let 20.\u00a0stolet\u00ed, p\u0159i\u010dem\u017e hlavn\u00ed \u010d\u00e1st je p\u0159edstavena v\u00a0podob\u011b srovn\u00e1vac\u00ed tabulky. Jednotliv\u00e9 trestn\u00e9 \u010diny ve zkouman\u00e9 oblasti jsou bl\u00ed\u017ee analyzov\u00e1ny. V\u00a0z\u00e1v\u011bru jsou diskutov\u00e1ny z\u00e1kladn\u00ed poznatky v\u00a0kontextu trend\u016f v\u00a0oblasti extremismu i\u00a0konceptu \u201ehate crimes\u201c.<\/p>\n<p><strong>Kl\u00ed\u010dov\u00e1 slova<\/strong>: trestn\u00ed pr\u00e1vo, komparace, extremismus, trestn\u00e9 \u010diny.<\/p>\n<hr \/>\n<p><a href=\"https:\/\/veda.polac.cz\/?page_id=6849\">Zp\u011bt<\/a><\/p>\n","protected":false},"excerpt":{"rendered":"<p>Resum\u00e9 \u010dl\u00e1nku Komparace \u010desk\u00e9 a slovensk\u00e9 \u201eprotiextremistick\u00e9\u201c legislativy Mgr. Martin Dole\u010dek, Policejn\u00ed akademie \u010cesk\u00e9 republiky v\u00a0Praze, Odd\u011blen\u00ed v\u011bdy a\u00a0v\u00fdzkumu doc. PhDr. Josef Smol\u00edk, Ph.D., MBA, LL.M., Policejn\u00ed akademie \u010cesk\u00e9 republiky v\u00a0Praze, Fakulta bezpe\u010dnostn\u00edho managementu, katedra bezpe\u010dnostn\u00edch studi\u00ed \u010cl\u00e1nek p\u0159edstavuje problematiku \u201eextremismu\u201c z\u00a0pohledu pr\u00e1vn\u00ed komparatistiky. Porovn\u00e1v\u00e1ny jsou p\u0159\u00edstupy k\u00a0extremismu ve dvou zvolen\u00fdch st\u00e1tech, tj. v\u00a0\u010cR a\u00a0SR. [&hellip;]<\/p>\n","protected":false},"author":6,"featured_media":0,"parent":0,"menu_order":0,"comment_status":"closed","ping_status":"closed","template":"","meta":{"footnotes":""},"class_list":["post-6858","page","type-page","status-publish","hentry"],"_links":{"self":[{"href":"https:\/\/veda.polac.cz\/index.php?rest_route=\/wp\/v2\/pages\/6858","targetHints":{"allow":["GET"]}}],"collection":[{"href":"https:\/\/veda.polac.cz\/index.php?rest_route=\/wp\/v2\/pages"}],"about":[{"href":"https:\/\/veda.polac.cz\/index.php?rest_route=\/wp\/v2\/types\/page"}],"author":[{"embeddable":true,"href":"https:\/\/veda.polac.cz\/index.php?rest_route=\/wp\/v2\/users\/6"}],"replies":[{"embeddable":true,"href":"https:\/\/veda.polac.cz\/index.php?rest_route=%2Fwp%2Fv2%2Fcomments&post=6858"}],"version-history":[{"count":1,"href":"https:\/\/veda.polac.cz\/index.php?rest_route=\/wp\/v2\/pages\/6858\/revisions"}],"predecessor-version":[{"id":6859,"href":"https:\/\/veda.polac.cz\/index.php?rest_route=\/wp\/v2\/pages\/6858\/revisions\/6859"}],"wp:attachment":[{"href":"https:\/\/veda.polac.cz\/index.php?rest_route=%2Fwp%2Fv2%2Fmedia&parent=6858"}],"curies":[{"name":"wp","href":"https:\/\/api.w.org\/{rel}","templated":true}]}}