{"id":6856,"date":"2022-10-04T10:56:15","date_gmt":"2022-10-04T10:56:15","guid":{"rendered":"https:\/\/veda.polac.cz\/?page_id=6856"},"modified":"2022-10-04T10:56:15","modified_gmt":"2022-10-04T10:56:15","slug":"6856-2","status":"publish","type":"page","link":"https:\/\/veda.polac.cz\/?page_id=6856","title":{"rendered":""},"content":{"rendered":"<p style=\"text-align: center;\">Resum\u00e9 \u010dl\u00e1nku<\/p>\n<p><strong>K\u0159es\u0165ansk\u00fd nacionalismus ve Spojen\u00fdch st\u00e1tech. Pro\u010d na n\u011bm st\u00e1le z\u00e1le\u017e\u00ed ve\u00a021.\u00a0stolet\u00ed?<\/strong><\/p>\n<p><em>Bc. Martin Zilvar, Masarykova univerzita, Fakulta soci\u00e1ln\u00edch v\u011bd, katedra politologie, student magistersk\u00e9ho studijn\u00edho programu<\/em><\/p>\n<p>\u010cl\u00e1nek p\u0159edstavuje \u010desk\u00e9 a\u00a0evropsk\u00e9 bezpe\u010dnostn\u00ed komunit\u011b problematiku k\u0159es\u0165ansk\u00e9ho nacionalismu ve Spojen\u00fdch st\u00e1tech s\u00a0ohledem na jeho historick\u00fd v\u00fdvoj, sou\u010dasnou podobu a\u00a0potenci\u00e1ln\u00ed bezpe\u010dnostn\u00ed rizika. Prim\u00e1rn\u011b c\u00edl\u00ed na poskytnut\u00ed kl\u00ed\u010dov\u00fdch znalost\u00ed tohoto velmi diskutovan\u00e9ho t\u00e9matu \u010dasto spojovan\u00e9ho s\u00a0Trumpovou administrativou. Krom\u011b teoretick\u00e9 diskuze popisuje dv\u011b prominentn\u00ed nacionalistick\u00e9 kongregace. \u010cten\u00e1\u0159\u016fm z\u00e1rove\u0148 poskytuje p\u0159episy bohoslu\u017eeb t\u0159\u00ed americk\u00fdch pastor\u016f. Ve sv\u00e9m z\u00e1v\u011bru zhodnocuje, pro\u010d je k\u0159es\u0165ansk\u00fd nacionalismus st\u00e1le relevantn\u00edm bezpe\u010dnostn\u00edm rizikem pro americkou demokracii.<\/p>\n<p><strong>Kl\u00ed\u010dov\u00e1 slova:<\/strong> k\u0159es\u0165ansk\u00fd nacionalismus, k\u0159es\u0165an\u0161t\u00ed nacionalist\u00e9, kongregace, narativy, Spojen\u00e9 st\u00e1ty.<\/p>\n<hr \/>\n<p><a href=\"https:\/\/veda.polac.cz\/?page_id=6849\">Zp\u011bt<\/a><\/p>\n","protected":false},"excerpt":{"rendered":"<p>Resum\u00e9 \u010dl\u00e1nku K\u0159es\u0165ansk\u00fd nacionalismus ve Spojen\u00fdch st\u00e1tech. Pro\u010d na n\u011bm st\u00e1le z\u00e1le\u017e\u00ed ve\u00a021.\u00a0stolet\u00ed? Bc. Martin Zilvar, Masarykova univerzita, Fakulta soci\u00e1ln\u00edch v\u011bd, katedra politologie, student magistersk\u00e9ho studijn\u00edho programu \u010cl\u00e1nek p\u0159edstavuje \u010desk\u00e9 a\u00a0evropsk\u00e9 bezpe\u010dnostn\u00ed komunit\u011b problematiku k\u0159es\u0165ansk\u00e9ho nacionalismu ve Spojen\u00fdch st\u00e1tech s\u00a0ohledem na jeho historick\u00fd v\u00fdvoj, sou\u010dasnou podobu a\u00a0potenci\u00e1ln\u00ed bezpe\u010dnostn\u00ed rizika. Prim\u00e1rn\u011b c\u00edl\u00ed na poskytnut\u00ed kl\u00ed\u010dov\u00fdch znalost\u00ed [&hellip;]<\/p>\n","protected":false},"author":6,"featured_media":0,"parent":0,"menu_order":0,"comment_status":"closed","ping_status":"closed","template":"","meta":{"footnotes":""},"class_list":["post-6856","page","type-page","status-publish","hentry"],"_links":{"self":[{"href":"https:\/\/veda.polac.cz\/index.php?rest_route=\/wp\/v2\/pages\/6856","targetHints":{"allow":["GET"]}}],"collection":[{"href":"https:\/\/veda.polac.cz\/index.php?rest_route=\/wp\/v2\/pages"}],"about":[{"href":"https:\/\/veda.polac.cz\/index.php?rest_route=\/wp\/v2\/types\/page"}],"author":[{"embeddable":true,"href":"https:\/\/veda.polac.cz\/index.php?rest_route=\/wp\/v2\/users\/6"}],"replies":[{"embeddable":true,"href":"https:\/\/veda.polac.cz\/index.php?rest_route=%2Fwp%2Fv2%2Fcomments&post=6856"}],"version-history":[{"count":1,"href":"https:\/\/veda.polac.cz\/index.php?rest_route=\/wp\/v2\/pages\/6856\/revisions"}],"predecessor-version":[{"id":6857,"href":"https:\/\/veda.polac.cz\/index.php?rest_route=\/wp\/v2\/pages\/6856\/revisions\/6857"}],"wp:attachment":[{"href":"https:\/\/veda.polac.cz\/index.php?rest_route=%2Fwp%2Fv2%2Fmedia&parent=6856"}],"curies":[{"name":"wp","href":"https:\/\/api.w.org\/{rel}","templated":true}]}}