{"id":6853,"date":"2022-10-04T10:54:11","date_gmt":"2022-10-04T10:54:11","guid":{"rendered":"https:\/\/veda.polac.cz\/?page_id=6853"},"modified":"2022-10-04T10:54:11","modified_gmt":"2022-10-04T10:54:11","slug":"6853-2","status":"publish","type":"page","link":"https:\/\/veda.polac.cz\/?page_id=6853","title":{"rendered":""},"content":{"rendered":"<p style=\"text-align: center;\">Resum\u00e9 \u010dl\u00e1nku<\/p>\n<p><strong>Vztah z\u00e1kona o slu\u017eebn\u00edm pom\u011bru p\u0159\u00edslu\u0161n\u00edk\u016f bezpe\u010dnostn\u00edch sbor\u016f a\u00a0spr\u00e1vn\u00edho \u0159\u00e1du<\/strong><\/p>\n<p><em>doc. JUDr. PhDr. Zden\u011bk Fiala, Ph.D., Mgr. Krist\u00fdna Mlezivov\u00e1, Policejn\u00ed akademie \u010cesk\u00e9 republiky v\u00a0Praze, Fakulta bezpe\u010dnostn\u00edho managementu, katedra spr\u00e1vn\u00edho pr\u00e1va a spr\u00e1vn\u00ed v\u011bdy<\/em><\/p>\n<p>Tento \u010dl\u00e1nek pojedn\u00e1v\u00e1 o\u00a0vztahu z\u00e1kona o\u00a0slu\u017eebn\u00edm pom\u011bru p\u0159\u00edslu\u0161n\u00edk\u016f bezpe\u010dnostn\u00edch sbor\u016f a\u00a0spr\u00e1vn\u00edho \u0159\u00e1du. N\u00e1zory na subsidi\u00e1rn\u00ed pou\u017eit\u00ed spr\u00e1vn\u00edho \u0159\u00e1du v\u00a0\u0159\u00edzen\u00edch ve v\u011bcech slu\u017eebn\u00edho pom\u011bru p\u0159\u00edslu\u0161n\u00edk\u016f bezpe\u010dnostn\u00edch sbor\u016f pro\u0161ly rozs\u00e1hl\u00fdm v\u00fdvojem, kde v\u00fdznamnou roli p\u0159edstavovala judikatura. Konstatov\u00e1n\u00ed, \u017ee na \u0159\u00edzen\u00ed ve v\u011bcech slu\u017eebn\u00edho pom\u011bru bude subsidi\u00e1rn\u011b aplikov\u00e1n spr\u00e1vn\u00ed \u0159\u00e1d, otev\u0159elo dal\u0161\u00ed ot\u00e1zky rozsahu jeho pou\u017eit\u00ed zejm\u00e9na u\u00a0t\u011bch ustanoven\u00ed spr\u00e1vn\u00edho \u0159\u00e1du, kter\u00e1 z\u00e1kon o\u00a0slu\u017eebn\u00edm pom\u011bru p\u0159\u00edslu\u0161n\u00edk\u016f bezpe\u010dnostn\u00edch sbor\u016f neupravuje v\u016fbec nebo je upravuje pouze \u010d\u00e1ste\u010dn\u011b, nikoli komplexn\u011b jako ve spr\u00e1vn\u00edm \u0159\u00e1du.<\/p>\n<p><strong>Kl\u00ed\u010dov\u00e1 slova: <\/strong>Spr\u00e1vn\u00ed \u0159\u00e1d, p\u0159\u00edslu\u0161n\u00edci bezpe\u010dnostn\u00edch sbor\u016f, slu\u017eebn\u00ed pom\u011br, \u0159\u00edzen\u00ed ve v\u011bcech slu\u017eebn\u00edho pom\u011bru, subsidiarita.<\/p>\n<hr \/>\n<p><a href=\"https:\/\/veda.polac.cz\/?page_id=6849\">Zp\u011bt<\/a><\/p>\n","protected":false},"excerpt":{"rendered":"<p>Resum\u00e9 \u010dl\u00e1nku Vztah z\u00e1kona o slu\u017eebn\u00edm pom\u011bru p\u0159\u00edslu\u0161n\u00edk\u016f bezpe\u010dnostn\u00edch sbor\u016f a\u00a0spr\u00e1vn\u00edho \u0159\u00e1du doc. JUDr. PhDr. Zden\u011bk Fiala, Ph.D., Mgr. Krist\u00fdna Mlezivov\u00e1, Policejn\u00ed akademie \u010cesk\u00e9 republiky v\u00a0Praze, Fakulta bezpe\u010dnostn\u00edho managementu, katedra spr\u00e1vn\u00edho pr\u00e1va a spr\u00e1vn\u00ed v\u011bdy Tento \u010dl\u00e1nek pojedn\u00e1v\u00e1 o\u00a0vztahu z\u00e1kona o\u00a0slu\u017eebn\u00edm pom\u011bru p\u0159\u00edslu\u0161n\u00edk\u016f bezpe\u010dnostn\u00edch sbor\u016f a\u00a0spr\u00e1vn\u00edho \u0159\u00e1du. N\u00e1zory na subsidi\u00e1rn\u00ed pou\u017eit\u00ed spr\u00e1vn\u00edho \u0159\u00e1du v\u00a0\u0159\u00edzen\u00edch ve [&hellip;]<\/p>\n","protected":false},"author":6,"featured_media":0,"parent":0,"menu_order":0,"comment_status":"closed","ping_status":"closed","template":"","meta":{"footnotes":""},"class_list":["post-6853","page","type-page","status-publish","hentry"],"_links":{"self":[{"href":"https:\/\/veda.polac.cz\/index.php?rest_route=\/wp\/v2\/pages\/6853","targetHints":{"allow":["GET"]}}],"collection":[{"href":"https:\/\/veda.polac.cz\/index.php?rest_route=\/wp\/v2\/pages"}],"about":[{"href":"https:\/\/veda.polac.cz\/index.php?rest_route=\/wp\/v2\/types\/page"}],"author":[{"embeddable":true,"href":"https:\/\/veda.polac.cz\/index.php?rest_route=\/wp\/v2\/users\/6"}],"replies":[{"embeddable":true,"href":"https:\/\/veda.polac.cz\/index.php?rest_route=%2Fwp%2Fv2%2Fcomments&post=6853"}],"version-history":[{"count":1,"href":"https:\/\/veda.polac.cz\/index.php?rest_route=\/wp\/v2\/pages\/6853\/revisions"}],"predecessor-version":[{"id":6855,"href":"https:\/\/veda.polac.cz\/index.php?rest_route=\/wp\/v2\/pages\/6853\/revisions\/6855"}],"wp:attachment":[{"href":"https:\/\/veda.polac.cz\/index.php?rest_route=%2Fwp%2Fv2%2Fmedia&parent=6853"}],"curies":[{"name":"wp","href":"https:\/\/api.w.org\/{rel}","templated":true}]}}