{"id":682,"date":"2018-09-13T19:03:54","date_gmt":"2018-09-13T19:03:54","guid":{"rendered":"http:\/\/veda.polac.cz\/?page_id=682"},"modified":"2018-10-27T19:02:54","modified_gmt":"2018-10-27T19:02:54","slug":"1-2","status":"publish","type":"page","link":"https:\/\/veda.polac.cz\/?page_id=682","title":{"rendered":""},"content":{"rendered":"<p style=\"text-align: center;\">Resum\u00e9 \u010dl\u00e1nku<\/p>\n<p><strong>Pocit bezpe\u010d\u00ed v kriminologick\u00e9m kontextu<\/strong><br \/>\n<i>Eva Moravcov\u00e1, Sociologick\u00fd \u00fastav AV \u010cR, Praha<\/p>\n<p><\/i>S vyu\u017eit\u00edm dat \u0161est\u00e9 vlny mezin\u00e1rodn\u00edho Evropsk\u00e9ho soci\u00e1ln\u00edho v\u00fdzkumu si \u010dl\u00e1nek klade za c\u00edl zmapovat pocit bezpe\u010d\u00ed \u010desk\u00fdch ob\u010dan\u016f. Zam\u011b\u0159ujeme se p\u0159itom na teorie, kter\u00e9 tento fenom\u00e9n vysv\u011btluj\u00ed, a na jejich z\u00e1klad\u011b ur\u010dujeme faktory, kter\u00e9 jej ovliv\u0148uj\u00ed, tj. sledujeme, jak\u00e9 skupiny lid\u00ed jsou k pocit\u016fm ohro\u017een\u00ed n\u00e1chyln\u011bj\u0161\u00ed.<br \/>\n<strong>Kl\u00ed\u010dov\u00e1 slova:<\/strong>\u00a0pocit bezpe\u010d\u00ed, viktimizace, vulnerabilita, ESS R6.<\/p>\n<p><a href=\"https:\/\/veda.polac.cz\/?page_id=680\">02\/2015<\/a><\/p>\n","protected":false},"excerpt":{"rendered":"<p>Resum\u00e9 \u010dl\u00e1nku Pocit bezpe\u010d\u00ed v kriminologick\u00e9m kontextu Eva Moravcov\u00e1, Sociologick\u00fd \u00fastav AV \u010cR, Praha S vyu\u017eit\u00edm dat \u0161est\u00e9 vlny mezin\u00e1rodn\u00edho Evropsk\u00e9ho soci\u00e1ln\u00edho v\u00fdzkumu si \u010dl\u00e1nek klade za c\u00edl zmapovat pocit bezpe\u010d\u00ed \u010desk\u00fdch ob\u010dan\u016f. Zam\u011b\u0159ujeme se p\u0159itom na teorie, kter\u00e9 tento fenom\u00e9n vysv\u011btluj\u00ed, a na jejich z\u00e1klad\u011b ur\u010dujeme faktory, kter\u00e9 jej ovliv\u0148uj\u00ed, tj. sledujeme, jak\u00e9 skupiny [&hellip;]<\/p>\n","protected":false},"author":2,"featured_media":0,"parent":680,"menu_order":1,"comment_status":"closed","ping_status":"closed","template":"","meta":{"footnotes":""},"class_list":["post-682","page","type-page","status-publish","hentry"],"_links":{"self":[{"href":"https:\/\/veda.polac.cz\/index.php?rest_route=\/wp\/v2\/pages\/682","targetHints":{"allow":["GET"]}}],"collection":[{"href":"https:\/\/veda.polac.cz\/index.php?rest_route=\/wp\/v2\/pages"}],"about":[{"href":"https:\/\/veda.polac.cz\/index.php?rest_route=\/wp\/v2\/types\/page"}],"author":[{"embeddable":true,"href":"https:\/\/veda.polac.cz\/index.php?rest_route=\/wp\/v2\/users\/2"}],"replies":[{"embeddable":true,"href":"https:\/\/veda.polac.cz\/index.php?rest_route=%2Fwp%2Fv2%2Fcomments&post=682"}],"version-history":[{"count":2,"href":"https:\/\/veda.polac.cz\/index.php?rest_route=\/wp\/v2\/pages\/682\/revisions"}],"predecessor-version":[{"id":711,"href":"https:\/\/veda.polac.cz\/index.php?rest_route=\/wp\/v2\/pages\/682\/revisions\/711"}],"up":[{"embeddable":true,"href":"https:\/\/veda.polac.cz\/index.php?rest_route=\/wp\/v2\/pages\/680"}],"wp:attachment":[{"href":"https:\/\/veda.polac.cz\/index.php?rest_route=%2Fwp%2Fv2%2Fmedia&parent=682"}],"curies":[{"name":"wp","href":"https:\/\/api.w.org\/{rel}","templated":true}]}}