{"id":680,"date":"2018-09-13T19:02:38","date_gmt":"2018-09-13T19:02:38","guid":{"rendered":"http:\/\/veda.polac.cz\/?page_id=680"},"modified":"2019-04-18T10:50:40","modified_gmt":"2019-04-18T10:50:40","slug":"02-2015","status":"publish","type":"page","link":"https:\/\/veda.polac.cz\/?page_id=680","title":{"rendered":"02\/2015"},"content":{"rendered":"<p><a href=\"https:\/\/veda.polac.cz\/?page_id=682\"><strong>Pocit bezpe\u010d\u00ed v kriminologick\u00e9m kontextu\u00a0<\/strong><\/a><br \/>\nEva Moravcov\u00e1<\/p>\n<hr \/>\n<p><a href=\"https:\/\/veda.polac.cz\/?page_id=684\"><strong>Propaga\u010dn\u00ed n\u00e1stroje a t\u00e9mata extremismu v \u010cR &#8211; v\u00fdstupy v\u00fdzkumn\u00e9ho projektu &#8211; I. \u010d\u00e1st\u00a0<\/strong><\/a><br \/>\npplk. Mgr. Barbora Vegrichtov\u00e1, Ph.D., MBA<\/p>\n<hr \/>\n<p><a href=\"https:\/\/veda.polac.cz\/?page_id=686\"><strong>Sc\u00e9n\u00e1\u0159e zkou\u0161ek spolehlivosti &#8211; v\u00fdzkumn\u00e1 zji\u0161t\u011bn\u00ed\u00a0<\/strong><\/a><br \/>\npplk. JUDr. Josef Hrudka, Ph.D., pplk. Mgr. Viktor Koudelka<\/p>\n<hr \/>\n<p><a href=\"https:\/\/veda.polac.cz\/?page_id=688\"><strong>Sharia &#8211; Police v N\u011bmecku: islamistick\u00fd vigilantismus a n\u00e1stroj propagandy\u00a0<\/strong><\/a><br \/>\nprof. PhDr. Miroslav Mare\u0161, Ph.D., Bc. Adam Vesel\u00fd<\/p>\n<hr \/>\n<p><a href=\"https:\/\/veda.polac.cz\/?page_id=690\"><strong>Pr\u00e1vn\u00ed r\u00e1mec Evropsk\u00e9 unie pro vys\u00edl\u00e1n\u00ed unijn\u00edch policejn\u00edch mis\u00ed\u00a0<\/strong><\/a><br \/>\ndoc. JUDr. Richard Kr\u00e1l, LL.M., Ph.D., Petr M\u00e1dr<\/p>\n<hr \/>\n<p><a href=\"https:\/\/veda.polac.cz\/?page_id=692\"><strong>Stav kybernetick\u00e9ho nebezpe\u010d\u00ed dle z\u00e1kona o kybernetick\u00e9 bezpe\u010dnosti\u00a0<\/strong><\/a><br \/>\nJUDr. Mgr. Barbora Vlachov\u00e1<\/p>\n<hr \/>\n<p><a href=\"https:\/\/veda.polac.cz\/?page_id=694\"><strong>Anal\u00fdza s\u00fa\u010dasn\u00e9ho stavu vyhodnocovania bezpe\u010dnostnej situ\u00e1cie kraj\u00edn V4\u00a0<\/strong><\/a><br \/>\ndoc. Ing. Ladislav Nov\u00e1k, PhD., JUDr. Ing. Lubo\u0161 Mahdo\u0148<\/p>\n<hr \/>\n<p><a href=\"https:\/\/veda.polac.cz\/?page_id=696\"><strong>K pl\u00e1novan\u00e9 novele z\u00e1kona o zpravodajsk\u00fdch slu\u017eb\u00e1ch\u00a0<\/strong><\/a><br \/>\nMgr. V\u00edt\u011bzslav Koz\u00e1k<\/p>\n<hr \/>\n<p><a href=\"https:\/\/veda.polac.cz\/?page_id=698\"><strong>Trestn\u00e1 \u010dinnost s extremistick\u00fdm podtextem a spolupr\u00e1ce policie s justic\u00ed (v\u00fdsledky expertn\u00edho \u0161et\u0159en\u00ed mezi specialisty P\u010cR)\u00a0<\/strong><\/a><br \/>\nMgr. Jakub Holas<\/p>\n<hr \/>\n<p><a href=\"https:\/\/veda.polac.cz\/?page_id=700\"><strong>Efektivita odborn\u00e9ho zach\u00e1zen\u00ed s v\u011bzn\u011bn\u00fdmi osobami\u00a0<\/strong><\/a><br \/>\nPhDr. Pavel Hor\u00e1k<\/p>\n<hr \/>\n<p><strong>V\u00fdkon vazby a v\u00fdkon trestu odn\u011bt\u00ed svobody \u017een &#8211; matek s d\u011btmi\u00a0<\/strong><br \/>\nplk. PhDr. JUDr. Jana Firstov\u00e1, Ph.D.<\/p>\n<hr \/>\n<p><strong>Informace k &#8222;test\u016fm integrity&#8220; ze zahrani\u010d\u00ed\u00a0<\/strong><br \/>\npplk. JUDr. Josef Hrudka, Ph.D., plk. Mgr. Pavel Kotraba<\/p>\n<hr \/>\n<p><strong>Kriminol\u00f3gia ako samostatn\u00fd vedn\u00fd odbor v rovine vedeckov\u00fdskumnej a akademickej v\u00fdu\u010dby na vysok\u00fdch \u0161kol\u00e1ch v Slovenskej republike, \u010ceskej republike a Po\u013eskej republike\u00a0<\/strong><br \/>\nplk. PhDr. JUDr. Jana Firstov\u00e1, Ph.D.<\/p>\n<hr \/>\n<p><strong>Informace k &#8222;test\u016fm integrity&#8220; z Ma\u010farsk\u00e9 republiky\u00a0<\/strong><br \/>\npplk. JUDr. Josef Hrudka, Ph.D.<\/p>\n<hr \/>\n<p><strong>Mezin\u00e1rodn\u00ed t\u00fdden v r\u00e1mci Policejn\u00ed akademie Doln\u00ed Sasko\u00a0<\/strong><br \/>\nMgr. Old\u0159ich Krul\u00edk, Ph.D.<\/p>\n<hr \/>\n<p><strong>Radikalizace v jihov\u00fdchodn\u00ed a st\u0159edn\u00ed Evrop\u011b\u00a0<\/strong><br \/>\nMgr. Old\u0159ich Krul\u00edk, Ph.D.<\/p>\n<hr \/>\n<p><a href=\"https:\/\/veda.polac.cz\/?page_id=235\">Zp\u011bt<\/a><\/p>\n","protected":false},"excerpt":{"rendered":"<p>Pocit bezpe\u010d\u00ed v kriminologick\u00e9m kontextu\u00a0 Eva Moravcov\u00e1 Propaga\u010dn\u00ed n\u00e1stroje a t\u00e9mata extremismu v \u010cR &#8211; v\u00fdstupy v\u00fdzkumn\u00e9ho projektu &#8211; I. \u010d\u00e1st\u00a0 pplk. Mgr. Barbora Vegrichtov\u00e1, Ph.D., MBA Sc\u00e9n\u00e1\u0159e zkou\u0161ek spolehlivosti &#8211; v\u00fdzkumn\u00e1 zji\u0161t\u011bn\u00ed\u00a0 pplk. JUDr. Josef Hrudka, Ph.D., pplk. Mgr. Viktor Koudelka Sharia &#8211; Police v N\u011bmecku: islamistick\u00fd vigilantismus a n\u00e1stroj propagandy\u00a0 prof. PhDr. Miroslav [&hellip;]<\/p>\n","protected":false},"author":2,"featured_media":0,"parent":235,"menu_order":7,"comment_status":"closed","ping_status":"closed","template":"","meta":{"footnotes":""},"class_list":["post-680","page","type-page","status-publish","hentry"],"_links":{"self":[{"href":"https:\/\/veda.polac.cz\/index.php?rest_route=\/wp\/v2\/pages\/680","targetHints":{"allow":["GET"]}}],"collection":[{"href":"https:\/\/veda.polac.cz\/index.php?rest_route=\/wp\/v2\/pages"}],"about":[{"href":"https:\/\/veda.polac.cz\/index.php?rest_route=\/wp\/v2\/types\/page"}],"author":[{"embeddable":true,"href":"https:\/\/veda.polac.cz\/index.php?rest_route=\/wp\/v2\/users\/2"}],"replies":[{"embeddable":true,"href":"https:\/\/veda.polac.cz\/index.php?rest_route=%2Fwp%2Fv2%2Fcomments&post=680"}],"version-history":[{"count":3,"href":"https:\/\/veda.polac.cz\/index.php?rest_route=\/wp\/v2\/pages\/680\/revisions"}],"predecessor-version":[{"id":2641,"href":"https:\/\/veda.polac.cz\/index.php?rest_route=\/wp\/v2\/pages\/680\/revisions\/2641"}],"up":[{"embeddable":true,"href":"https:\/\/veda.polac.cz\/index.php?rest_route=\/wp\/v2\/pages\/235"}],"wp:attachment":[{"href":"https:\/\/veda.polac.cz\/index.php?rest_route=%2Fwp%2Fv2%2Fmedia&parent=680"}],"curies":[{"name":"wp","href":"https:\/\/api.w.org\/{rel}","templated":true}]}}