{"id":6793,"date":"2022-06-29T12:13:54","date_gmt":"2022-06-29T12:13:54","guid":{"rendered":"https:\/\/veda.polac.cz\/?page_id=6793"},"modified":"2022-06-29T12:13:54","modified_gmt":"2022-06-29T12:13:54","slug":"6793-2","status":"publish","type":"page","link":"https:\/\/veda.polac.cz\/?page_id=6793","title":{"rendered":""},"content":{"rendered":"<p style=\"text-align: center;\">Resum\u00e9 \u010dl\u00e1nku<\/p>\n<p><strong>Finan\u010dn\u00ed management p\u0159i \u0159e\u0161en\u00ed mimo\u0159\u00e1dn\u00fdch ud\u00e1lost\u00ed a krizov\u00fdch situac\u00ed<\/strong><\/p>\n<p><em>Mgr. Radek \u0160ula, Spr\u00e1va st\u00e1tn\u00edch hmotn\u00fdch rezerv, odbor strategie a koordinace<\/em><\/p>\n<p>P\u0159edm\u011btem anal\u00fdzy p\u0159edlo\u017een\u00e9ho \u010dl\u00e1nku nebylo pouze \u0159e\u0161en\u00ed problematiky financov\u00e1n\u00ed velmi d\u016fle\u017eit\u00e9 oblasti krizov\u00e9ho \u0159\u00edzen\u00ed a krizov\u00fdch opat\u0159en\u00ed v souvislosti s\u00a0\u00a7 25 krizov\u00e9ho z\u00e1kona na \u00farovni st\u00e1tn\u00ed spr\u00e1vy a \u00fazemn\u00ed samospr\u00e1vy, kter\u00e1 pat\u0159\u00ed vzhledem ke sv\u00e9mu \u00fa\u010delu rychl\u00e9 finan\u010dn\u00ed pomoci k\u00a0nejz\u00e1kladn\u011bj\u0161\u00edm, ale tak\u00e9 podat komplexn\u00ed pohled na mo\u017enosti \u0159\u00edzen\u00ed financ\u00ed ve v\u0161ech f\u00e1z\u00edch \u0159e\u0161en\u00ed n\u00e1sledk\u016f dan\u00fdch vzniklou krizovou situac\u00ed. V\u0161echny uveden\u00e9 f\u00e1ze maj\u00ed spole\u010dn\u00fd c\u00edl, minimalizaci negativn\u00edch dopad\u016f mo\u017en\u00fdch mimo\u0159\u00e1dn\u00fdch ud\u00e1lost\u00ed, snadn\u011bj\u0161\u00ed a rychlej\u0161\u00ed \u0159e\u0161eni krizov\u00fdch situac\u00ed. K\u00a0jeho realizaci je p\u0159ijata cel\u00e1 \u0159ada legislativn\u00edch dokument\u016f, v\u011bcn\u00fdch opat\u0159eni a finan\u010dn\u00edch n\u00e1stroj\u016f, kter\u00e9 spadaj\u00ed pod ve\u0159ejnou politiku bezpe\u010dnosti st\u00e1tu a jsou realizov\u00e1ny a zabezpe\u010dov\u00e1ny pomoc\u00ed ve\u0159ejn\u00fdch program\u016f.<\/p>\n<p><strong>Kl\u00ed\u010dov\u00e1 slova:<\/strong> Ve\u0159ejn\u00e9 finance, ve\u0159ejn\u00e9 rozpo\u010dty, ve\u0159ejn\u00e1 spr\u00e1va, \u00fazemn\u011b samospr\u00e1vn\u00e9 celky, krize, krizov\u00e9 \u0159\u00edzen\u00ed, krizov\u00e1 situace.<\/p>\n<hr \/>\n<p><a href=\"https:\/\/veda.polac.cz\/?page_id=6769\">Zp\u011bt<\/a><\/p>\n","protected":false},"excerpt":{"rendered":"<p>Resum\u00e9 \u010dl\u00e1nku Finan\u010dn\u00ed management p\u0159i \u0159e\u0161en\u00ed mimo\u0159\u00e1dn\u00fdch ud\u00e1lost\u00ed a krizov\u00fdch situac\u00ed Mgr. Radek \u0160ula, Spr\u00e1va st\u00e1tn\u00edch hmotn\u00fdch rezerv, odbor strategie a koordinace P\u0159edm\u011btem anal\u00fdzy p\u0159edlo\u017een\u00e9ho \u010dl\u00e1nku nebylo pouze \u0159e\u0161en\u00ed problematiky financov\u00e1n\u00ed velmi d\u016fle\u017eit\u00e9 oblasti krizov\u00e9ho \u0159\u00edzen\u00ed a krizov\u00fdch opat\u0159en\u00ed v souvislosti s\u00a0\u00a7 25 krizov\u00e9ho z\u00e1kona na \u00farovni st\u00e1tn\u00ed spr\u00e1vy a \u00fazemn\u00ed samospr\u00e1vy, kter\u00e1 pat\u0159\u00ed vzhledem [&hellip;]<\/p>\n","protected":false},"author":6,"featured_media":0,"parent":0,"menu_order":0,"comment_status":"closed","ping_status":"closed","template":"","meta":{"footnotes":""},"class_list":["post-6793","page","type-page","status-publish","hentry"],"_links":{"self":[{"href":"https:\/\/veda.polac.cz\/index.php?rest_route=\/wp\/v2\/pages\/6793","targetHints":{"allow":["GET"]}}],"collection":[{"href":"https:\/\/veda.polac.cz\/index.php?rest_route=\/wp\/v2\/pages"}],"about":[{"href":"https:\/\/veda.polac.cz\/index.php?rest_route=\/wp\/v2\/types\/page"}],"author":[{"embeddable":true,"href":"https:\/\/veda.polac.cz\/index.php?rest_route=\/wp\/v2\/users\/6"}],"replies":[{"embeddable":true,"href":"https:\/\/veda.polac.cz\/index.php?rest_route=%2Fwp%2Fv2%2Fcomments&post=6793"}],"version-history":[{"count":1,"href":"https:\/\/veda.polac.cz\/index.php?rest_route=\/wp\/v2\/pages\/6793\/revisions"}],"predecessor-version":[{"id":6794,"href":"https:\/\/veda.polac.cz\/index.php?rest_route=\/wp\/v2\/pages\/6793\/revisions\/6794"}],"wp:attachment":[{"href":"https:\/\/veda.polac.cz\/index.php?rest_route=%2Fwp%2Fv2%2Fmedia&parent=6793"}],"curies":[{"name":"wp","href":"https:\/\/api.w.org\/{rel}","templated":true}]}}