{"id":6790,"date":"2022-06-29T12:11:55","date_gmt":"2022-06-29T12:11:55","guid":{"rendered":"https:\/\/veda.polac.cz\/?page_id=6790"},"modified":"2022-06-29T12:11:55","modified_gmt":"2022-06-29T12:11:55","slug":"6790-2","status":"publish","type":"page","link":"https:\/\/veda.polac.cz\/?page_id=6790","title":{"rendered":""},"content":{"rendered":"<p style=\"text-align: center;\">Resum\u00e9 \u010dl\u00e1nku<\/p>\n<p><strong><em>Prvn\u00ed vlna pandemie COVID-19 a jej\u00ed dopady na opera\u010dn\u00ed \u0159\u00edzen\u00ed bezpe\u010dnostn\u00edho sboru<\/em><\/strong><\/p>\n<p><a name=\"_Toc19908532\"><\/a>PhDr. Mgr. Miroslav Matou\u0161, Policejn\u00ed akademie \u010cesk\u00e9 republiky v\u00a0Praze, student doktorsk\u00e9ho studijn\u00edho programu<\/p>\n<p>P\u0159edlo\u017een\u00fd p\u0159\u00edsp\u011bvek stru\u010dn\u011b shrnuje n\u011bkter\u00e9 z vybran\u00fdch v\u00fdstup\u016f z \u0159e\u0161en\u00ed takzvan\u00e9 prvn\u00ed vlny koronavirov\u00e9 pandemie COVID-19 u vybran\u00e9ho bezpe\u010dnostn\u00edho sboru se zam\u011b\u0159en\u00edm na jeho opera\u010dn\u00ed st\u0159ediska v\u010detn\u011b pracovi\u0161\u0165 pro p\u0159\u00edjem t\u00eds\u0148ov\u00fdch vol\u00e1n\u00ed. Subjekt pat\u0159\u00ed mezi z\u00e1kladn\u00ed slo\u017eky integrovan\u00e9ho z\u00e1chrann\u00e9ho syst\u00e9mu. Prvn\u00ed vlna pandemie byla velmi specifick\u00e1, nebo\u0165 se jednalo o zcela novou krizovou situaci, \u017eiveln\u00ed pohromu, s ne \u00fapln\u011b tak jasn\u00fdm postupem ze strany p\u0159\u00edslu\u0161n\u00fdch st\u00e1tn\u00edch org\u00e1n\u016f a jejich dopad\u016f. Proto bylo vhodn\u00e9 vzniklou situaci ur\u010dit\u00fdm zp\u016fsobem vyhodnotit a pou\u010dit se do budoucna. Je evidentn\u00ed, \u017ee n\u00e1sleduj\u00edc\u00ed druh\u00e1 vlna na podzim roku 2020 trvaj\u00edc\u00ed do jara 2021 byla oproti t\u00e9 prvn\u00ed zcela odli\u0161n\u00e1. D\u016fvodem je kombinace z\u00edskan\u00fdch zku\u0161enost\u00ed, v\u011bdeck\u00e9ho pozn\u00e1n\u00ed, ale i\u00a0respektu k preventivn\u00edm opat\u0159en\u00ed p\u0159ijat\u00fdm ve spole\u010dnosti.<\/p>\n<p><strong>Kl\u00ed\u010dov\u00e1 slova:<\/strong> bezpe\u010dnostn\u00ed sbor, dopady, integrovan\u00fd z\u00e1chrann\u00fd syst\u00e9m, koronavir, krizov\u00e1 opat\u0159en\u00ed, krizov\u00fd \u0161t\u00e1b, opera\u010dn\u00ed st\u0159edisko, onemocn\u011bn\u00ed COVID-19, pandemie, t\u00eds\u0148ov\u00e9 vol\u00e1n\u00ed.<\/p>\n<hr \/>\n<p><a href=\"https:\/\/veda.polac.cz\/?page_id=6769\">Zp\u011bt<\/a><\/p>\n\n\n<p><\/p>\n","protected":false},"excerpt":{"rendered":"<p>Resum\u00e9 \u010dl\u00e1nku Prvn\u00ed vlna pandemie COVID-19 a jej\u00ed dopady na opera\u010dn\u00ed \u0159\u00edzen\u00ed bezpe\u010dnostn\u00edho sboru PhDr. Mgr. Miroslav Matou\u0161, Policejn\u00ed akademie \u010cesk\u00e9 republiky v\u00a0Praze, student doktorsk\u00e9ho studijn\u00edho programu P\u0159edlo\u017een\u00fd p\u0159\u00edsp\u011bvek stru\u010dn\u011b shrnuje n\u011bkter\u00e9 z vybran\u00fdch v\u00fdstup\u016f z \u0159e\u0161en\u00ed takzvan\u00e9 prvn\u00ed vlny koronavirov\u00e9 pandemie COVID-19 u vybran\u00e9ho bezpe\u010dnostn\u00edho sboru se zam\u011b\u0159en\u00edm na jeho opera\u010dn\u00ed st\u0159ediska v\u010detn\u011b pracovi\u0161\u0165 [&hellip;]<\/p>\n","protected":false},"author":6,"featured_media":0,"parent":0,"menu_order":0,"comment_status":"closed","ping_status":"closed","template":"","meta":{"footnotes":""},"class_list":["post-6790","page","type-page","status-publish","hentry"],"_links":{"self":[{"href":"https:\/\/veda.polac.cz\/index.php?rest_route=\/wp\/v2\/pages\/6790","targetHints":{"allow":["GET"]}}],"collection":[{"href":"https:\/\/veda.polac.cz\/index.php?rest_route=\/wp\/v2\/pages"}],"about":[{"href":"https:\/\/veda.polac.cz\/index.php?rest_route=\/wp\/v2\/types\/page"}],"author":[{"embeddable":true,"href":"https:\/\/veda.polac.cz\/index.php?rest_route=\/wp\/v2\/users\/6"}],"replies":[{"embeddable":true,"href":"https:\/\/veda.polac.cz\/index.php?rest_route=%2Fwp%2Fv2%2Fcomments&post=6790"}],"version-history":[{"count":1,"href":"https:\/\/veda.polac.cz\/index.php?rest_route=\/wp\/v2\/pages\/6790\/revisions"}],"predecessor-version":[{"id":6791,"href":"https:\/\/veda.polac.cz\/index.php?rest_route=\/wp\/v2\/pages\/6790\/revisions\/6791"}],"wp:attachment":[{"href":"https:\/\/veda.polac.cz\/index.php?rest_route=%2Fwp%2Fv2%2Fmedia&parent=6790"}],"curies":[{"name":"wp","href":"https:\/\/api.w.org\/{rel}","templated":true}]}}