{"id":6787,"date":"2022-06-29T12:09:39","date_gmt":"2022-06-29T12:09:39","guid":{"rendered":"https:\/\/veda.polac.cz\/?page_id=6787"},"modified":"2022-06-29T12:09:39","modified_gmt":"2022-06-29T12:09:39","slug":"6787-2","status":"publish","type":"page","link":"https:\/\/veda.polac.cz\/?page_id=6787","title":{"rendered":""},"content":{"rendered":"<p style=\"text-align: center;\">Resum\u00e9 \u010dl\u00e1nku<\/p>\n<p><strong>Empirick\u00fd v\u00fdzkum v\u00a0oblasti po\u010d\u00edta\u010dov\u00e9 mravnostn\u00ed kriminality<\/strong><\/p>\n<p><em>PhDr. Marek Hejduk, MBA, Policejn\u00ed akademie \u010cesk\u00e9 republiky v\u00a0Praze, student doktorsk\u00e9ho studijn\u00edho programu<\/em><br \/>\n<em>Dr. Zden\u011bk Kova\u0159\u00edk, CSc.<\/em><\/p>\n<p>\u010cl\u00e1nek se zab\u00fdv\u00e1 empirick\u00fdm v\u00fdzkumem po\u010d\u00edta\u010dov\u00e9 mravnostn\u00ed kriminality se\u00a0zam\u011b\u0159en\u00edm na v\u00fdzkum realizovan\u00fd na druh\u00e9m stupni z\u00e1kladn\u00edch \u0161kol, st\u0159edn\u00edch \u0161kol\u00e1ch a u\u010dili\u0161t\u00edch. \u010cl\u00e1nek se zab\u00fdv\u00e1 interpretac\u00ed a anal\u00fdzou vybran\u00fdch prom\u011bnn\u00fdch z\u00a0dotazn\u00edkov\u00e9ho \u0161et\u0159en\u00ed. C\u00edlem \u010dl\u00e1nku bylo interpretovat data za \u00fa\u010delem nalezen\u00ed odpov\u011bd\u00ed na z\u00e1kladn\u00ed v\u00fdzkumn\u00e9 \u00fakoly. \u010cl\u00e1nek d\u00e1le obsahuje jednotliv\u00e9 z\u00e1v\u011bry a\u00a0v\u00fdchodiska proveden\u00e9ho v\u00fdzkumu.<\/p>\n<p><strong>Kl\u00ed\u010dov\u00e1 slova: <\/strong>po\u010d\u00edta\u010dov\u00e1 mravnostn\u00ed kriminalita, kybergrooming, empirick\u00fd v\u00fdzkum, anal\u00fdza dat, dotazn\u00edkov\u00e9 \u0161et\u0159en\u00ed.<\/p>\n<hr \/>\n<p><a href=\"https:\/\/veda.polac.cz\/?page_id=6769\">Zp\u011bt<\/a><\/p>\n","protected":false},"excerpt":{"rendered":"<p>Resum\u00e9 \u010dl\u00e1nku Empirick\u00fd v\u00fdzkum v\u00a0oblasti po\u010d\u00edta\u010dov\u00e9 mravnostn\u00ed kriminality PhDr. Marek Hejduk, MBA, Policejn\u00ed akademie \u010cesk\u00e9 republiky v\u00a0Praze, student doktorsk\u00e9ho studijn\u00edho programu Dr. Zden\u011bk Kova\u0159\u00edk, CSc. \u010cl\u00e1nek se zab\u00fdv\u00e1 empirick\u00fdm v\u00fdzkumem po\u010d\u00edta\u010dov\u00e9 mravnostn\u00ed kriminality se\u00a0zam\u011b\u0159en\u00edm na v\u00fdzkum realizovan\u00fd na druh\u00e9m stupni z\u00e1kladn\u00edch \u0161kol, st\u0159edn\u00edch \u0161kol\u00e1ch a u\u010dili\u0161t\u00edch. \u010cl\u00e1nek se zab\u00fdv\u00e1 interpretac\u00ed a anal\u00fdzou vybran\u00fdch prom\u011bnn\u00fdch z\u00a0dotazn\u00edkov\u00e9ho [&hellip;]<\/p>\n","protected":false},"author":6,"featured_media":0,"parent":0,"menu_order":0,"comment_status":"closed","ping_status":"closed","template":"","meta":{"footnotes":""},"class_list":["post-6787","page","type-page","status-publish","hentry"],"_links":{"self":[{"href":"https:\/\/veda.polac.cz\/index.php?rest_route=\/wp\/v2\/pages\/6787","targetHints":{"allow":["GET"]}}],"collection":[{"href":"https:\/\/veda.polac.cz\/index.php?rest_route=\/wp\/v2\/pages"}],"about":[{"href":"https:\/\/veda.polac.cz\/index.php?rest_route=\/wp\/v2\/types\/page"}],"author":[{"embeddable":true,"href":"https:\/\/veda.polac.cz\/index.php?rest_route=\/wp\/v2\/users\/6"}],"replies":[{"embeddable":true,"href":"https:\/\/veda.polac.cz\/index.php?rest_route=%2Fwp%2Fv2%2Fcomments&post=6787"}],"version-history":[{"count":1,"href":"https:\/\/veda.polac.cz\/index.php?rest_route=\/wp\/v2\/pages\/6787\/revisions"}],"predecessor-version":[{"id":6788,"href":"https:\/\/veda.polac.cz\/index.php?rest_route=\/wp\/v2\/pages\/6787\/revisions\/6788"}],"wp:attachment":[{"href":"https:\/\/veda.polac.cz\/index.php?rest_route=%2Fwp%2Fv2%2Fmedia&parent=6787"}],"curies":[{"name":"wp","href":"https:\/\/api.w.org\/{rel}","templated":true}]}}