{"id":6784,"date":"2022-06-29T12:07:37","date_gmt":"2022-06-29T12:07:37","guid":{"rendered":"https:\/\/veda.polac.cz\/?page_id=6784"},"modified":"2022-06-29T12:07:37","modified_gmt":"2022-06-29T12:07:37","slug":"6784-2","status":"publish","type":"page","link":"https:\/\/veda.polac.cz\/?page_id=6784","title":{"rendered":""},"content":{"rendered":"<p style=\"text-align: center;\">Resum\u00e9 \u010dl\u00e1nku<\/p>\n<p><strong>Trestn\u00e1 \u010dinnost z\u00a0pohledu institutu mezin\u00e1rodn\u00ed ochrany<\/strong><\/p>\n<p><em>JUDr. Kamil Nedv\u011bdick\u00fd, \u00dastav pro studium totalitn\u00edch re\u017eim\u016f, Policejn\u00ed akademie \u010cesk\u00e9 republiky v\u00a0Praze, student doktorsk\u00e9ho studijn\u00edho programu<\/em><\/p>\n<p>P\u0159edlo\u017een\u00fd v\u011bdeck\u00fd \u010dl\u00e1nek ucelen\u00fdm zp\u016fsobem popisuje, jak\u00fd dopad m\u00e1 \u017eadateli o\u00a0mezin\u00e1rodn\u00ed ochranu a po\u017eivateli mezin\u00e1rodn\u00ed ochrany p\u00e1chan\u00e1 trestn\u00e1 \u010dinnost na \u0159\u00edzen\u00ed o ud\u011blen\u00ed mezin\u00e1rodn\u00ed ochrany a \u0159\u00edzen\u00ed o odn\u011bt\u00ed mezin\u00e1rodn\u00ed ochrany. Pozornost, na z\u00e1klad\u011b anal\u00fdzy p\u0159\u00edslu\u0161n\u00e9 judikatury a jej\u00edho projeven\u00ed se v\u00a0legislativ\u011b, je v\u011bnov\u00e1na posunu, ke kter\u00e9mu doch\u00e1z\u00ed ve sm\u011bru st\u00e1le v\u011bt\u0161\u00edho omezov\u00e1n\u00ed vlivu \u017eadateli o MO \u010di po\u017eivateli MO p\u00e1chan\u00e9 trestn\u00e9 \u010dinnosti na v\u00fdsledek \u0159\u00edzen\u00ed o ud\u011blen\u00ed nebo odn\u011bt\u00ed mezin\u00e1rodn\u00ed ochrany. Komparac\u00ed s\u00a0oblast\u00ed trval\u00e9ho pobytu cizinc\u016f je dolo\u017eena existence obdobn\u00e9ho trendu. V\u00a0z\u00e1v\u011bru p\u0159edlo\u017een\u00e9ho \u010dl\u00e1nku autor navrhuje postup de lege ferenda ve sm\u011bru v\u011bt\u0161\u00edho zohledn\u011bn\u00ed p\u00e1chan\u00e9 trestn\u00e9 \u010dinnosti v\u00a0r\u00e1mci \u0159\u00edzen\u00ed o ud\u011blen\u00ed \u010di odn\u011bt\u00ed mezin\u00e1rodn\u00ed ochrany.<\/p>\n<p><strong>Kl\u00ed\u010dov\u00e1 slova: <\/strong>Trestn\u00e1 \u010dinnost, mezin\u00e1rodn\u00ed ochrana, azyl, dopl\u0148kov\u00e1 ochrana, exkluzivn\u00ed klauzule, cesa\u010dn\u00ed klauzule.<\/p>\n<hr \/>\n<p><a href=\"https:\/\/veda.polac.cz\/?page_id=6769\">Zp\u011bt<\/a><\/p>\n","protected":false},"excerpt":{"rendered":"<p>Resum\u00e9 \u010dl\u00e1nku Trestn\u00e1 \u010dinnost z\u00a0pohledu institutu mezin\u00e1rodn\u00ed ochrany JUDr. Kamil Nedv\u011bdick\u00fd, \u00dastav pro studium totalitn\u00edch re\u017eim\u016f, Policejn\u00ed akademie \u010cesk\u00e9 republiky v\u00a0Praze, student doktorsk\u00e9ho studijn\u00edho programu P\u0159edlo\u017een\u00fd v\u011bdeck\u00fd \u010dl\u00e1nek ucelen\u00fdm zp\u016fsobem popisuje, jak\u00fd dopad m\u00e1 \u017eadateli o\u00a0mezin\u00e1rodn\u00ed ochranu a po\u017eivateli mezin\u00e1rodn\u00ed ochrany p\u00e1chan\u00e1 trestn\u00e1 \u010dinnost na \u0159\u00edzen\u00ed o ud\u011blen\u00ed mezin\u00e1rodn\u00ed ochrany a \u0159\u00edzen\u00ed o odn\u011bt\u00ed mezin\u00e1rodn\u00ed [&hellip;]<\/p>\n","protected":false},"author":6,"featured_media":0,"parent":0,"menu_order":0,"comment_status":"closed","ping_status":"closed","template":"","meta":{"footnotes":""},"class_list":["post-6784","page","type-page","status-publish","hentry"],"_links":{"self":[{"href":"https:\/\/veda.polac.cz\/index.php?rest_route=\/wp\/v2\/pages\/6784","targetHints":{"allow":["GET"]}}],"collection":[{"href":"https:\/\/veda.polac.cz\/index.php?rest_route=\/wp\/v2\/pages"}],"about":[{"href":"https:\/\/veda.polac.cz\/index.php?rest_route=\/wp\/v2\/types\/page"}],"author":[{"embeddable":true,"href":"https:\/\/veda.polac.cz\/index.php?rest_route=\/wp\/v2\/users\/6"}],"replies":[{"embeddable":true,"href":"https:\/\/veda.polac.cz\/index.php?rest_route=%2Fwp%2Fv2%2Fcomments&post=6784"}],"version-history":[{"count":1,"href":"https:\/\/veda.polac.cz\/index.php?rest_route=\/wp\/v2\/pages\/6784\/revisions"}],"predecessor-version":[{"id":6785,"href":"https:\/\/veda.polac.cz\/index.php?rest_route=\/wp\/v2\/pages\/6784\/revisions\/6785"}],"wp:attachment":[{"href":"https:\/\/veda.polac.cz\/index.php?rest_route=%2Fwp%2Fv2%2Fmedia&parent=6784"}],"curies":[{"name":"wp","href":"https:\/\/api.w.org\/{rel}","templated":true}]}}