{"id":6778,"date":"2022-06-29T12:05:23","date_gmt":"2022-06-29T12:05:23","guid":{"rendered":"https:\/\/veda.polac.cz\/?page_id=6778"},"modified":"2022-06-29T12:05:24","modified_gmt":"2022-06-29T12:05:24","slug":"6778-2","status":"publish","type":"page","link":"https:\/\/veda.polac.cz\/?page_id=6778","title":{"rendered":""},"content":{"rendered":"<p style=\"text-align: center;\">Resum\u00e9 \u010dl\u00e1nku<\/p>\n<p><strong>Uplatn\u011bn\u00ed institutu opat\u0159en\u00ed obecn\u00e9 povahy v\u00a0r\u00e1mci prvn\u00ed vlny \u0161\u00ed\u0159en\u00ed koronaviru v\u00a0\u010cR v\u00a0roce 2020<\/strong><br \/><br \/><em>Mgr. Patrik Tich\u00e1\u010dek, <\/em><em>Policie \u010cR Holice, z\u00e1stupce vedouc\u00edho obvodn\u00edho odd\u011blen\u00ed<\/em><br \/><em>JUDr. Lenka Scheu, Ph.D., Policejn\u00ed akademie \u010cesk\u00e9 republiky v\u00a0Praze, Fakulta bezpe\u010dnostn\u00edho managementu, katedra ve\u0159ejnopr\u00e1vn\u00edch discipl\u00edn<\/em><br \/><br \/>P\u0159\u00edsp\u011bvek se v\u011bnuje jednomu z\u00a0nejz\u00e1sadn\u011bj\u0161\u00edch soudn\u00edch rozhodnut\u00ed v\u00a0oblasti uplatn\u011bn\u00ed institutu opat\u0159en\u00ed obecn\u00e9 povahy v\u00a0dob\u011b koronavirov\u00e9 krize roku 2020. Na\u00a0ja\u0159e 2020 bylo org\u00e1ny moci v\u00fdkonn\u00e9 zasahov\u00e1no prost\u0159ednictv\u00edm r\u016fzn\u00fdch mimo\u0159\u00e1dn\u00fdch opat\u0159en\u00ed do svobod pohybu a podnik\u00e1n\u00ed. N\u011bkter\u00e1 tato opat\u0159en\u00ed byla soudy zru\u0161ena, v\u00a0na\u0161em p\u0159\u00edpad\u011b pro absenci kompeten\u010dn\u00edho po\u017eadavku na p\u0159\u00edslu\u0161n\u00e9 org\u00e1ny. Z\u00e1sahy do z\u00e1kladn\u00edch svobod lze prov\u00e1d\u011bt jen a za p\u0159edpoklad\u016f dan\u00fdch z\u00e1konem a p\u0159i dodr\u017een\u00ed z\u00e1sad p\u0159im\u011b\u0159enosti a vhodnosti. Ka\u017ed\u00fd takov\u00fd z\u00e1sah by m\u011bl b\u00fdt vyd\u00e1n na z\u00e1klad\u011b z\u00e1konn\u00e9ho zmocn\u011bn\u00ed, od\u016fvodn\u011bn a m\u011bl by b\u00fdt umo\u017en\u011bn i jeho p\u0159ezkum soudn\u00ed moc\u00ed.<br \/><br \/><strong>Kl\u00ed\u010dov\u00e1 slova: <\/strong>opat\u0159en\u00ed obecn\u00e9 povahy, soudn\u00ed p\u0159ezkum, nez\u00e1konnost.<\/p>\n<hr \/>\n<p><a href=\"https:\/\/veda.polac.cz\/?page_id=6769\">Zp\u011bt<\/a><\/p>\n\n\n<p><\/p>\n","protected":false},"excerpt":{"rendered":"<p>Resum\u00e9 \u010dl\u00e1nku Uplatn\u011bn\u00ed institutu opat\u0159en\u00ed obecn\u00e9 povahy v\u00a0r\u00e1mci prvn\u00ed vlny \u0161\u00ed\u0159en\u00ed koronaviru v\u00a0\u010cR v\u00a0roce 2020 Mgr. Patrik Tich\u00e1\u010dek, Policie \u010cR Holice, z\u00e1stupce vedouc\u00edho obvodn\u00edho odd\u011blen\u00edJUDr. Lenka Scheu, Ph.D., Policejn\u00ed akademie \u010cesk\u00e9 republiky v\u00a0Praze, Fakulta bezpe\u010dnostn\u00edho managementu, katedra ve\u0159ejnopr\u00e1vn\u00edch discipl\u00edn P\u0159\u00edsp\u011bvek se v\u011bnuje jednomu z\u00a0nejz\u00e1sadn\u011bj\u0161\u00edch soudn\u00edch rozhodnut\u00ed v\u00a0oblasti uplatn\u011bn\u00ed institutu opat\u0159en\u00ed obecn\u00e9 povahy v\u00a0dob\u011b koronavirov\u00e9 krize [&hellip;]<\/p>\n","protected":false},"author":6,"featured_media":0,"parent":0,"menu_order":0,"comment_status":"closed","ping_status":"closed","template":"","meta":{"footnotes":""},"class_list":["post-6778","page","type-page","status-publish","hentry"],"_links":{"self":[{"href":"https:\/\/veda.polac.cz\/index.php?rest_route=\/wp\/v2\/pages\/6778","targetHints":{"allow":["GET"]}}],"collection":[{"href":"https:\/\/veda.polac.cz\/index.php?rest_route=\/wp\/v2\/pages"}],"about":[{"href":"https:\/\/veda.polac.cz\/index.php?rest_route=\/wp\/v2\/types\/page"}],"author":[{"embeddable":true,"href":"https:\/\/veda.polac.cz\/index.php?rest_route=\/wp\/v2\/users\/6"}],"replies":[{"embeddable":true,"href":"https:\/\/veda.polac.cz\/index.php?rest_route=%2Fwp%2Fv2%2Fcomments&post=6778"}],"version-history":[{"count":1,"href":"https:\/\/veda.polac.cz\/index.php?rest_route=\/wp\/v2\/pages\/6778\/revisions"}],"predecessor-version":[{"id":6782,"href":"https:\/\/veda.polac.cz\/index.php?rest_route=\/wp\/v2\/pages\/6778\/revisions\/6782"}],"wp:attachment":[{"href":"https:\/\/veda.polac.cz\/index.php?rest_route=%2Fwp%2Fv2%2Fmedia&parent=6778"}],"curies":[{"name":"wp","href":"https:\/\/api.w.org\/{rel}","templated":true}]}}