{"id":6775,"date":"2022-06-29T11:59:15","date_gmt":"2022-06-29T11:59:15","guid":{"rendered":"https:\/\/veda.polac.cz\/?page_id=6775"},"modified":"2022-06-29T11:59:15","modified_gmt":"2022-06-29T11:59:15","slug":"6775-2","status":"publish","type":"page","link":"https:\/\/veda.polac.cz\/?page_id=6775","title":{"rendered":""},"content":{"rendered":"<p style=\"text-align: center;\">Resum\u00e9 \u010dl\u00e1nku<\/p>\n<p><strong>Komparace pr\u00e1vn\u00ed \u00fapravy a n\u011bkter\u00fdch aspekt\u016f institutu zkou\u0161ek spolehlivosti v\u00a0\u010cesk\u00e9 republice a\u00a0Moldavsk\u00e9 republice<\/strong><\/p>\n<p><em>plk. Mgr. Libor Grepl, pplk. Mgr. Luk\u00e1\u0161 Koubek, Gener\u00e1ln\u00ed inspekce bezpe\u010dnostn\u00edch sbor\u016f<\/em><br \/>\n<em>plk. v. v. Mgr. Jan \u010c\u00e1p, Ph.D., Policejn\u00ed akademie \u010cesk\u00e9 republiky v\u00a0Praze, Fakulta bezpe\u010dnostn\u011b pr\u00e1vn\u00ed, katedra kriminalistiky<\/em><\/p>\n<p>\u010cl\u00e1nek je zam\u011b\u0159en na porovn\u00e1n\u00ed pr\u00e1vn\u00ed \u00fapravy zkou\u0161ek spolehlivosti na \u00fazem\u00ed \u010cesk\u00e9 republiky a Moldavsk\u00e9 republiky. Zkou\u0161ky spolehlivosti jsou velmi efektivn\u00edm n\u00e1strojem v\u00a0boji s\u00a0korupc\u00ed a podobnou trestnou \u010dinnost\u00ed, kter\u00e1 se objevuje p\u0159i vykon\u00e1v\u00e1n\u00ed \u00fa\u0159adu. Na osoby, kter\u00e9 st\u0159e\u017e\u00ed bezpe\u010dnost, bojuj\u00ed s\u00a0kriminalitou a zasazuj\u00ed se o to, aby byl dodr\u017eov\u00e1n pr\u00e1vn\u00ed \u0159\u00e1d, jsou kladeny vy\u0161\u0161\u00ed n\u00e1roky ne\u017e na ostatn\u00ed \u010dleny spole\u010dnosti, a to hlavn\u011b z\u00a0d\u016fvodu jejich kompetenc\u00ed. Jak vypl\u00fdv\u00e1 z\u00a0v\u00fd\u0161e uveden\u00fdch dat, tak zkou\u0161ka spolehlivosti p\u0159edstavuje \u00fa\u010dinn\u00fd institut, kter\u00fdm lze zamezit p\u00e1ch\u00e1n\u00ed trestn\u00e9 \u010dinnosti ve ve\u0159ejn\u00e9m sektoru, a tak ruku v\u00a0ruce s\u00a0t\u00edm zaru\u010dit vysokou m\u00edru profesn\u00ed bez\u00fahonnosti osob vykon\u00e1vaj\u00edc\u00ed ve\u0159ejnou moc. Zkou\u0161ka spolehlivosti je sv\u011btov\u011b zn\u00e1m\u00fd institut, ke kter\u00e9mu ka\u017ed\u00e1 zem\u011b p\u0159istupuje trochu odli\u0161n\u011b, co\u017e je patrn\u00e9 i z\u00a0v\u00fd\u0161e uveden\u00e9ho. I vzhledem k\u00a0r\u016fznorodosti pr\u00e1vn\u00edch \u00faprav je d\u016fle\u017eit\u00e1 mezin\u00e1rodn\u00ed spolupr\u00e1ce, \u010deho\u017e si ostatn\u011b lze pov\u0161imnout i v\u00a0p\u0159\u00edpad\u011b Moldavsk\u00e9 republiky, kde takov\u00e1to mezin\u00e1rodn\u00ed spolupr\u00e1ce pomohla tamn\u00edmu org\u00e1nu se samotnou realizac\u00ed zkou\u0161ek spolehlivosti. I proto je d\u016fle\u017eit\u00e9 nad\u00e1le se zab\u00fdvat pr\u00e1vn\u00ed \u00fapravou prob\u00edran\u00e9ho institutu v\u00a0jin\u00fdch zem\u00edch a nejenom \u010derpat zaj\u00edmav\u00e9 post\u0159ehy, ale i p\u0159ed\u00e1vat cenn\u00e9 zku\u0161enosti. Tento \u010dl\u00e1nek je p\u0159edpokl\u00e1dan\u00fdm z\u00e1kladem pro navazuj\u00edc\u00ed \u010dl\u00e1nky, ve kter\u00fdch bychom r\u00e1di obdobn\u00fdm zp\u016fsobem srovnali institut zkou\u0161ky spolehlivosti v\u00a0dal\u0161\u00edch st\u00e1tech, se kter\u00fdmi GIBS nav\u00e1zala nebo v\u00a0budoucnu nav\u00e1\u017ee spolupr\u00e1ci. \u010cl\u00e1nek vznikl jako v\u00fdstup z\u00a0d\u00edl\u010d\u00edho v\u00fdzkumn\u00e9ho \u00fakolu Policejn\u00ed akademie \u010cR v\u00a0Praze, pod ozna\u010den\u00ed DV\u00da 3\/3 <em>Vybran\u00e9 aspekty mo\u017en\u00e9ho korup\u010dn\u00edho a jin\u00e9ho ne\u017e\u00e1douc\u00edho jedn\u00e1n\u00ed p\u0159\u00edslu\u0161n\u00edk\u016f a zam\u011bstnanc\u016f sbor\u016f<\/em> pln\u011bn\u00e9ho v\u00a0r\u00e1mci Rozvojov\u00e9ho programu Policejn\u00ed akademie \u010cesk\u00e9 republiky v\u00a0Praze jako v\u00fdzkumn\u00e9 organizace na l\u00e9ta 2017-2023.<a href=\"#_ftn1\" name=\"_ftnref1\">[1]<\/a><\/p>\n<p>\u00dapln\u00fdm z\u00e1v\u011brem lze konstatovat, \u017ee zkou\u0161ky spolehlivosti jsou n\u00e1strojem se zna\u010dn\u00fdm protikorup\u010dn\u00edm p\u0159\u00ednosem s\u00a0gener\u00e1ln\u011b preventivn\u00edmi dopady, o \u010dem\u017e sv\u011bd\u010d\u00ed i zku\u0161enost koleg\u016f z\u00a0Moldavsk\u00e9 republiky.<\/p>\n<p><strong>Kl\u00ed\u010dov\u00e1 slova:<\/strong> bezpe\u010dnostn\u00ed sbory, GIBS, ITD, korupce, kriminalita, Moldavsk\u00e1 republika, NAC, test integrity, zkou\u0161ka spolehlivosti.<\/p>\n<p><a href=\"#_ftnref1\" name=\"_ftn1\">[1]<\/a>\u00a0<em>Policejn\u00ed akademie \u010cR: V\u011bdeckov\u00fdzkumn\u00e1 \u010dinnost Policejn\u00ed akademie \u010cR v Praze v letech 2017-2023<\/em>\u00a0[online]. Praha: PA \u010cR, 2021 [cit. 2021-9-8]. Dostupn\u00e9 z: <a href=\"https:\/\/www.polac.cz\/g2\/view.php?o_skole\/veda\/vvc_17.html\">https:\/\/www.polac.cz\/g2\/view.php?o_skole\/veda\/vvc_17.html<\/a><\/p>\n<hr \/>\n<p><a href=\"https:\/\/veda.polac.cz\/?page_id=6769\">Zp\u011bt<\/a><\/p>\n","protected":false},"excerpt":{"rendered":"<p>Resum\u00e9 \u010dl\u00e1nku Komparace pr\u00e1vn\u00ed \u00fapravy a n\u011bkter\u00fdch aspekt\u016f institutu zkou\u0161ek spolehlivosti v\u00a0\u010cesk\u00e9 republice a\u00a0Moldavsk\u00e9 republice plk. Mgr. Libor Grepl, pplk. Mgr. Luk\u00e1\u0161 Koubek, Gener\u00e1ln\u00ed inspekce bezpe\u010dnostn\u00edch sbor\u016f plk. v. v. Mgr. Jan \u010c\u00e1p, Ph.D., Policejn\u00ed akademie \u010cesk\u00e9 republiky v\u00a0Praze, Fakulta bezpe\u010dnostn\u011b pr\u00e1vn\u00ed, katedra kriminalistiky \u010cl\u00e1nek je zam\u011b\u0159en na porovn\u00e1n\u00ed pr\u00e1vn\u00ed \u00fapravy zkou\u0161ek spolehlivosti na \u00fazem\u00ed [&hellip;]<\/p>\n","protected":false},"author":6,"featured_media":0,"parent":0,"menu_order":0,"comment_status":"closed","ping_status":"closed","template":"","meta":{"footnotes":""},"class_list":["post-6775","page","type-page","status-publish","hentry"],"_links":{"self":[{"href":"https:\/\/veda.polac.cz\/index.php?rest_route=\/wp\/v2\/pages\/6775","targetHints":{"allow":["GET"]}}],"collection":[{"href":"https:\/\/veda.polac.cz\/index.php?rest_route=\/wp\/v2\/pages"}],"about":[{"href":"https:\/\/veda.polac.cz\/index.php?rest_route=\/wp\/v2\/types\/page"}],"author":[{"embeddable":true,"href":"https:\/\/veda.polac.cz\/index.php?rest_route=\/wp\/v2\/users\/6"}],"replies":[{"embeddable":true,"href":"https:\/\/veda.polac.cz\/index.php?rest_route=%2Fwp%2Fv2%2Fcomments&post=6775"}],"version-history":[{"count":1,"href":"https:\/\/veda.polac.cz\/index.php?rest_route=\/wp\/v2\/pages\/6775\/revisions"}],"predecessor-version":[{"id":6776,"href":"https:\/\/veda.polac.cz\/index.php?rest_route=\/wp\/v2\/pages\/6775\/revisions\/6776"}],"wp:attachment":[{"href":"https:\/\/veda.polac.cz\/index.php?rest_route=%2Fwp%2Fv2%2Fmedia&parent=6775"}],"curies":[{"name":"wp","href":"https:\/\/api.w.org\/{rel}","templated":true}]}}