{"id":6769,"date":"2022-06-29T11:29:18","date_gmt":"2022-06-29T11:29:18","guid":{"rendered":"https:\/\/veda.polac.cz\/?page_id=6769"},"modified":"2023-03-01T14:23:02","modified_gmt":"2023-03-01T14:23:02","slug":"02-22","status":"publish","type":"page","link":"https:\/\/veda.polac.cz\/?page_id=6769","title":{"rendered":"02\/2022"},"content":{"rendered":"<p><a href=\"https:\/\/veda.polac.cz\/?page_id=6772\"><strong>Pr\u00e1vne aspekty stre\u013eby na unikaj\u00face motorov\u00e9 vozidlo pod\u013ea z\u00e1kona o\u00a0Policajnom zbore<\/strong><\/a><br \/>doc. JUDr. Miriam Odlerov\u00e1, PhD., Akad\u00e9mia Policajn\u00e9ho zboru v\u00a0Bratislave<br \/>katedra spr\u00e1vneho pr\u00e1va<\/p>\n<p><a href=\"https:\/\/veda.polac.cz\/wp-content\/uploads\/2022\/06\/Pravne-aspekty-strelby-na-unikajuce-motorove-vozidlo-podla-zakona-o-Policajnom-zbore.pdf\" target=\"_blank\" rel=\"noopener\">pdf form\u00e1t<\/a><\/p>\n<hr \/>\n<p><a href=\"https:\/\/veda.polac.cz\/?page_id=6775\"><strong>Komparace pr\u00e1vn\u00ed \u00fapravy a n\u011bkter\u00fdch aspekt\u016f institutu zkou\u0161ek spolehlivosti v\u00a0\u010cesk\u00e9 republice a\u00a0Moldavsk\u00e9 republice<\/strong><\/a><br \/>plk. Mgr. Libor Grepl, pplk. Mgr. Luk\u00e1\u0161 Koubek, Gener\u00e1ln\u00ed inspekce bezpe\u010dnostn\u00edch sbor\u016f<br \/>plk. v. v. Mgr. Jan \u010c\u00e1p, Ph.D., Policejn\u00ed akademie \u010cesk\u00e9 republiky v\u00a0Praze, Fakulta bezpe\u010dnostn\u011b pr\u00e1vn\u00ed, katedra kriminalistiky<\/p>\n<p><a href=\"https:\/\/veda.polac.cz\/wp-content\/uploads\/2022\/06\/Komparace-pravni-upravy-a-nekterych-aspektu-institutu-zkousek-spolehlivosti-v-Ceske-republice-a-Moldavske-republice.pdf\" target=\"_blank\" rel=\"noopener\">pdf form\u00e1t<\/a><\/p>\n<hr \/>\n<p><a href=\"https:\/\/veda.polac.cz\/?page_id=6778\"><strong>Uplatn\u011bn\u00ed institutu opat\u0159en\u00ed obecn\u00e9 povahy v\u00a0r\u00e1mci prvn\u00ed vlny \u0161\u00ed\u0159en\u00ed koronaviru v\u00a0\u010cR v\u00a0roce 2020<\/strong><\/a><br \/>Mgr. Patrik Tich\u00e1\u010dek, Policie \u010cR Holice, z\u00e1stupce vedouc\u00edho obvodn\u00edho odd\u011blen\u00ed<br \/>JUDr. Lenka Scheu, Ph.D., Policejn\u00ed akademie \u010cesk\u00e9 republiky v\u00a0Praze<br \/>Fakulta bezpe\u010dnostn\u00edho managementu, katedra ve\u0159ejnopr\u00e1vn\u00edch discipl\u00edn<\/p>\n<p><a href=\"https:\/\/veda.polac.cz\/wp-content\/uploads\/2022\/06\/Uplatneni-institutu-opatreni-obecne-povahy-v-ramci-prvni-vlny-sireni-koronaviru-v-CR-v-roce-2020.pdf\" target=\"_blank\" rel=\"noopener\">pdf form\u00e1t<\/a><\/p>\n<hr \/>\n<p><a href=\"https:\/\/veda.polac.cz\/?page_id=6784\"><strong>Trestn\u00e1 \u010dinnost z\u00a0pohledu institutu mezin\u00e1rodn\u00ed ochrany<\/strong><\/a><br \/>JUDr. Kamil Nedv\u011bdick\u00fd, \u00dastav pro studium totalitn\u00edch re\u017eim\u016f, Policejn\u00ed akademie \u010cesk\u00e9 republiky v\u00a0Praze, student doktorsk\u00e9ho studijn\u00edho programu<\/p>\n<p><a href=\"https:\/\/veda.polac.cz\/wp-content\/uploads\/2022\/06\/Trestna-cinnost-z-pohledu-institutu-mezinarodni-ochrany.pdf\" target=\"_blank\" rel=\"noopener\">pdf form\u00e1t<\/a><\/p>\n<hr \/>\n<p><a href=\"https:\/\/veda.polac.cz\/?page_id=6787\"><strong>Empirick\u00fd v\u00fdzkum v\u00a0oblasti po\u010d\u00edta\u010dov\u00e9 mravnostn\u00ed kriminality<\/strong><\/a><br \/>PhDr. Marek Hejduk, MBA, Policejn\u00ed akademie \u010cesk\u00e9 republiky v Praze<br \/>student doktorsk\u00e9ho studijn\u00edho programu<br \/>Dr. Zden\u011bk Kova\u0159\u00edk, CSc.<\/p>\n<p><a href=\"https:\/\/veda.polac.cz\/wp-content\/uploads\/2022\/06\/Empiricky-vyzkum-v-oblasti-pocitacove-mravnostni-kriminality.pdf\" target=\"_blank\" rel=\"noopener\">pdf form\u00e1t<\/a><\/p>\n<hr \/>\n<p><a href=\"https:\/\/veda.polac.cz\/?page_id=6790\"><strong>Prvn\u00ed vlna pandemie COVID-19 a jej\u00ed dopady na opera\u010dn\u00ed \u0159\u00edzen\u00ed bezpe\u010dnostn\u00edho sboru<\/strong><\/a><br \/>PhDr. Mgr. Miroslav Matou\u0161, Policejn\u00ed akademie \u010cesk\u00e9 republiky v\u00a0Praze, student doktorsk\u00e9ho studijn\u00edho programu<em><br \/><\/em><\/p>\n<p><a href=\"https:\/\/veda.polac.cz\/wp-content\/uploads\/2022\/06\/Prvni-vlna-pandemie-COVID-19-a-jeji-dopady-na-operacni-rizeni-bezpecnostniho-sboru.pdf\" target=\"_blank\" rel=\"noopener\">pdf form\u00e1t<\/a><\/p>\n<hr \/>\n<p><a href=\"https:\/\/veda.polac.cz\/?page_id=6793\"><strong>Finan\u010dn\u00ed management p\u0159i \u0159e\u0161en\u00ed mimo\u0159\u00e1dn\u00fdch ud\u00e1lost\u00ed a krizov\u00fdch situac\u00ed<\/strong><\/a><br \/>Mgr. Radek \u0160ula, Spr\u00e1va st\u00e1tn\u00edch hmotn\u00fdch rezerv, odbor strategie a koordinace<\/p>\n<p><a href=\"https:\/\/veda.polac.cz\/wp-content\/uploads\/2022\/06\/Financni-management-pri-reseni-mimoradnych-udalosti-a-krizovych-situaci.pdf\" target=\"_blank\" rel=\"noopener\">pdf form\u00e1t<\/a><\/p>\n<hr \/>\n<p><em>\u00a0<\/em><\/p>\n\n\n<p><\/p>\n","protected":false},"excerpt":{"rendered":"<p>Pr\u00e1vne aspekty stre\u013eby na unikaj\u00face motorov\u00e9 vozidlo pod\u013ea z\u00e1kona o\u00a0Policajnom zboredoc. JUDr. Miriam Odlerov\u00e1, PhD., Akad\u00e9mia Policajn\u00e9ho zboru v\u00a0Bratislavekatedra spr\u00e1vneho pr\u00e1va pdf form\u00e1t Komparace pr\u00e1vn\u00ed \u00fapravy a n\u011bkter\u00fdch aspekt\u016f institutu zkou\u0161ek spolehlivosti v\u00a0\u010cesk\u00e9 republice a\u00a0Moldavsk\u00e9 republiceplk. Mgr. Libor Grepl, pplk. Mgr. Luk\u00e1\u0161 Koubek, Gener\u00e1ln\u00ed inspekce bezpe\u010dnostn\u00edch sbor\u016fplk. v. v. Mgr. Jan \u010c\u00e1p, Ph.D., Policejn\u00ed akademie [&hellip;]<\/p>\n","protected":false},"author":6,"featured_media":0,"parent":0,"menu_order":0,"comment_status":"closed","ping_status":"closed","template":"","meta":{"footnotes":""},"class_list":["post-6769","page","type-page","status-publish","hentry"],"_links":{"self":[{"href":"https:\/\/veda.polac.cz\/index.php?rest_route=\/wp\/v2\/pages\/6769","targetHints":{"allow":["GET"]}}],"collection":[{"href":"https:\/\/veda.polac.cz\/index.php?rest_route=\/wp\/v2\/pages"}],"about":[{"href":"https:\/\/veda.polac.cz\/index.php?rest_route=\/wp\/v2\/types\/page"}],"author":[{"embeddable":true,"href":"https:\/\/veda.polac.cz\/index.php?rest_route=\/wp\/v2\/users\/6"}],"replies":[{"embeddable":true,"href":"https:\/\/veda.polac.cz\/index.php?rest_route=%2Fwp%2Fv2%2Fcomments&post=6769"}],"version-history":[{"count":14,"href":"https:\/\/veda.polac.cz\/index.php?rest_route=\/wp\/v2\/pages\/6769\/revisions"}],"predecessor-version":[{"id":7013,"href":"https:\/\/veda.polac.cz\/index.php?rest_route=\/wp\/v2\/pages\/6769\/revisions\/7013"}],"wp:attachment":[{"href":"https:\/\/veda.polac.cz\/index.php?rest_route=%2Fwp%2Fv2%2Fmedia&parent=6769"}],"curies":[{"name":"wp","href":"https:\/\/api.w.org\/{rel}","templated":true}]}}