{"id":6753,"date":"2022-04-08T12:46:35","date_gmt":"2022-04-08T12:46:35","guid":{"rendered":"https:\/\/veda.polac.cz\/?page_id=6753"},"modified":"2022-04-08T12:46:35","modified_gmt":"2022-04-08T12:46:35","slug":"6753-2","status":"publish","type":"page","link":"https:\/\/veda.polac.cz\/?page_id=6753&lang=en","title":{"rendered":""},"content":{"rendered":"<p style=\"text-align: center;\">Resume<\/p>\n<p><strong>Securing, Disclosure and Evaluation of Digital Footprints<\/strong><br \/>\n<em>Retired Col. Mgr. Jan \u010c\u00e1p, Ph.D., Police Academy of the Czech Republic in Prague, Faculty of Security and Law, Department of Criminalistics<\/em><br \/>\n<em>Col. Ing. Bc. Luk\u00e1\u0161 Breu, pplk. Mgr. Zden\u011bk Pro\u0161ek, Police of the Czech Republic, National Centre against Organised Crime of the Criminal Police and Investigation Service<\/em><\/p>\n<p>In the context of documenting illegal behaviour, the current nature of police work puts further emphasis on technical and law processing abilities of involved security services that provide access and evaluate digital traces. Those competences were conceptualized by The National Centre against Organised Crime of the Criminal Police and Investigation Service<em>, <\/em>Police of the Czech Republic and are presented in an internal managerial act, which we bring forward to be assessed by the expert community.<\/p>\n<p><strong>Keywords:<\/strong> securing, evaluation of digital footprints, criminal tactics, examination, proof, expert, forensic IT specialist.<\/p>\n<hr \/>\n<p><a href=\"https:\/\/veda.polac.cz\/?page_id=6736&amp;lang=en\">Back<\/a><\/p>\n","protected":false},"excerpt":{"rendered":"<p>Resume Securing, Disclosure and Evaluation of Digital Footprints Retired Col. Mgr. Jan \u010c\u00e1p, Ph.D., Police Academy of the Czech Republic in Prague, Faculty of Security and Law, Department of Criminalistics Col. Ing. Bc. Luk\u00e1\u0161 Breu, pplk. Mgr. Zden\u011bk Pro\u0161ek, Police of the Czech Republic, National Centre against Organised Crime of the Criminal Police and Investigation [&hellip;]<\/p>\n","protected":false},"author":6,"featured_media":0,"parent":0,"menu_order":0,"comment_status":"closed","ping_status":"closed","template":"","meta":{"footnotes":""},"class_list":["post-6753","page","type-page","status-publish","hentry"],"_links":{"self":[{"href":"https:\/\/veda.polac.cz\/index.php?rest_route=\/wp\/v2\/pages\/6753","targetHints":{"allow":["GET"]}}],"collection":[{"href":"https:\/\/veda.polac.cz\/index.php?rest_route=\/wp\/v2\/pages"}],"about":[{"href":"https:\/\/veda.polac.cz\/index.php?rest_route=\/wp\/v2\/types\/page"}],"author":[{"embeddable":true,"href":"https:\/\/veda.polac.cz\/index.php?rest_route=\/wp\/v2\/users\/6"}],"replies":[{"embeddable":true,"href":"https:\/\/veda.polac.cz\/index.php?rest_route=%2Fwp%2Fv2%2Fcomments&post=6753"}],"version-history":[{"count":1,"href":"https:\/\/veda.polac.cz\/index.php?rest_route=\/wp\/v2\/pages\/6753\/revisions"}],"predecessor-version":[{"id":6754,"href":"https:\/\/veda.polac.cz\/index.php?rest_route=\/wp\/v2\/pages\/6753\/revisions\/6754"}],"wp:attachment":[{"href":"https:\/\/veda.polac.cz\/index.php?rest_route=%2Fwp%2Fv2%2Fmedia&parent=6753"}],"curies":[{"name":"wp","href":"https:\/\/api.w.org\/{rel}","templated":true}]}}