{"id":6736,"date":"2022-04-07T16:23:02","date_gmt":"2022-04-07T16:23:02","guid":{"rendered":"https:\/\/veda.polac.cz\/?page_id=6736"},"modified":"2022-04-11T11:03:49","modified_gmt":"2022-04-11T11:03:49","slug":"01-2022-2","status":"publish","type":"page","link":"https:\/\/veda.polac.cz\/?page_id=6736&lang=en","title":{"rendered":"01\/2022"},"content":{"rendered":"<p><a href=\"https:\/\/veda.polac.cz\/?page_id=6739&amp;lang=en\"><strong>Emergency Call Systems in Selected Members States of the European Union<\/strong><\/a><br \/>Mjr. PhDr. Miroslav Matou\u0161, Police Academy of the Czech Republic in Prague<br \/>doctoral student<\/p>\n<p><a href=\"https:\/\/veda.polac.cz\/wp-content\/uploads\/2022\/04\/System-tisnoveho-volani-ve-vybranych-clenskych-statech-Evropske-unie.pdf\" target=\"_blank\" rel=\"noopener\">Download (pdf format)<\/a><\/p>\n<hr \/>\n<p><a href=\"https:\/\/veda.polac.cz\/?page_id=6745&amp;lang=en\"><strong>Changes in Personal Identity in the Mourning Scheme<\/strong><\/a><br \/>PhDr. Jitka Vesel\u00e1, Ph.D., Police Academy of the Czech Republic in Prague, Faculty of Security Management, Department of Social Sciences<\/p>\n<p><a href=\"https:\/\/veda.polac.cz\/wp-content\/uploads\/2022\/04\/Zmeny-osobni-identity-ve-schematu-truchleni.pdf\" target=\"_blank\" rel=\"noopener\">Download (pdf format)<\/a><\/p>\n<hr \/>\n<p><a href=\"https:\/\/veda.polac.cz\/?page_id=6748&amp;lang=en\"><strong>Coronavirus Situation and Functioning of Security Communities<\/strong><\/a><br \/>doc. Ing. Jozef Sabol, DrSc., Police Academy of the Czech Republic in Prague, Faculty of Security Management, Department of Crisis Management<br \/>doc. Mgr. Old\u0159ich Krul\u00edk, Ph.D., Office of the Criminal Police and Investigation Service Department of Central Analytics<\/p>\n<p><a href=\"https:\/\/veda.polac.cz\/wp-content\/uploads\/2022\/04\/Koronavirova-situace-a-fungovani-bezpecnostnich-komunit.pdf\" target=\"_blank\" rel=\"noopener\">Download (pdf format)<\/a><\/p>\n<hr \/>\n<p><a href=\"https:\/\/veda.polac.cz\/?page_id=6750&amp;lang=en\"><strong>Computer Moral Crime \u2013 Cybergrooming<\/strong><\/a><br \/>PhDr. Marek Hejduk, MBA, Police Academy of the Czech Republic in Prague, doctoral student<\/p>\n<p><a href=\"https:\/\/veda.polac.cz\/wp-content\/uploads\/2022\/01\/Pocitacova-mravnostni-kriminalita.pdf\" target=\"_blank\" rel=\"noopener\">Download (pdf format)<\/a><\/p>\n<hr \/>\n<p><a href=\"https:\/\/veda.polac.cz\/?page_id=6753&amp;lang=en\"><strong>S<\/strong><strong>ecuring, <\/strong><strong>Disclosure<\/strong> <strong>and<\/strong> <strong>Evaluation<\/strong> <strong>of<\/strong> <strong>Digital Footprints<\/strong><\/a><br \/>Retired Col. Mgr. Jan \u010c\u00e1p, Ph.D., Police Academy of the Czech Republic in Prague, Faculty of Security and Law, Department of Criminalistics<br \/>Col. Ing. Bc. Luk\u00e1\u0161 Breu, pplk. Mgr. Zden\u011bk Pro\u0161ek, Police of the Czech Republic, National Centre against Organised Crime of the Criminal Police and Investigation Service<\/p>\n<p><a href=\"https:\/\/veda.polac.cz\/wp-content\/uploads\/2022\/04\/Zajistovani-zpristupnovani-a-vyhodnocovani-digitalnich-stop.pdf\" target=\"_blank\" rel=\"noopener\">Download (pdf format)<\/a><\/p>\n<hr \/>\n<p><a href=\"https:\/\/veda.polac.cz\/?page_id=6755&amp;lang=en\"><strong>The Power of a Member of the Police Force to Expel a Person From a Shared Household in the Context of the Slovak Republic<\/strong><\/a><br \/>pplk. doc. JUDr. Mgr. Janka Ha\u0161anov\u00e1, PhD., Academy of the Police Force in Bratislava, Department of Administrative Law<br \/>Bc. Peter Melich\u00e1r, District Directorate of the Police Force in Malacky<\/p>\n<p><a href=\"https:\/\/veda.polac.cz\/wp-content\/uploads\/2022\/04\/Opravnenie-prislusnika-Policajneho-zboru-vykazat-zo-spolocneho-obydlia-v-podmienkach-Slovenskej-republiky.pdf\" target=\"_blank\" rel=\"noopener\">Download (pdf format)<\/a><\/p>\n<hr \/>\n<p><a href=\"https:\/\/veda.polac.cz\/?page_id=6757&amp;lang=en\"><strong>Use of Modus Operandi and Signature of Perpetrator For Psychological Analysis of the Case in Investigating Sexual Violence Against Adult Female Victims<\/strong><\/a><br \/>PhDr. Tom\u00e1\u0161 Nahodil, Police Academy of the Czech Republic in Prague<br \/>doctoral student<\/p>\n<p><a href=\"https:\/\/veda.polac.cz\/wp-content\/uploads\/2022\/04\/Vyuziti-modu-operandi-a-signatury-pachatele-k-psychologicke-analyze-pripadu-pri-vysetrovani-sexualniho-nasili-pachaneho-na-dospelych-zenskych-obetech.pdf\" target=\"_blank\" rel=\"noopener\">Download (pdf format)<\/a><\/p>\n<hr \/>\n\n\n<p><\/p>\n","protected":false},"excerpt":{"rendered":"<p>Emergency Call Systems in Selected Members States of the European UnionMjr. PhDr. Miroslav Matou\u0161, Police Academy of the Czech Republic in Praguedoctoral student Download (pdf format) Changes in Personal Identity in the Mourning SchemePhDr. Jitka Vesel\u00e1, Ph.D., Police Academy of the Czech Republic in Prague, Faculty of Security Management, Department of Social Sciences Download (pdf [&hellip;]<\/p>\n","protected":false},"author":6,"featured_media":0,"parent":0,"menu_order":0,"comment_status":"closed","ping_status":"closed","template":"","meta":{"footnotes":""},"class_list":["post-6736","page","type-page","status-publish","hentry"],"_links":{"self":[{"href":"https:\/\/veda.polac.cz\/index.php?rest_route=\/wp\/v2\/pages\/6736","targetHints":{"allow":["GET"]}}],"collection":[{"href":"https:\/\/veda.polac.cz\/index.php?rest_route=\/wp\/v2\/pages"}],"about":[{"href":"https:\/\/veda.polac.cz\/index.php?rest_route=\/wp\/v2\/types\/page"}],"author":[{"embeddable":true,"href":"https:\/\/veda.polac.cz\/index.php?rest_route=\/wp\/v2\/users\/6"}],"replies":[{"embeddable":true,"href":"https:\/\/veda.polac.cz\/index.php?rest_route=%2Fwp%2Fv2%2Fcomments&post=6736"}],"version-history":[{"count":6,"href":"https:\/\/veda.polac.cz\/index.php?rest_route=\/wp\/v2\/pages\/6736\/revisions"}],"predecessor-version":[{"id":6761,"href":"https:\/\/veda.polac.cz\/index.php?rest_route=\/wp\/v2\/pages\/6736\/revisions\/6761"}],"wp:attachment":[{"href":"https:\/\/veda.polac.cz\/index.php?rest_route=%2Fwp%2Fv2%2Fmedia&parent=6736"}],"curies":[{"name":"wp","href":"https:\/\/api.w.org\/{rel}","templated":true}]}}