{"id":6723,"date":"2022-04-05T11:45:28","date_gmt":"2022-04-05T11:45:28","guid":{"rendered":"https:\/\/veda.polac.cz\/?page_id=6723"},"modified":"2022-04-05T11:45:28","modified_gmt":"2022-04-05T11:45:28","slug":"6723-2","status":"publish","type":"page","link":"https:\/\/veda.polac.cz\/?page_id=6723","title":{"rendered":""},"content":{"rendered":"<p style=\"text-align: center;\">Resum\u00e9 \u010dl\u00e1nku<\/p>\n<p><strong>Vyu\u017eit\u00ed modu operandi a signatury pachatele k\u00a0psychologick\u00e9 anal\u00fdze p\u0159\u00edpadu p\u0159i vy\u0161et\u0159ov\u00e1n\u00ed sexu\u00e1ln\u00edho n\u00e1sil\u00ed, p\u00e1chan\u00e9ho na dosp\u011bl\u00fdch \u017eensk\u00fdch ob\u011btech<\/strong><\/p>\n<p><em>PhDr. Tom\u00e1\u0161 Nahodil, Policejn\u00ed akademie \u010cesk\u00e9 republiky v\u00a0Praze, student doktorsk\u00e9ho studijn\u00edho programu<\/p>\n<p><\/em>P\u0159edkl\u00e1dan\u00fd p\u0159\u00edsp\u011bvek je zam\u011b\u0159en na p\u0159edstaven\u00ed mo\u017enost\u00ed vyu\u017eit\u00ed zp\u016fsobu sp\u00e1ch\u00e1n\u00ed trestn\u00e9ho \u010dinu a signatury pachatele k psychologick\u00e9 anal\u00fdze p\u0159\u00edpadu p\u0159i vy\u0161et\u0159ov\u00e1n\u00ed sexu\u00e1ln\u00edho n\u00e1sil\u00ed, p\u00e1chan\u00e9ho na dosp\u011bl\u00fdch \u017eensk\u00fdch ob\u011btech. \u010cl\u00e1nek vymezuje n\u011bkter\u00e9 typick\u00e9 charakteristiky zp\u016fsobu sp\u00e1ch\u00e1n\u00ed sexu\u00e1ln\u00edho \u00fatoku a typick\u00e9 zp\u016fsoby chov\u00e1n\u00ed pachatele v jednotliv\u00fdch etap\u00e1ch p\u00e1ch\u00e1n\u00ed trestn\u00e9ho \u010dinu. Je tak obsa\u017een v\u00fdklad o typick\u00fdch zp\u016fsobech vyhled\u00e1v\u00e1n\u00ed a v\u00fdb\u011bru ob\u011bti, v\u010detn\u011b jej\u00edho p\u0159\u00edpadn\u00e9ho sledov\u00e1n\u00ed, s n\u00e1vazn\u00fdmi typick\u00fdmi zp\u016fsoby p\u0159ibl\u00ed\u017een\u00ed pachatele k ob\u011bti a jej\u00edho napaden\u00ed. Pops\u00e1ny jsou d\u00e1le mo\u017enosti zaji\u0161t\u011bn\u00ed a udr\u017eov\u00e1n\u00ed kontroly pachatele nad ob\u011bt\u00ed a charakteristick\u00e9 zp\u016fsoby chov\u00e1n\u00ed pachatele b\u011bhem \u00fatoku. Pozornost je p\u0159itom v\u011bnov\u00e1na chov\u00e1n\u00ed verb\u00e1ln\u00edmu, fyzick\u00e9mu i sexu\u00e1ln\u00edmu. P\u0159edkl\u00e1dan\u00fd text d\u00e1le popisuje i zp\u016fsoby mo\u017en\u00e9ho ukon\u010den\u00ed \u00fatoku a nakl\u00e1d\u00e1n\u00ed s t\u011blem ob\u011bti, v\u010detn\u011b typick\u00fdch n\u00e1sledn\u00fdch aktivit pachatele a p\u0159\u00eddatn\u00fdch delikt\u016f. Na takto proveden\u00fd v\u00fdklad o typick\u00fdch zp\u016fsobech p\u00e1ch\u00e1n\u00ed sexu\u00e1ln\u00edho \u00fatoku pak navazuje pas\u00e1\u017e, v\u011bnuj\u00edc\u00ed pozornost postupu psychologick\u00e9 anal\u00fdzy p\u0159\u00edpadu a tvorby psychologick\u00e9ho profilu pachatele.<\/p>\n<p><strong>Kl\u00ed\u010dov\u00e1 slova:<\/strong> sexu\u00e1ln\u00ed n\u00e1sil\u00ed, modus operandi, signatura, psychologick\u00e1 anal\u00fdza p\u0159\u00edpadu, psychologick\u00e9 profilov\u00e1n\u00ed, geografick\u00e9 profilov\u00e1n\u00ed.<\/p>\n<hr \/>\n<p><a href=\"https:\/\/veda.polac.cz\/?page_id=6694\">Zp\u011bt<\/a><\/p>\n","protected":false},"excerpt":{"rendered":"<p>Resum\u00e9 \u010dl\u00e1nku Vyu\u017eit\u00ed modu operandi a signatury pachatele k\u00a0psychologick\u00e9 anal\u00fdze p\u0159\u00edpadu p\u0159i vy\u0161et\u0159ov\u00e1n\u00ed sexu\u00e1ln\u00edho n\u00e1sil\u00ed, p\u00e1chan\u00e9ho na dosp\u011bl\u00fdch \u017eensk\u00fdch ob\u011btech PhDr. Tom\u00e1\u0161 Nahodil, Policejn\u00ed akademie \u010cesk\u00e9 republiky v\u00a0Praze, student doktorsk\u00e9ho studijn\u00edho programu P\u0159edkl\u00e1dan\u00fd p\u0159\u00edsp\u011bvek je zam\u011b\u0159en na p\u0159edstaven\u00ed mo\u017enost\u00ed vyu\u017eit\u00ed zp\u016fsobu sp\u00e1ch\u00e1n\u00ed trestn\u00e9ho \u010dinu a signatury pachatele k psychologick\u00e9 anal\u00fdze p\u0159\u00edpadu p\u0159i vy\u0161et\u0159ov\u00e1n\u00ed sexu\u00e1ln\u00edho n\u00e1sil\u00ed, [&hellip;]<\/p>\n","protected":false},"author":6,"featured_media":0,"parent":0,"menu_order":0,"comment_status":"closed","ping_status":"closed","template":"","meta":{"footnotes":""},"class_list":["post-6723","page","type-page","status-publish","hentry"],"_links":{"self":[{"href":"https:\/\/veda.polac.cz\/index.php?rest_route=\/wp\/v2\/pages\/6723","targetHints":{"allow":["GET"]}}],"collection":[{"href":"https:\/\/veda.polac.cz\/index.php?rest_route=\/wp\/v2\/pages"}],"about":[{"href":"https:\/\/veda.polac.cz\/index.php?rest_route=\/wp\/v2\/types\/page"}],"author":[{"embeddable":true,"href":"https:\/\/veda.polac.cz\/index.php?rest_route=\/wp\/v2\/users\/6"}],"replies":[{"embeddable":true,"href":"https:\/\/veda.polac.cz\/index.php?rest_route=%2Fwp%2Fv2%2Fcomments&post=6723"}],"version-history":[{"count":1,"href":"https:\/\/veda.polac.cz\/index.php?rest_route=\/wp\/v2\/pages\/6723\/revisions"}],"predecessor-version":[{"id":6724,"href":"https:\/\/veda.polac.cz\/index.php?rest_route=\/wp\/v2\/pages\/6723\/revisions\/6724"}],"wp:attachment":[{"href":"https:\/\/veda.polac.cz\/index.php?rest_route=%2Fwp%2Fv2%2Fmedia&parent=6723"}],"curies":[{"name":"wp","href":"https:\/\/api.w.org\/{rel}","templated":true}]}}