{"id":6719,"date":"2022-04-05T11:41:47","date_gmt":"2022-04-05T11:41:47","guid":{"rendered":"https:\/\/veda.polac.cz\/?page_id=6719"},"modified":"2022-04-05T11:42:35","modified_gmt":"2022-04-05T11:42:35","slug":"6719-2","status":"publish","type":"page","link":"https:\/\/veda.polac.cz\/?page_id=6719","title":{"rendered":""},"content":{"rendered":"<p style=\"text-align: center;\">Resum\u00e9 \u010dl\u00e1nku<\/p>\n<p><strong>Opr\u00e1vnenie pr\u00edslu\u0161n\u00edka Policajn\u00e9ho zboru vyk\u00e1za\u0165 zo spolo\u010dn\u00e9ho obydlia v\u00a0podmienkach Slovenskej republiky<\/strong><br \/><br \/><em>pplk. doc. JUDr. Mgr. Janka Ha\u0161anov\u00e1, PhD., Akad\u00e9mia Policajn\u00e9ho zboru v\u00a0Bratislave, katedra spr\u00e1vneho pr\u00e1va<\/em><br \/><br \/><em>Bc. Peter Melich\u00e1r, Okresn\u00e9 riadite\u013estvo Policajn\u00e9ho zboru v\u00a0Malack\u00e1ch<\/em><br \/><br \/>Pr\u00edspevok sa venuje slu\u017eobn\u00fdm z\u00e1krokom pr\u00edslu\u0161n\u00edka Policajn\u00e9ho zboru v\u00a0pr\u00edpadoch dom\u00e1ceho n\u00e1silia s d\u00f4razom na dodr\u017eiavanie z\u00e1sady primeranosti pri vykon\u00e1van\u00ed jednotliv\u00fdch slu\u017eobn\u00fdch z\u00e1krokov proti osob\u00e1m vyk\u00e1zan\u00fdm zo spolo\u010dn\u00e9ho obydlia. Prin\u00e1\u0161a preh\u013ead o\u00a0 pr\u00e1vnej \u00faprave v\u00a0tejto oblasti, poukazuje na postup pr\u00edslu\u0161n\u00edka Policajn\u00e9ho zboru v\u00a0pr\u00edpade rie\u0161enia dom\u00e1ceho n\u00e1silia tak, aby bol v\u00a0striktnom s\u00falade s\u00a0pr\u00e1vnymi a\u00a0intern\u00fdmi predpismi, a aby bola zachovan\u00e1 z\u00e1sada primeranosti vykonania slu\u017eobn\u00fdch z\u00e1krokov.<br \/><br \/><strong>K\u013e\u00fa\u010dov\u00e9 slov\u00e1: <\/strong>dom\u00e1ce n\u00e1silie, slu\u017eobn\u00fd z\u00e1krok, z\u00e1kon o\u00a0Policajnom zbore, vyk\u00e1zanie zo spolo\u010dn\u00e9ho obydlia.<\/p>\n<hr \/>\n<p><a href=\"https:\/\/veda.polac.cz\/?page_id=6694\">Zp\u011bt<\/a><\/p>\n\n\n<p><\/p>\n","protected":false},"excerpt":{"rendered":"<p>Resum\u00e9 \u010dl\u00e1nku Opr\u00e1vnenie pr\u00edslu\u0161n\u00edka Policajn\u00e9ho zboru vyk\u00e1za\u0165 zo spolo\u010dn\u00e9ho obydlia v\u00a0podmienkach Slovenskej republiky pplk. doc. JUDr. Mgr. Janka Ha\u0161anov\u00e1, PhD., Akad\u00e9mia Policajn\u00e9ho zboru v\u00a0Bratislave, katedra spr\u00e1vneho pr\u00e1va Bc. Peter Melich\u00e1r, Okresn\u00e9 riadite\u013estvo Policajn\u00e9ho zboru v\u00a0Malack\u00e1ch Pr\u00edspevok sa venuje slu\u017eobn\u00fdm z\u00e1krokom pr\u00edslu\u0161n\u00edka Policajn\u00e9ho zboru v\u00a0pr\u00edpadoch dom\u00e1ceho n\u00e1silia s d\u00f4razom na dodr\u017eiavanie z\u00e1sady primeranosti pri vykon\u00e1van\u00ed jednotliv\u00fdch [&hellip;]<\/p>\n","protected":false},"author":6,"featured_media":0,"parent":0,"menu_order":0,"comment_status":"closed","ping_status":"closed","template":"","meta":{"footnotes":""},"class_list":["post-6719","page","type-page","status-publish","hentry"],"_links":{"self":[{"href":"https:\/\/veda.polac.cz\/index.php?rest_route=\/wp\/v2\/pages\/6719","targetHints":{"allow":["GET"]}}],"collection":[{"href":"https:\/\/veda.polac.cz\/index.php?rest_route=\/wp\/v2\/pages"}],"about":[{"href":"https:\/\/veda.polac.cz\/index.php?rest_route=\/wp\/v2\/types\/page"}],"author":[{"embeddable":true,"href":"https:\/\/veda.polac.cz\/index.php?rest_route=\/wp\/v2\/users\/6"}],"replies":[{"embeddable":true,"href":"https:\/\/veda.polac.cz\/index.php?rest_route=%2Fwp%2Fv2%2Fcomments&post=6719"}],"version-history":[{"count":2,"href":"https:\/\/veda.polac.cz\/index.php?rest_route=\/wp\/v2\/pages\/6719\/revisions"}],"predecessor-version":[{"id":6722,"href":"https:\/\/veda.polac.cz\/index.php?rest_route=\/wp\/v2\/pages\/6719\/revisions\/6722"}],"wp:attachment":[{"href":"https:\/\/veda.polac.cz\/index.php?rest_route=%2Fwp%2Fv2%2Fmedia&parent=6719"}],"curies":[{"name":"wp","href":"https:\/\/api.w.org\/{rel}","templated":true}]}}