{"id":6707,"date":"2022-04-05T11:24:38","date_gmt":"2022-04-05T11:24:38","guid":{"rendered":"https:\/\/veda.polac.cz\/?page_id=6707"},"modified":"2022-04-05T11:24:39","modified_gmt":"2022-04-05T11:24:39","slug":"6707-2","status":"publish","type":"page","link":"https:\/\/veda.polac.cz\/?page_id=6707","title":{"rendered":""},"content":{"rendered":"<p style=\"text-align: center;\">Resum\u00e9 \u010dl\u00e1nku<\/p>\n<p><strong>Koronavirov\u00e1 situace a fungov\u00e1n\u00ed bezpe\u010dnostn\u00edch komunit<\/strong><br \/><br \/><em>doc. Ing. Jozef Sabol, DrSc., Policejn\u00ed akademie \u010cesk\u00e9 republiky v\u00a0Praze, Fakulta bezpe\u010dnostn\u00edho managementu, katedra krizov\u00e9ho \u0159\u00edzen\u00ed<\/em><br \/><br \/><em>doc. Mgr. Old\u0159ich Krul\u00edk, Ph.D., \u00da\u0159ad slu\u017eby krimin\u00e1ln\u00ed policie a vy\u0161et\u0159ov\u00e1n\u00ed, Odbor centr\u00e1ln\u00ed analytiky<\/em><br \/><br \/>Studie si klade za c\u00edl indikativn\u011b popsat predikci dopad\u016f aktu\u00e1ln\u00ed z\u00e1t\u011b\u017eov\u00e9 situace, souvisej\u00edc\u00ed s\u00a0covid-19 na fungov\u00e1n\u00ed bezpe\u010dnostn\u00edch syst\u00e9m\u016f a mechanism\u016f n\u011bkter\u00fdch zem\u00ed sv\u011bta \u2013 v\u010detn\u011b inspirace pro \u010ceskou republiku. T\u00e9ma je jak obsahem ur\u010dit\u00fdch impaktovan\u00fdch studi\u00ed, tak strategick\u00fdch dokument\u016f (v oblasti ochrany obyvatelstva). Ji\u017e nyn\u00ed vznikaj\u00ed sekund\u00e1rn\u00ed v\u00fdstupy, sna\u017e\u00edc\u00ed se navrhovat doporu\u010den\u00e9 postupy, jak\u00fdmi m\u016f\u017ee bezpe\u010dnostn\u00ed komunita reagovat na zm\u011bn\u011bnou a st\u00e1le obt\u00ed\u017en\u011b p\u0159edv\u00eddatelnou situaci (v\u010detn\u011b reakce na vyhrocen\u00e9 projevy extremismu, terorismu \u010di jakkoli motivovan\u00e9 p\u0159\u00edpady zneu\u017eit\u00ed CBRN l\u00e1tek).<br \/><br \/><strong>Kl\u00ed\u010dov\u00e1 slova: <\/strong>Vysoce naka\u017eliv\u00e9 nemoci, radikalizace, terorismus, n\u00e1siln\u00fd extremismus, protiopat\u0159en\u00ed, prevence, reakce, bezpe\u010dnostn\u00ed syst\u00e9m.<\/p>\n<hr \/>\n<p><a href=\"https:\/\/veda.polac.cz\/?page_id=6694\">Zp\u011bt<\/a><\/p>\n\n\n<p><\/p>\n","protected":false},"excerpt":{"rendered":"<p>Resum\u00e9 \u010dl\u00e1nku Koronavirov\u00e1 situace a fungov\u00e1n\u00ed bezpe\u010dnostn\u00edch komunit doc. Ing. Jozef Sabol, DrSc., Policejn\u00ed akademie \u010cesk\u00e9 republiky v\u00a0Praze, Fakulta bezpe\u010dnostn\u00edho managementu, katedra krizov\u00e9ho \u0159\u00edzen\u00ed doc. Mgr. Old\u0159ich Krul\u00edk, Ph.D., \u00da\u0159ad slu\u017eby krimin\u00e1ln\u00ed policie a vy\u0161et\u0159ov\u00e1n\u00ed, Odbor centr\u00e1ln\u00ed analytiky Studie si klade za c\u00edl indikativn\u011b popsat predikci dopad\u016f aktu\u00e1ln\u00ed z\u00e1t\u011b\u017eov\u00e9 situace, souvisej\u00edc\u00ed s\u00a0covid-19 na fungov\u00e1n\u00ed bezpe\u010dnostn\u00edch [&hellip;]<\/p>\n","protected":false},"author":6,"featured_media":0,"parent":0,"menu_order":0,"comment_status":"closed","ping_status":"closed","template":"","meta":{"footnotes":""},"class_list":["post-6707","page","type-page","status-publish","hentry"],"_links":{"self":[{"href":"https:\/\/veda.polac.cz\/index.php?rest_route=\/wp\/v2\/pages\/6707","targetHints":{"allow":["GET"]}}],"collection":[{"href":"https:\/\/veda.polac.cz\/index.php?rest_route=\/wp\/v2\/pages"}],"about":[{"href":"https:\/\/veda.polac.cz\/index.php?rest_route=\/wp\/v2\/types\/page"}],"author":[{"embeddable":true,"href":"https:\/\/veda.polac.cz\/index.php?rest_route=\/wp\/v2\/users\/6"}],"replies":[{"embeddable":true,"href":"https:\/\/veda.polac.cz\/index.php?rest_route=%2Fwp%2Fv2%2Fcomments&post=6707"}],"version-history":[{"count":1,"href":"https:\/\/veda.polac.cz\/index.php?rest_route=\/wp\/v2\/pages\/6707\/revisions"}],"predecessor-version":[{"id":6708,"href":"https:\/\/veda.polac.cz\/index.php?rest_route=\/wp\/v2\/pages\/6707\/revisions\/6708"}],"wp:attachment":[{"href":"https:\/\/veda.polac.cz\/index.php?rest_route=%2Fwp%2Fv2%2Fmedia&parent=6707"}],"curies":[{"name":"wp","href":"https:\/\/api.w.org\/{rel}","templated":true}]}}