{"id":6703,"date":"2022-04-05T11:17:53","date_gmt":"2022-04-05T11:17:53","guid":{"rendered":"https:\/\/veda.polac.cz\/?page_id=6703"},"modified":"2022-04-05T11:21:30","modified_gmt":"2022-04-05T11:21:30","slug":"6703-2","status":"publish","type":"page","link":"https:\/\/veda.polac.cz\/?page_id=6703","title":{"rendered":""},"content":{"rendered":"<p style=\"text-align: center;\">Resum\u00e9 \u010dl\u00e1nku<\/p>\n<p><strong>Zm\u011bny osobn\u00ed identity ve sch\u00e9matu truchlen\u00ed<\/strong><\/p>\n<p><em>PhDr. Jitka Vesel\u00e1, Ph.D., Policejn\u00ed akademie \u010cesk\u00e9 republiky v\u00a0Praze, Fakulta bezpe\u010dnostn\u00edho managementu, katedra spole\u010densk\u00fdch v\u011bd<\/em><\/p>\n<p>Sta\u0165 se zab\u00fdv\u00e1 problematikou zm\u011bny identity osobnosti v\u00a0kontextu procesu truchlen\u00ed. Na rozd\u00edl od b\u011b\u017en\u011b poj\u00edman\u00e9ho truchlen\u00ed ve spojen\u00ed s\u00a0klasicky poj\u00edman\u00fdm \u00famrt\u00edm \u010dlov\u011bka, je zde problematika (sch\u00e9ma) truchlen\u00ed aplikov\u00e1na na sedm specifick\u00fdch situac\u00ed v\u00a0\u017eivot\u011b \u010dlov\u011bka, p\u0159i jejich\u017e zvl\u00e1d\u00e1n\u00ed rovn\u011b\u017e doch\u00e1z\u00ed ke korekci \u010di\u00a0vnit\u0159n\u00ed zm\u011bn\u011b identity. Konkr\u00e9tn\u011b se jedn\u00e1 o ztr\u00e1tu nenarozen\u00e9ho d\u00edt\u011bte, n\u00e1hradn\u00ed mate\u0159stv\u00ed, transsexu\u00e1ln\u00ed d\u011bti, nemoc (demence) partnera, rozchod s\u00a0partnerem, zm\u011bnu profesn\u00ed role a ob\u011b\u0165 trestn\u00e9ho \u010dinu.<\/p>\n<p><strong>Kl\u00ed\u010dov\u00e1 slova: <\/strong>identita, truchlen\u00ed, ztr\u00e1ta, mate\u0159stv\u00ed, partner, profesn\u00ed role, ob\u011b\u0165.<\/p>\n<hr \/>\n<p><a href=\"https:\/\/veda.polac.cz\/?page_id=6694\">Zp\u011bt<\/a><\/p>\n","protected":false},"excerpt":{"rendered":"<p>Resum\u00e9 \u010dl\u00e1nku Zm\u011bny osobn\u00ed identity ve sch\u00e9matu truchlen\u00ed PhDr. Jitka Vesel\u00e1, Ph.D., Policejn\u00ed akademie \u010cesk\u00e9 republiky v\u00a0Praze, Fakulta bezpe\u010dnostn\u00edho managementu, katedra spole\u010densk\u00fdch v\u011bd Sta\u0165 se zab\u00fdv\u00e1 problematikou zm\u011bny identity osobnosti v\u00a0kontextu procesu truchlen\u00ed. Na rozd\u00edl od b\u011b\u017en\u011b poj\u00edman\u00e9ho truchlen\u00ed ve spojen\u00ed s\u00a0klasicky poj\u00edman\u00fdm \u00famrt\u00edm \u010dlov\u011bka, je zde problematika (sch\u00e9ma) truchlen\u00ed aplikov\u00e1na na sedm specifick\u00fdch situac\u00ed [&hellip;]<\/p>\n","protected":false},"author":6,"featured_media":0,"parent":0,"menu_order":0,"comment_status":"closed","ping_status":"closed","template":"","meta":{"footnotes":""},"class_list":["post-6703","page","type-page","status-publish","hentry"],"_links":{"self":[{"href":"https:\/\/veda.polac.cz\/index.php?rest_route=\/wp\/v2\/pages\/6703","targetHints":{"allow":["GET"]}}],"collection":[{"href":"https:\/\/veda.polac.cz\/index.php?rest_route=\/wp\/v2\/pages"}],"about":[{"href":"https:\/\/veda.polac.cz\/index.php?rest_route=\/wp\/v2\/types\/page"}],"author":[{"embeddable":true,"href":"https:\/\/veda.polac.cz\/index.php?rest_route=\/wp\/v2\/users\/6"}],"replies":[{"embeddable":true,"href":"https:\/\/veda.polac.cz\/index.php?rest_route=%2Fwp%2Fv2%2Fcomments&post=6703"}],"version-history":[{"count":2,"href":"https:\/\/veda.polac.cz\/index.php?rest_route=\/wp\/v2\/pages\/6703\/revisions"}],"predecessor-version":[{"id":6706,"href":"https:\/\/veda.polac.cz\/index.php?rest_route=\/wp\/v2\/pages\/6703\/revisions\/6706"}],"wp:attachment":[{"href":"https:\/\/veda.polac.cz\/index.php?rest_route=%2Fwp%2Fv2%2Fmedia&parent=6703"}],"curies":[{"name":"wp","href":"https:\/\/api.w.org\/{rel}","templated":true}]}}